{"id":2163,"date":"2019-12-10T19:35:24","date_gmt":"2019-12-10T19:35:24","guid":{"rendered":"https:\/\/amz.luba.de\/index.php\/product\/hawos-getreidemuhle-oktagon-1\/"},"modified":"2023-09-26T06:51:19","modified_gmt":"2023-09-26T06:51:19","slug":"hawos-getreidemuhle-oktagon-1","status":"publish","type":"product","link":"https:\/\/ebay.luba.de\/index.php\/product\/hawos-getreidemuhle-oktagon-1\/","title":{"rendered":"Hawos Getreidem\u00fchle Oktagon 1 \/ 2 360-600W Kornm\u00fchle"},"content":{"rendered":"<div id=\"row-1352936889\" class=\"row\">\n<div id=\"col-2007521703\" class=\"col medium-8 small-12 large-8\">\n<div class=\"col-inner\">\n<h2>hawos Oktagon Getreidem\u00fchle<\/h2>\n<p>\u201eHier passt alles zusammen\u201c. Von innen und au\u00dfen: Die leichte Handhabung, das stufenlos einstellbare Mahlwerk, extrem harte Mahlsteine und ein starker 360\/600-Watt-Motor sowie auch die Einstell-Skala aus massivem Messing. Unser \u201eOktagon\u201c Modell punktet mit starker Leistung und Topp Ergebnissen beim Mahlen von Getreide und Gew\u00fcrzen. Selbst bei feiner Einstellung ist das Mahlger\u00e4usch noch angenehm. Mit einem Corpus aus massivem, ged\u00e4mpften Buchenholz ist sie ein Schmuckst\u00fcck in handwerklicher Perfektion f\u00fcr jede K\u00fcche. Mit ihren acht Ecken ist das Modell Oktagon ein echter Hingucker: sch\u00f6n und gut!<\/p>\n<div class=\"product-short-description\">\n<p>hawos Oktagon ist ein Gl\u00fccksfall im harmonischen Zusammenklang von\u00a0Design, Natur und handwerklicher Perfektion, denn hawos Oktagon hat ein\u00a0optisches Geheimnis: Aus jedem Blickwinkel pr\u00e4sentiert sich die Oktagon\u00a0wieder neu, stets beleben Licht und Schatten auf drei oder vier sichtbaren\u00a0Seiten die Holzzeichnungen, mal hell leuchtend, daneben schattig-samtig;\u00a0mal Holzstruktur im Vordergrund, mal verschwindende vibrierende Linien\u00a0seitlich \u2013 je nach Lichteinfall.<\/p>\n<\/div>\n<div id=\"row-719911418\" class=\"row\">\n<div id=\"col-735987809\" class=\"col medium-4 small-12 large-4\">\n<div class=\"col-inner\">\n<div id=\"image_639295923\" class=\"img has-hover x md-x lg-x y md-y lg-y\">\n<div class=\"img-inner dark\"><img loading=\"lazy\" decoding=\"async\" class=\"attachment-large \" src=\"https:\/\/hawos.de\/wp-content\/uploads\/2007\/07\/hawos_oktagon1.jpg\" sizes=\"auto, (max-width: 500px) 100vw, 500px\" srcset=\"https:\/\/hawos.de\/wp-content\/uploads\/2007\/07\/hawos_oktagon1.jpg 500w, https:\/\/hawos.de\/wp-content\/uploads\/2007\/07\/hawos_oktagon1-400x218.jpg 400w\" alt=\"\" width=\"250\" height=\"136\" \/><\/div>\n<\/div>\n<\/div>\n<\/div>\n<div id=\"col-1120220133\" class=\"col medium-8 small-12 large-8\">\n<div class=\"col-inner\">\n<p>Oktagon 1 wurde Testsieger im Getreidem\u00fchlen-Test der Zeitschrift \u201eTestmagazin\u201c*. Warum mit weniger zufrieden sein?<\/p>\n<\/div>\n<\/div>\n<\/div>\n<\/div>\n<\/div>\n<div id=\"col-935996652\" class=\"col medium-4 small-12 large-4\">\n<div class=\"col-inner\">\n<div id=\"image_1228229755\" class=\"img has-hover x md-x lg-x y md-y lg-y\">\n<div class=\"img-inner dark\"><img loading=\"lazy\" decoding=\"async\" class=\"attachment-large size-large\" src=\"https:\/\/hawos.de\/wp-content\/uploads\/2009\/12\/oktagon-schnitt-502x800.jpg\" sizes=\"auto, (max-width: 502px) 100vw, 502px\" srcset=\"https:\/\/hawos.de\/wp-content\/uploads\/2009\/12\/oktagon-schnitt-502x800.jpg 502w, https:\/\/hawos.de\/wp-content\/uploads\/2009\/12\/oktagon-schnitt-251x400.jpg 251w, https:\/\/hawos.de\/wp-content\/uploads\/2009\/12\/oktagon-schnitt-768x1224.jpg 768w, https:\/\/hawos.de\/wp-content\/uploads\/2009\/12\/oktagon-schnitt-400x637.jpg 400w, https:\/\/hawos.de\/wp-content\/uploads\/2009\/12\/oktagon-schnitt-510x813.jpg 510w, https:\/\/hawos.de\/wp-content\/uploads\/2009\/12\/oktagon-schnitt.jpg 1004w\" alt=\"\" width=\"502\" height=\"800\" \/><\/div>\n<\/div>\n<\/div>\n<\/div>\n<\/div>\n<div id=\"row-2025508011\" class=\"row\">\n<div id=\"col-1511259191\" class=\"col medium-8 small-12 large-8\">\n<div class=\"col-inner\">\n<h3><strong>Die \u201cinneren Werte\u201d in hawos-Qualit\u00e4t<\/strong><\/h3>\n<div>\n<div>\n<table cellpadding=\"2\">\n<tbody>\n<tr>\n<td><\/td>\n<td><strong>Oktagon 1<\/strong><\/td>\n<td><strong>Oktagon 2<\/strong><\/td>\n<\/tr>\n<tr>\n<td><strong>Geh\u00e4use<\/strong><\/td>\n<td colspan=\"2\">Buche Vollholz (ged\u00e4mpft)<\/td>\n<\/tr>\n<tr>\n<td><strong>Mahlleistung (Weizen)<\/strong><br \/>\n<strong>\u2013 fein<\/strong><br \/>\n<strong>\u2013 grob<\/strong><\/td>\n<td>ca. 125 g\/min<br \/>\nca. 250-300 g\/min<\/td>\n<td>ca. 220 g\/min<br \/>\nca. 400-500 g\/min<\/td>\n<\/tr>\n<tr>\n<td><strong>Trichterf\u00fcllmenge (Weizen)<\/strong><\/td>\n<td>ca. 1100 g<\/td>\n<td>ca. 1100 g<\/td>\n<\/tr>\n<tr>\n<td><strong>Mahlstein \u00f8 (Korund Keramik Steine)<\/strong><\/td>\n<td colspan=\"2\">100 mm<\/td>\n<\/tr>\n<tr>\n<td><strong>Gewicht<\/strong><\/td>\n<td>8.8 kg<\/td>\n<td>10.3 kg<\/td>\n<\/tr>\n<tr>\n<td><strong>Motorleistung<\/strong><\/td>\n<td>360 W<\/td>\n<td>600 W<\/td>\n<\/tr>\n<tr>\n<td><strong>Netzspannung<\/strong><\/td>\n<td>230 V (110V Verf\u00fcgbar)<\/td>\n<td>230 V<\/td>\n<\/tr>\n<tr>\n<td><strong>Unterstellh\u00f6he f\u00fcr Sch\u00fcssel<\/strong><\/td>\n<td>16 cm<\/td>\n<td>17 cm<\/td>\n<\/tr>\n<tr>\n<td><strong>Standfl\u00e4che (B x T x H)<\/strong><\/td>\n<td>200 x 200 x 410 mm<\/td>\n<td>200 x 200 x 450 mm<\/td>\n<\/tr>\n<tr>\n<td><strong>Oberfl\u00e4chenbehandlung<\/strong><\/td>\n<td colspan=\"2\">Lein\u00f6lfirnis<\/td>\n<\/tr>\n<tr>\n<td><strong>Sicherheitszeichen<\/strong><\/td>\n<td colspan=\"2\"><img loading=\"lazy\" decoding=\"async\" src=\"https:\/\/hawos.de\/wp-content\/uploads\/2009\/12\/tuev_gs_ce.gif\" alt=\"tuev_gs_ce\" width=\"41\" height=\"40\" \/><\/td>\n<\/tr>\n<tr>\n<td><strong>Garantie<\/strong><\/td>\n<td colspan=\"2\">10 Jahre<\/td>\n<\/tr>\n<\/tbody>\n<\/table>\n<\/div>\n<div><\/div>\n<\/div>\n<\/div>\n<\/div>\n<\/div>\n<p><strong>Hinweis f\u00fcr Allergiker:<\/strong>\u00a0Alle hawos-M\u00fchlen sind glutenfrei eingemahlen!<\/p>\n<p>Die hawos Oktagon 1 hat die selbe\u00a0Motor- und Mahlleistung\u00a0wie die Novum, Billy 1, M\u00fchle 1 und Queen 1. Die hawos Oktagon 2\u00a0hat die technische Ausstattung wie die Billy 2, M\u00fchle 2 sowie Queen 2.<\/p>\n<p>*Ausgabe 3\/2010 (getestet wurden 8 Getreidem\u00fchlen verschiedener Hersteller)<\/p>\n","protected":false},"excerpt":{"rendered":"<p>hawos Oktagon Getreidem\u00fchle \u201eHier passt alles zusammen\u201c. Von innen und au\u00dfen: Die leichte Handhabung, das stufenlos einstellbare Mahlwerk, extrem harte Mahlsteine und ein starker 360\/600-Watt-Motor sowie auch die Einstell-Skala aus massivem Messing. Unser \u201eOktagon\u201c Modell punktet mit starker Leistung und Topp Ergebnissen beim Mahlen von Getreide und Gew\u00fcrzen. Selbst bei feiner Einstellung ist das Mahlger\u00e4usch [&hellip;]<\/p>\n","protected":false},"featured_media":13532,"comment_status":"closed","ping_status":"closed","template":"","meta":[],"product_brand":[],"product_cat":[223,222],"product_tag":[],"class_list":{"0":"post-2163","1":"product","2":"type-product","3":"status-publish","4":"has-post-thumbnail","6":"product_cat-elektrisch","7":"product_cat-getreidemuhlen-kuchengerate-elektro","8":"pa_size-oktagon-1-360w","9":"pa_size-oktagon-2-600w","11":"first","12":"instock","13":"taxable","14":"shipping-taxable","15":"purchasable","16":"product-type-variable"},"_links":{"self":[{"href":"https:\/\/ebay.luba.de\/index.php\/wp-json\/wp\/v2\/product\/2163","targetHints":{"allow":["GET"]}}],"collection":[{"href":"https:\/\/ebay.luba.de\/index.php\/wp-json\/wp\/v2\/product"}],"about":[{"href":"https:\/\/ebay.luba.de\/index.php\/wp-json\/wp\/v2\/types\/product"}],"replies":[{"embeddable":true,"href":"https:\/\/ebay.luba.de\/index.php\/wp-json\/wp\/v2\/comments?post=2163"}],"wp:featuredmedia":[{"embeddable":true,"href":"https:\/\/ebay.luba.de\/index.php\/wp-json\/wp\/v2\/media\/13532"}],"wp:attachment":[{"href":"https:\/\/ebay.luba.de\/index.php\/wp-json\/wp\/v2\/media?parent=2163"}],"wp:term":[{"taxonomy":"product_brand","embeddable":true,"href":"https:\/\/ebay.luba.de\/index.php\/wp-json\/wp\/v2\/product_brand?post=2163"},{"taxonomy":"product_cat","embeddable":true,"href":"https:\/\/ebay.luba.de\/index.php\/wp-json\/wp\/v2\/product_cat?post=2163"},{"taxonomy":"product_tag","embeddable":true,"href":"https:\/\/ebay.luba.de\/index.php\/wp-json\/wp\/v2\/product_tag?post=2163"}],"curies":[{"name":"wp","href":"https:\/\/api.w.org\/{rel}","templated":true}]}}