{"id":1973,"date":"2020-12-06T15:52:19","date_gmt":"2020-12-06T15:52:19","guid":{"rendered":"https:\/\/amz.luba.de\/index.php\/product\/jupiter-506012-reibmaschine-edelstahl-beige\/"},"modified":"2022-12-06T13:51:05","modified_gmt":"2022-12-06T13:51:05","slug":"hand-reibe-mit-vakuumsaugfuszwinge-beige-lackiert","status":"publish","type":"product","link":"https:\/\/ebay.luba.de\/index.php\/product\/hand-reibe-mit-vakuumsaugfuszwinge-beige-lackiert\/","title":{"rendered":"Hand-Reibe mit Vakuumsaugfu\u00df+Zwinge, beige lackiert"},"content":{"rendered":"<p>Die ideale Handreibe f\u00fcr N\u00fcsse, Mandeln, Hartk\u00e4se und Blockschokolade. Gro\u00dfer Vakuum-Saugfu\u00df sowie stabile Tischzwinge garantieren einen festen und sicheren Stand. Trommel 70 mm \u00d8\u00b8. Ausgestattet mit Feinreibetrommel und Kartoffelreibetrommel.  Mit stabiler Tischzwinge und gro\u00dfem Vakuum-Saugfu\u00df garantiert sicherer Stand der Ganzmetall-Reibe auf allen glatten Fl\u00e4chen. Mit Kunststoff-Stopfer. Ma\u00dfe B x H x T: 15 x 23,5 x 13,5 cm ohne Kurbel \/ 21 cm mit Kurbel, Gewicht: 1,06 kg.<\/p>\n","protected":false},"excerpt":{"rendered":"<p>Die ideale Handreibe f\u00fcr N\u00fcsse, Mandeln, Hartk\u00e4se und Blockschokolade. Gro\u00dfer Vakuum-Saugfu\u00df sowie stabile Tischzwinge garantieren einen festen und sicheren Stand. Trommel 70 mm \u00d8\u00b8. Ausgestattet mit Feinreibetrommel und Kartoffelreibetrommel. Mit stabiler Tischzwinge und gro\u00dfem Vakuum-Saugfu\u00df garantiert sicherer Stand der Ganzmetall-Reibe auf allen glatten Fl\u00e4chen. Mit Kunststoff-Stopfer. Ma\u00dfe B x H x T: 15 x 23,5 [&hellip;]<\/p>\n","protected":false},"featured_media":15993,"comment_status":"closed","ping_status":"open","template":"","meta":[],"product_brand":[],"product_cat":[193],"product_tag":[],"class_list":{"0":"post-1973","1":"product","2":"type-product","3":"status-publish","4":"has-post-thumbnail","6":"product_cat-unkategorisiert","8":"first","9":"instock","10":"taxable","11":"shipping-taxable","12":"purchasable","13":"product-type-simple"},"_links":{"self":[{"href":"https:\/\/ebay.luba.de\/index.php\/wp-json\/wp\/v2\/product\/1973","targetHints":{"allow":["GET"]}}],"collection":[{"href":"https:\/\/ebay.luba.de\/index.php\/wp-json\/wp\/v2\/product"}],"about":[{"href":"https:\/\/ebay.luba.de\/index.php\/wp-json\/wp\/v2\/types\/product"}],"replies":[{"embeddable":true,"href":"https:\/\/ebay.luba.de\/index.php\/wp-json\/wp\/v2\/comments?post=1973"}],"wp:featuredmedia":[{"embeddable":true,"href":"https:\/\/ebay.luba.de\/index.php\/wp-json\/wp\/v2\/media\/15993"}],"wp:attachment":[{"href":"https:\/\/ebay.luba.de\/index.php\/wp-json\/wp\/v2\/media?parent=1973"}],"wp:term":[{"taxonomy":"product_brand","embeddable":true,"href":"https:\/\/ebay.luba.de\/index.php\/wp-json\/wp\/v2\/product_brand?post=1973"},{"taxonomy":"product_cat","embeddable":true,"href":"https:\/\/ebay.luba.de\/index.php\/wp-json\/wp\/v2\/product_cat?post=1973"},{"taxonomy":"product_tag","embeddable":true,"href":"https:\/\/ebay.luba.de\/index.php\/wp-json\/wp\/v2\/product_tag?post=1973"}],"curies":[{"name":"wp","href":"https:\/\/api.w.org\/{rel}","templated":true}]}}