{"id":1759,"date":"2020-12-06T16:06:08","date_gmt":"2020-12-06T16:06:08","guid":{"rendered":"https:\/\/amz.luba.de\/index.php\/product\/unold-68616-backmeister-skala\/"},"modified":"2020-12-06T16:06:15","modified_gmt":"2020-12-06T16:06:15","slug":"dorrfolien-fur-sahara-dorrgerat","status":"publish","type":"product","link":"https:\/\/ebay.luba.de\/index.php\/product\/dorrfolien-fur-sahara-dorrgerat\/","title":{"rendered":"D\u00f6rrfolien f\u00fcr SAHARA D\u00f6rrger\u00e4t"},"content":{"rendered":"<h3><strong>T3 &amp; T6 Teflon beschichtet:<\/strong><\/h3>\n<p>Format: 49 x 29 cm (100% der Gitter-Fl\u00e4che)<br \/>\nPassgenau zugeschnitten, antihaftbeschichtet und wiederverwendbar.<br \/>\nIn 2 verschiedenen dicken verf\u00fcgbar.<\/p>\n<p>&nbsp;<\/p>\n<h3><strong>Silikon<\/strong><\/h3>\n<p>Format: 41 x 25 cm (3\/4 der Gitter-Fl\u00e4che)<br \/>\nLebensmittelechte und temperaturbest\u00e4ndige Silikon-Trocknungsmatte zur Verwendung mit dem SAHARA-D\u00f6rrautomat. Ideal zum Aufbewahren von Fl\u00fcssigkeiten f\u00fcr Obstleder, klebrige Lebensmittel oder kleine Gegenst\u00e4nde, die durch die Regale fallen k\u00f6nnten.<br \/>\nDiese verst\u00e4rkten Silikonmatten sind auch Backofenfest und eignen sich hervorragend zum Auskleiden von Backblechen.<\/p>\n<p>Sehr langlebig und Sp\u00fclmaschinenfest.\u00a0 PTFE- und BPA-frei.<\/p>\n","protected":false},"excerpt":{"rendered":"<p>T3 &amp; T6 Teflon beschichtet: Format: 49 x 29 cm (100% der Gitter-Fl\u00e4che) Passgenau zugeschnitten, antihaftbeschichtet und wiederverwendbar. In 2 verschiedenen dicken verf\u00fcgbar. &nbsp; Silikon Format: 41 x 25 cm (3\/4 der Gitter-Fl\u00e4che) Lebensmittelechte und temperaturbest\u00e4ndige Silikon-Trocknungsmatte zur Verwendung mit dem SAHARA-D\u00f6rrautomat. Ideal zum Aufbewahren von Fl\u00fcssigkeiten f\u00fcr Obstleder, klebrige Lebensmittel oder kleine Gegenst\u00e4nde, die [&hellip;]<\/p>\n","protected":false},"featured_media":16242,"comment_status":"closed","ping_status":"open","template":"","meta":[],"product_brand":[],"product_cat":[209,202,210],"product_tag":[],"class_list":{"0":"post-1759","1":"product","2":"type-product","3":"status-publish","4":"has-post-thumbnail","6":"product_cat-dorrgerate","7":"product_cat-kuchengerate-elektro","8":"product_cat-zubehor","10":"first","11":"instock","12":"taxable","13":"shipping-taxable","14":"product-type-grouped"},"_links":{"self":[{"href":"https:\/\/ebay.luba.de\/index.php\/wp-json\/wp\/v2\/product\/1759","targetHints":{"allow":["GET"]}}],"collection":[{"href":"https:\/\/ebay.luba.de\/index.php\/wp-json\/wp\/v2\/product"}],"about":[{"href":"https:\/\/ebay.luba.de\/index.php\/wp-json\/wp\/v2\/types\/product"}],"replies":[{"embeddable":true,"href":"https:\/\/ebay.luba.de\/index.php\/wp-json\/wp\/v2\/comments?post=1759"}],"wp:featuredmedia":[{"embeddable":true,"href":"https:\/\/ebay.luba.de\/index.php\/wp-json\/wp\/v2\/media\/16242"}],"wp:attachment":[{"href":"https:\/\/ebay.luba.de\/index.php\/wp-json\/wp\/v2\/media?parent=1759"}],"wp:term":[{"taxonomy":"product_brand","embeddable":true,"href":"https:\/\/ebay.luba.de\/index.php\/wp-json\/wp\/v2\/product_brand?post=1759"},{"taxonomy":"product_cat","embeddable":true,"href":"https:\/\/ebay.luba.de\/index.php\/wp-json\/wp\/v2\/product_cat?post=1759"},{"taxonomy":"product_tag","embeddable":true,"href":"https:\/\/ebay.luba.de\/index.php\/wp-json\/wp\/v2\/product_tag?post=1759"}],"curies":[{"name":"wp","href":"https:\/\/api.w.org\/{rel}","templated":true}]}}