{"id":16892,"date":"2020-12-06T16:06:39","date_gmt":"2020-12-06T16:06:39","guid":{"rendered":"https:\/\/ebay.luba.de\/index.php\/product\/blendtec-stealth-885\/"},"modified":"2023-09-26T06:51:19","modified_gmt":"2023-09-26T06:51:19","slug":"blendtec-stealth-885","status":"publish","type":"product","link":"https:\/\/ebay.luba.de\/index.php\/product\/blendtec-stealth-885\/","title":{"rendered":"Blendtec Stealth 885"},"content":{"rendered":"<section id=\"section_1171006650\" class=\"section\">\n<div class=\"section-content relative\">\n<div id=\"row-1505442026\" class=\"row row-collapse row-full-width align-middle\">\n<div id=\"col-1932674411\" class=\"col medium-6 small-12 large-6\">\n<div class=\"col-inner\">\n<div id=\"image_1937475046\" class=\"img has-hover x md-x lg-x y md-y lg-y\">\n<div class=\"img-inner dark\"><img loading=\"lazy\" decoding=\"async\" class=\"attachment-large size-large\" src=\"https:\/\/blendtec.de\/wp-content\/uploads\/2018\/12\/lighter.png\" sizes=\"auto, (max-width: 590px) 100vw, 590px\" srcset=\"https:\/\/blendtec.de\/wp-content\/uploads\/2018\/12\/lighter.png 590w, https:\/\/blendtec.de\/wp-content\/uploads\/2018\/12\/lighter-510x400.png 510w, https:\/\/blendtec.de\/wp-content\/uploads\/2018\/12\/lighter-500x392.png 500w\" alt=\"\" width=\"590\" height=\"463\" \/><\/div>\n<\/div>\n<\/div>\n<\/div>\n<div id=\"col-1652420241\" class=\"col medium-6 small-12 large-6\">\n<div class=\"col-inner text-left\">\n<h2>KRAFTVOLLER ULTRA HIGH-SPEED MOTOR<\/h2>\n<p>Der Blendtec Stealth 885 ist ein echtes Arbeitstier mit seinem 3.8 PS starkem Industriemotor. Schnell und m\u00fchelos mixt er auch h\u00e4rteste Zutaten wie Eis und gefrorene Fr\u00fcchte zu einer perfekten Konsistenz, ohne mit der Wimper zu zucken. Perfekt f\u00fcr Gesch\u00e4fte mit hohem Tagesvolumen.<\/p>\n<\/div>\n<\/div>\n<\/div>\n<\/div>\n<\/section>\n<section id=\"section_330478934\" class=\"section\">\n<div class=\"bg section-bg fill bg-fill bg-loaded bg-loaded\">\n<div class=\"section-bg-overlay absolute fill\"><\/div>\n<\/div>\n<div class=\"section-content relative\">\n<div id=\"row-453587104\" class=\"row row-collapse row-full-width align-middle\">\n<div id=\"col-1582623852\" class=\"col medium-6 small-12 large-6\">\n<div class=\"col-inner text-left\">\n<h2>ANPASSBARE ZYKLEN<\/h2>\n<p>Der Blendtec Stealth 885 besitzt 42 vorprogrammierte Mischzyklen, um Ihre beliebtesten Rezepten in perfekter Konsistenz mit nur einem Tastendruck f\u00fcr die \u00fcblichen Blendtec Beh\u00e4lter herzustellen. Jeder Misch-Zyklus schaltet automatisch ab, wenn er fertig ist, sodass der Mitarbeiter sich um andere Aufgaben k\u00fcmmern kann.<\/p>\n<p>Zus\u00e4tzlich ist der Blendtec Stealth 885 mit einem USB-Anschluss ausgestattet. F\u00fcr die ultimative Anpassung k\u00f6nnen Sie bis zu 14 eigenkreierte Mischprogramme auf den Stealth 885 per USB-Stick speichern. Diese benutzerdefinierten Misch-Programme k\u00f6nnen Sie mit dem Blendtec BlendWizard online erstellen. Dieses Programm kann eine unbegrenzte Anzahl von Mischzyklen erstellen und gibt Ihnen somit die volle Kontrolle, die perfekten Mischzyklen f\u00fcr Ihr Unternehmen zu kreieren.<\/p>\n<\/div>\n<\/div>\n<div id=\"col-1666725462\" class=\"col medium-6 small-12 large-6\">\n<div class=\"col-inner\">\n<div id=\"image_1979337010\" class=\"img has-hover x md-x lg-x y md-y lg-y\">\n<div class=\"img-inner dark\"><img loading=\"lazy\" decoding=\"async\" class=\"attachment-large size-large\" src=\"https:\/\/blendtec.de\/wp-content\/uploads\/2018\/12\/lighter.jpeg\" alt=\"\" width=\"496\" height=\"351\" \/><\/div>\n<\/div>\n<\/div>\n<\/div>\n<\/div>\n<\/div>\n<\/section>\n<section id=\"section_551002169\" class=\"section\">\n<div class=\"bg section-bg fill bg-fill bg-loaded bg-loaded\">\n<div class=\"section-bg-overlay absolute fill\"><\/div>\n<\/div>\n<div class=\"section-content relative\">\n<div id=\"row-1059485010\" class=\"row row-collapse row-full-width align-middle\">\n<div id=\"col-259009440\" class=\"col medium-6 small-12 large-6\">\n<div class=\"col-inner\">\n<div id=\"image_2087704771\" class=\"img has-hover x md-x lg-x y md-y lg-y\">\n<div class=\"img-inner dark\"><img loading=\"lazy\" decoding=\"async\" class=\"attachment-large size-large\" src=\"https:\/\/blendtec.de\/wp-content\/uploads\/2018\/12\/825-d4.png\" sizes=\"auto, (max-width: 614px) 100vw, 614px\" srcset=\"https:\/\/blendtec.de\/wp-content\/uploads\/2018\/12\/825-d4.png 614w, https:\/\/blendtec.de\/wp-content\/uploads\/2018\/12\/825-d4-500x300.png 500w, https:\/\/blendtec.de\/wp-content\/uploads\/2018\/12\/825-d4-510x306.png 510w\" alt=\"\" width=\"614\" height=\"368\" \/><\/div>\n<\/div>\n<\/div>\n<\/div>\n<div id=\"col-979618590\" class=\"col medium-6 small-12 large-6\">\n<div class=\"col-inner text-left\">\n<h2>SPART ZEIT UND KOSTEN<\/h2>\n<p>Alle Mixer von Blendtec sind f\u00fcr die besonderen Anforderungen gewerblicher Kunden ausgelegt. Die gesamte Maschine ist von oben bis unten f\u00fcr m\u00fchelose Handhabung und geringe Betriebskosten konzipiert.<\/p>\n<\/div>\n<\/div>\n<\/div>\n<\/div>\n<\/section>\n<section id=\"section_1112759530\" class=\"section\">\n<div class=\"bg section-bg fill bg-fill bg-loaded bg-loaded\">\n<div class=\"section-bg-overlay absolute fill\"><\/div>\n<\/div>\n<div class=\"section-content relative\">\n<h3><\/h3>\n<h3>Der Blendtec Stealth 885: Nachfolger vom beliebten Stealth 875<\/h3>\n<p>Der Blendtec Stealth 885 ist der direkte Nachfolger vom Blendtec Stealth 875. Auch wenn der Stealth 875 eins der beliebtesten gewerblichen Hochleistungsmixer weltweit war, ruhen wir uns nat\u00fcrlich nicht auf unseren Lorbeeren aus. Die wohl wichtigste Erneuerung ist das es kein Touchscreen mehr hat, sondern per Druckkn\u00f6pfe bedient wird. Dass bedeutet das es auch mit nassen Fingern einwandfrei verwendet werden kann.<\/p>\n<div id=\"row-1449306697\" class=\"row row-collapse row-full-width align-middle\">\n<div id=\"col-1333221007\" class=\"col medium-7 small-12 large-7\">\n<div class=\"col-inner text-left\">\n<h3>BESONDERHEITEN<\/h3>\n<ul>\n<li>Motor: 1800 Watt, 3.8 PS Maximalleistung<\/li>\n<li>Programme: 42 vorprogrammierte Zyklen + Pulse<\/li>\n<li>Einfache Konvertierung zwischen Countertop und In-Counter<\/li>\n<\/ul>\n<h3>Innovatives Design<\/h3>\n<p>Das innovative Design und die Funktionalit\u00e4t des Stealth 885 bieten ein fortschrittliches und dennoch benutzerfreundliches Mix-Erlebnis. F\u00fcr Kunden, die ein niedrigeres Profil bevorzugen, ist auch ein In-Counter-Modell verf\u00fcgbar zum Einbauen in Theke.<\/p>\n<h3>Einbau in die K\u00fcchentheke<\/h3>\n<p>Das Plastikgeh\u00e4use vom Stealth kann gegen Aufpreis mit einem Thekeneinbaugeh\u00e4use ausgeliefert werden. Mehr Informationen zum Einbau finden Sie\u00a0<a href=\"https:\/\/blendtec.de\/images\/downloads\/anleitungen\/de\/commercial\/Stealth_Einbau.pdf\" target=\"_blank\" rel=\"noopener noreferrer\">hier<\/a>.<\/p>\n<\/div>\n<\/div>\n<div id=\"col-42631580\" class=\"col medium-5 small-12 large-5\">\n<div class=\"col-inner\">\n<div id=\"image_1572646150\" class=\"img has-hover x md-x lg-x y md-y lg-y\">\n<div class=\"img-inner dark\"><img loading=\"lazy\" decoding=\"async\" class=\"attachment-large size-large\" src=\"https:\/\/blendtec.de\/wp-content\/uploads\/2018\/12\/lighter-2.jpeg\" sizes=\"auto, (max-width: 413px) 100vw, 413px\" srcset=\"https:\/\/blendtec.de\/wp-content\/uploads\/2018\/12\/lighter-2.jpeg 413w, https:\/\/blendtec.de\/wp-content\/uploads\/2018\/12\/lighter-2-367x400.jpeg 367w\" alt=\"\" width=\"413\" height=\"450\" \/><\/div>\n<\/div>\n<\/div>\n<\/div>\n<\/div>\n<\/div>\n<\/section>\n<section id=\"section_639886620\" class=\"section\">\n<div class=\"bg section-bg fill bg-fill bg-loaded bg-loaded\"><\/div>\n<div class=\"section-content relative\">\n<div id=\"row-1395948814\" class=\"row\">\n<div id=\"col-465334562\" class=\"col medium-4 small-12 large-4\">\n<div class=\"col-inner\">\n<div class=\"box has-hover has-hover box-text-bottom\">\n<div class=\"box-image\">\n<div class=\"\"><img loading=\"lazy\" decoding=\"async\" class=\"attachment- size-\" src=\"https:\/\/blendtec.de\/wp-content\/uploads\/2018\/12\/fs-jar-1.png\" sizes=\"auto, (max-width: 200px) 100vw, 200px\" srcset=\"https:\/\/blendtec.de\/wp-content\/uploads\/2018\/12\/fs-jar-1.png 200w, https:\/\/blendtec.de\/wp-content\/uploads\/2018\/12\/fs-jar-1-100x100.png 100w\" alt=\"\" width=\"200\" height=\"200\" \/><\/div>\n<\/div>\n<div class=\"box-text text-center\">\n<div class=\"box-text-inner\">\n<h4>BPA-FREIER FOURSIDE JAR<\/h4>\n<p><strong>4 SEITEN<\/strong><\/p>\n<p><span data-text-color=\"primary\">F\u00dcR EINEN EFFEKTIVEN MIXWIRBEL.<\/span><\/p>\n<\/div>\n<\/div>\n<\/div>\n<\/div>\n<\/div>\n<div id=\"col-1717548208\" class=\"col medium-4 small-12 large-4\">\n<div class=\"col-inner\">\n<div class=\"box has-hover has-hover box-text-bottom\">\n<div class=\"box-image\">\n<div class=\"\"><img loading=\"lazy\" decoding=\"async\" class=\"attachment- size-\" src=\"https:\/\/blendtec.de\/wp-content\/uploads\/2018\/12\/blade.jpg\" sizes=\"auto, (max-width: 201px) 100vw, 201px\" srcset=\"https:\/\/blendtec.de\/wp-content\/uploads\/2018\/12\/blade.jpg 201w, https:\/\/blendtec.de\/wp-content\/uploads\/2018\/12\/blade-100x100.jpg 100w\" alt=\"\" width=\"201\" height=\"201\" \/><\/div>\n<\/div>\n<div class=\"box-text text-center\">\n<div class=\"box-text-inner\">\n<h4>STUMPFE SICHERHEITSKLINGE<\/h4>\n<p><strong>BIS ZU 10x ST\u00c4RKER<\/strong><\/p>\n<p><span data-text-color=\"primary\">ALS HERK\u00d6MMLICHE KLINGEN.<\/span><\/p>\n<\/div>\n<\/div>\n<\/div>\n<\/div>\n<\/div>\n<div id=\"col-2100493110\" class=\"col medium-4 small-12 large-4\">\n<div class=\"col-inner\">\n<div class=\"box has-hover has-hover box-text-bottom\">\n<div class=\"box-image\">\n<div class=\"\"><img loading=\"lazy\" decoding=\"async\" class=\"attachment- size-\" src=\"https:\/\/blendtec.de\/wp-content\/uploads\/2018\/12\/motor.jpg\" sizes=\"auto, (max-width: 200px) 100vw, 200px\" srcset=\"https:\/\/blendtec.de\/wp-content\/uploads\/2018\/12\/motor.jpg 200w, https:\/\/blendtec.de\/wp-content\/uploads\/2018\/12\/motor-100x100.jpg 100w\" alt=\"\" width=\"200\" height=\"200\" \/><\/div>\n<\/div>\n<div class=\"box-text text-center\">\n<div class=\"box-text-inner\">\n<h4>ULTRA HIGH-SPEED MOTOR<\/h4>\n<p><strong>3.8 PS\u00a0MAXIMALLEISTUNG<\/strong><\/p>\n<p><span data-text-color=\"primary\">SCHAFFT AUCH DIE H\u00c4RTESTEN ZUTATEN<\/span><\/p>\n<\/div>\n<\/div>\n<\/div>\n<\/div>\n<\/div>\n<\/div>\n<\/div>\n<\/section>\n<div class=\"is-divider divider clearfix\"><\/div>\n<section id=\"section_2027459950\" class=\"section\">\n<div class=\"bg section-bg fill bg-fill bg-loaded bg-loaded\"><\/div>\n<div class=\"section-content relative\">\n<div id=\"row-1100999931\" class=\"row align-middle\">\n<div id=\"col-1703401578\" class=\"col medium-1 small-3 large-1\">\n<div class=\"col-inner\">\n<div id=\"image_914832655\" class=\"img has-hover x md-x lg-x y md-y lg-y\">\n<div class=\"img-inner dark\"><img loading=\"lazy\" decoding=\"async\" class=\"attachment-large size-large\" src=\"https:\/\/blendtec.de\/wp-content\/uploads\/2018\/12\/motor.png\" alt=\"\" width=\"74\" height=\"74\" \/><\/div>\n<\/div>\n<\/div>\n<\/div>\n<div id=\"col-343464980\" class=\"col medium-3 small-9 large-3\">\n<div class=\"col-inner\">\n<h3>MOTOR<\/h3>\n<\/div>\n<\/div>\n<div id=\"col-1348174958\" class=\"col medium-8 small-12 large-8\">\n<div class=\"col-inner\">\n<p>1800 W, 8,5 A, 240 V, bis zu 3,8 PS<\/p>\n<\/div>\n<\/div>\n<\/div>\n<div id=\"row-326503745\" class=\"row align-middle\">\n<div id=\"col-139499332\" class=\"col medium-1 small-3 large-1\">\n<div class=\"col-inner\">\n<div id=\"image_372027256\" class=\"img has-hover x md-x lg-x y md-y lg-y\">\n<div class=\"img-inner dark\"><img loading=\"lazy\" decoding=\"async\" class=\"attachment-large size-large\" src=\"https:\/\/blendtec.de\/wp-content\/uploads\/2018\/12\/bedienung.png\" alt=\"\" width=\"74\" height=\"74\" \/><\/div>\n<\/div>\n<\/div>\n<\/div>\n<div id=\"col-1256147165\" class=\"col medium-3 small-9 large-3\">\n<div class=\"col-inner\">\n<h3>BEDIENUNG<\/h3>\n<\/div>\n<\/div>\n<div id=\"col-1070262110\" class=\"col medium-8 small-12 large-8\">\n<div class=\"col-inner\">\n<p>LCD-Displayanzeige, Drucktasten: 5 frei belegbare Programmtasten + Pulse<\/p>\n<\/div>\n<\/div>\n<\/div>\n<div id=\"row-1513185509\" class=\"row align-middle\">\n<div id=\"col-1369881931\" class=\"col medium-1 small-3 large-1\">\n<div class=\"col-inner\">\n<div id=\"image_303800897\" class=\"img has-hover x md-x lg-x y md-y lg-y\">\n<div class=\"img-inner dark\"><img loading=\"lazy\" decoding=\"async\" class=\"attachment-large size-large\" src=\"https:\/\/blendtec.de\/wp-content\/uploads\/2018\/12\/sound.png\" alt=\"\" width=\"74\" height=\"74\" \/><\/div>\n<\/div>\n<\/div>\n<\/div>\n<div id=\"col-294865125\" class=\"col medium-3 small-9 large-3\">\n<div class=\"col-inner\">\n<h3>GER\u00c4USCHD\u00c4MMUNG<\/h3>\n<\/div>\n<\/div>\n<div id=\"col-407640726\" class=\"col medium-8 small-12 large-8\">\n<div class=\"col-inner\">\n<p>Die Schallschutzhaube verringert das Betriebsger\u00e4usch<\/p>\n<\/div>\n<\/div>\n<\/div>\n<div id=\"row-1407571109\" class=\"row align-middle\">\n<div id=\"col-417834657\" class=\"col medium-1 small-3 large-1\">\n<div class=\"col-inner\">\n<div id=\"image_1511778337\" class=\"img has-hover x md-x lg-x y md-y lg-y\">\n<div class=\"img-inner dark\"><img loading=\"lazy\" decoding=\"async\" class=\"attachment-large size-large\" src=\"https:\/\/blendtec.de\/wp-content\/uploads\/2018\/12\/programme-42.png\" alt=\"\" width=\"74\" height=\"74\" \/><\/div>\n<\/div>\n<\/div>\n<\/div>\n<div id=\"col-123427657\" class=\"col medium-3 small-9 large-3\">\n<div class=\"col-inner\">\n<h3>PROGRAMME<\/h3>\n<\/div>\n<\/div>\n<div id=\"col-1798603675\" class=\"col medium-8 small-12 large-8\">\n<div class=\"col-inner\">\n<p>42 Automatikprogramme eingespeichert sowie zugriff auf Blendtec BlendWizard um eigene Programme zu erstellen.<\/p>\n<\/div>\n<\/div>\n<\/div>\n<div id=\"row-257340307\" class=\"row align-middle\">\n<div id=\"col-1975478514\" class=\"col medium-1 small-3 large-1\">\n<div class=\"col-inner\">\n<div id=\"image_1267294662\" class=\"img has-hover x md-x lg-x y md-y lg-y\">\n<div class=\"img-inner dark\"><img loading=\"lazy\" decoding=\"async\" class=\"attachment-large size-large\" src=\"https:\/\/blendtec.de\/wp-content\/uploads\/2018\/12\/beanspruchung.png\" alt=\"\" width=\"74\" height=\"74\" \/><\/div>\n<\/div>\n<\/div>\n<\/div>\n<div id=\"col-1208148623\" class=\"col medium-3 small-9 large-3\">\n<div class=\"col-inner\">\n<h3>GARANTIE<\/h3>\n<\/div>\n<\/div>\n<div id=\"col-1097276769\" class=\"col medium-8 small-12 large-8\">\n<div class=\"col-inner\">\n<p>3 Jahre auf die Motorbasis, 1 Jahr auf die Schallschutzhaube, 1 Jahr auf den Beh\u00e4lter.<\/p>\n<\/div>\n<\/div>\n<\/div>\n<div id=\"row-838096214\" class=\"row align-middle\">\n<div id=\"col-836165876\" class=\"col medium-1 small-3 large-1\">\n<div class=\"col-inner\">\n<div id=\"image_1641543572\" class=\"img has-hover x md-x lg-x y md-y lg-y\">\n<div class=\"img-inner dark\"><img loading=\"lazy\" decoding=\"async\" class=\"attachment-large size-large\" src=\"https:\/\/blendtec.de\/wp-content\/uploads\/2018\/12\/abmessungen.png\" alt=\"\" width=\"74\" height=\"74\" \/><\/div>\n<\/div>\n<\/div>\n<\/div>\n<div id=\"col-58575473\" class=\"col medium-3 small-9 large-3\">\n<div class=\"col-inner\">\n<h3>ABMESSUNGEN<\/h3>\n<\/div>\n<\/div>\n<div id=\"col-1166471636\" class=\"col medium-8 small-12 large-8\">\n<div class=\"col-inner\">\n<p>H: 43,9 cm<br \/>\nW: 22,9 cm<br \/>\nD: 21,8 cm<\/p>\n<\/div>\n<\/div>\n<\/div>\n<div id=\"row-1007579986\" class=\"row align-middle\">\n<div id=\"col-2104156591\" class=\"col medium-1 small-3 large-1\">\n<div class=\"col-inner\">\n<div id=\"image_536839489\" class=\"img has-hover x md-x lg-x y md-y lg-y\">\n<div class=\"img-inner dark\"><img loading=\"lazy\" decoding=\"async\" class=\"attachment-large size-large\" src=\"https:\/\/blendtec.de\/wp-content\/uploads\/2018\/12\/gewicht.png\" alt=\"\" width=\"74\" height=\"74\" \/><\/div>\n<\/div>\n<\/div>\n<\/div>\n<div id=\"col-265329998\" class=\"col medium-3 small-5 large-3\">\n<div class=\"col-inner\">\n<h3>GEWICHT<\/h3>\n<\/div>\n<\/div>\n<div id=\"col-1104290015\" class=\"col medium-8 small-12 large-8\">\n<div class=\"col-inner\">\n<p>7,2 Kg<\/p>\n<\/div>\n<\/div>\n<\/div>\n<div id=\"row-675719840\" class=\"row align-middle\">\n<div id=\"col-312978673\" class=\"col medium-1 small-3 large-1\">\n<div class=\"col-inner\">\n<div id=\"image_454074085\" class=\"img has-hover x md-x lg-x y md-y lg-y\">\n<div class=\"img-inner dark\"><img loading=\"lazy\" decoding=\"async\" class=\"attachment-large size-large\" src=\"https:\/\/blendtec.de\/wp-content\/uploads\/2018\/12\/weiteres.png\" alt=\"\" width=\"74\" height=\"74\" \/><\/div>\n<\/div>\n<\/div>\n<\/div>\n<div id=\"col-1841244345\" class=\"col medium-3 small-5 large-3\">\n<div class=\"col-inner\">\n<h3>WEITERES<\/h3>\n<\/div>\n<\/div>\n<div id=\"col-1088804512\" class=\"col medium-8 small-12 large-8\">\n<div class=\"col-inner\">\n<p>Einbauf\u00e4hig<\/p>\n<\/div>\n<\/div>\n<\/div>\n<div id=\"row-1423936864\" class=\"row align-middle\">\n<div id=\"col-969242867\" class=\"col medium-1 small-3 large-1\">\n<div class=\"col-inner\">\n<div id=\"image_55777096\" class=\"img has-hover x md-x lg-x y md-y lg-y\">\n<div class=\"img-inner dark\"><img loading=\"lazy\" decoding=\"async\" class=\"attachment-large size-large\" src=\"https:\/\/blendtec.de\/wp-content\/uploads\/2018\/12\/bedienung.png\" alt=\"\" width=\"74\" height=\"74\" \/><\/div>\n<\/div>\n<\/div>\n<\/div>\n<div id=\"col-1763466919\" class=\"col medium-3 small-9 large-3\">\n<div class=\"col-inner\">\n<h3>ZERTIFIKATE<\/h3>\n<\/div>\n<\/div>\n<div id=\"col-393164061\" class=\"col medium-8 small-12 large-8\">\n<div class=\"col-inner\">\n<div class=\"col-xs-7 col-sm-4 col-md-8\"><a title=\"NFS Mark\" href=\"http:\/\/www.nsf.org\/about-nsf\/nsf-mark\/\" target=\"_blank\" rel=\"noopener noreferrer\"><img loading=\"lazy\" decoding=\"async\" class=\"alignnone wp-image-2907\" src=\"https:\/\/blendtec.de\/wp-content\/uploads\/2018\/12\/1-ETL.jpg\" alt=\"\" width=\"67\" height=\"50\" \/><img loading=\"lazy\" decoding=\"async\" class=\"alignnone wp-image-2909\" src=\"https:\/\/blendtec.de\/wp-content\/uploads\/2018\/12\/2-NSF.jpg\" sizes=\"auto, (max-width: 50px) 100vw, 50px\" srcset=\"https:\/\/blendtec.de\/wp-content\/uploads\/2018\/12\/2-NSF.jpg 163w, https:\/\/blendtec.de\/wp-content\/uploads\/2018\/12\/2-NSF-100x100.jpg 100w\" alt=\"\" width=\"50\" height=\"50\" \/><img loading=\"lazy\" decoding=\"async\" class=\"alignnone wp-image-2911\" src=\"https:\/\/blendtec.de\/wp-content\/uploads\/2018\/12\/3-CE.jpg\" alt=\"\" width=\"70\" height=\"50\" \/><img loading=\"lazy\" decoding=\"async\" class=\"alignnone wp-image-2913\" src=\"https:\/\/blendtec.de\/wp-content\/uploads\/2018\/12\/4-RoHS.jpg\" alt=\"\" width=\"83\" height=\"50\" \/><img loading=\"lazy\" decoding=\"async\" class=\"alignnone wp-image-2915\" src=\"https:\/\/blendtec.de\/wp-content\/uploads\/2018\/12\/5-FoodSafe.jpg\" sizes=\"auto, (max-width: 49px) 100vw, 49px\" srcset=\"https:\/\/blendtec.de\/wp-content\/uploads\/2018\/12\/5-FoodSafe.jpg 135w, https:\/\/blendtec.de\/wp-content\/uploads\/2018\/12\/5-FoodSafe-100x100.jpg 100w\" alt=\"\" width=\"49\" height=\"50\" \/><img loading=\"lazy\" decoding=\"async\" class=\"alignnone wp-image-2917\" src=\"https:\/\/blendtec.de\/wp-content\/uploads\/2018\/12\/6-NOM.jpg\" alt=\"\" width=\"53\" height=\"50\" \/><img loading=\"lazy\" decoding=\"async\" class=\"alignnone wp-image-2919\" src=\"https:\/\/blendtec.de\/wp-content\/uploads\/2018\/12\/7-KC.jpg\" alt=\"\" width=\"32\" height=\"49\" \/><img loading=\"lazy\" decoding=\"async\" class=\"alignnone wp-image-2921\" src=\"https:\/\/blendtec.de\/wp-content\/uploads\/2018\/12\/8-Tick.jpg\" alt=\"\" width=\"67\" height=\"50\" \/><img loading=\"lazy\" decoding=\"async\" class=\"alignnone wp-image-2923\" src=\"https:\/\/blendtec.de\/wp-content\/uploads\/2018\/12\/9-bsmi.jpg\" sizes=\"auto, (max-width: 50px) 100vw, 50px\" srcset=\"https:\/\/blendtec.de\/wp-content\/uploads\/2018\/12\/9-bsmi.jpg 163w, https:\/\/blendtec.de\/wp-content\/uploads\/2018\/12\/9-bsmi-100x100.jpg 100w\" alt=\"\" width=\"50\" height=\"50\" \/><\/a><\/div>\n<\/div>\n<\/div>\n<\/div>\n<\/div>\n<\/section>\n","protected":false},"excerpt":{"rendered":"<p>KRAFTVOLLER ULTRA HIGH-SPEED MOTOR Der Blendtec Stealth 885 ist ein echtes Arbeitstier mit seinem 3.8 PS starkem Industriemotor. Schnell und m\u00fchelos mixt er auch h\u00e4rteste Zutaten wie Eis und gefrorene Fr\u00fcchte zu einer perfekten Konsistenz, ohne mit der Wimper zu zucken. Perfekt f\u00fcr Gesch\u00e4fte mit hohem Tagesvolumen. ANPASSBARE ZYKLEN Der Blendtec Stealth 885 besitzt 42 [&hellip;]<\/p>\n","protected":false},"featured_media":16893,"comment_status":"closed","ping_status":"closed","template":"","meta":[],"product_brand":[],"product_cat":[235,319],"product_tag":[],"class_list":{"0":"post-16892","1":"product","2":"type-product","3":"status-publish","4":"has-post-thumbnail","6":"product_cat-gewerbegerate","7":"product_cat-mixer-blender-gewerbegerate","9":"first","10":"instock","11":"taxable","12":"shipping-taxable","13":"purchasable","14":"product-type-variable"},"_links":{"self":[{"href":"https:\/\/ebay.luba.de\/index.php\/wp-json\/wp\/v2\/product\/16892","targetHints":{"allow":["GET"]}}],"collection":[{"href":"https:\/\/ebay.luba.de\/index.php\/wp-json\/wp\/v2\/product"}],"about":[{"href":"https:\/\/ebay.luba.de\/index.php\/wp-json\/wp\/v2\/types\/product"}],"replies":[{"embeddable":true,"href":"https:\/\/ebay.luba.de\/index.php\/wp-json\/wp\/v2\/comments?post=16892"}],"wp:featuredmedia":[{"embeddable":true,"href":"https:\/\/ebay.luba.de\/index.php\/wp-json\/wp\/v2\/media\/16893"}],"wp:attachment":[{"href":"https:\/\/ebay.luba.de\/index.php\/wp-json\/wp\/v2\/media?parent=16892"}],"wp:term":[{"taxonomy":"product_brand","embeddable":true,"href":"https:\/\/ebay.luba.de\/index.php\/wp-json\/wp\/v2\/product_brand?post=16892"},{"taxonomy":"product_cat","embeddable":true,"href":"https:\/\/ebay.luba.de\/index.php\/wp-json\/wp\/v2\/product_cat?post=16892"},{"taxonomy":"product_tag","embeddable":true,"href":"https:\/\/ebay.luba.de\/index.php\/wp-json\/wp\/v2\/product_tag?post=16892"}],"curies":[{"name":"wp","href":"https:\/\/api.w.org\/{rel}","templated":true}]}}