{"id":16890,"date":"2020-12-06T16:06:39","date_gmt":"2020-12-06T16:06:39","guid":{"rendered":"https:\/\/ebay.luba.de\/index.php\/product\/bio-flockett-professional-2\/"},"modified":"2023-06-13T08:51:05","modified_gmt":"2023-06-13T08:51:05","slug":"bio-flockett-professional-2","status":"publish","type":"product","link":"https:\/\/ebay.luba.de\/index.php\/product\/bio-flockett-professional-2\/","title":{"rendered":"Bio-Flockett Professional"},"content":{"rendered":"<h2>Bio-Flockett Professional Elektrische K\u00f6rnerquetsche zur Frisch-Flocken-Herstellung<\/h2>\n<p>Die BIO-FLOCKETT Professional wurde speziell f\u00fcr Gro\u00dfverbraucher von Getreideflocken entwickelt. Sie ist die Weiterentwicklung der Handflockenquetsche BIO-FLOCKETT, die sich bereits seit langem f\u00fcr den kleinen Haushalt bew\u00e4hrt hat.<\/p>\n<p>Mit der BIO-FLOCKETT Professional stellen Sie Frischflocken f\u00fcr Ihren Sauerteig, als Zutaten f\u00fcr Teig- und Backwaren sowie f\u00fcr individuelle M\u00fcsli- mischungen und Vollwertgerichte her.<\/p>\n<h3>Vorteil f\u00fcr\u00b4s Gewerbe:<\/h3>\n<p>H\u00f6here Teigausbeute, da diese Flocken mehr Wasser aufnehmen -ca. 8%- als geschrotetes Getreide. Das frisch gebackene Produkt hat somit auch eine l\u00e4ngere Frischhaltung. Diese Flocken sind nicht schon hitzegesch\u00e4digt und abgelagert wie Industrieflocken!<\/p>\n<p>Anders als beim Schroten und Mahlen bleibt der Faserstoff (Ballaststoff) die Getreideschale weitgehend erhalten.<\/p>\n<p>Da keine Vorbehandlung erforderlich ist wie bei industriell gefertigten Flocken, entsteht auch kein Verlust wertvoller Vitamine und Enzyme.<\/p>\n<p>Die BIO-FLOCKETT Professional walzt schonend frische Flocken aus jedem Getreide und aus gekeimten K\u00f6rnern.<\/p>\n<p>Bei einer Drehzahl von 75 Umdrehungen pro Minute \u00e4u\u00dferst kornschonend und ger\u00e4uscharm. Eine nennenswerte Erw\u00e4rmung des Quetschgutes ist bei der Verarbeitung nicht feststellbar.<\/p>\n<h3>Frisch-Flocken aus der BIO-FLOCKETT Professional<\/h3>\n<p><strong>Frische<\/strong><br \/>\nFlocken k\u00f6nnen zum Eiwei\u00dfausgleich beitragen und bieten Gef\u00e4\u00dfschutz durch frische Keim\u00f6le<\/p>\n<p><strong>Vertr\u00e4glichkeit<\/strong><br \/>\nF\u00f6rderung der Darmt\u00e4tigkeit durch die anregende \u201eB\u00fcrstenwirkung\u201c der Flocken, optimale Nutzung der Faserstoffe (Ballaststoffe)<\/p>\n<p><strong>Di\u00e4t<\/strong><br \/>\nbesonderer Nutzen f\u00fcr Diabetiker durch langsamen Anstieg und Abfall des Blutzuckerspiegels<\/p>\n<p><strong>Echte Vollwertkost<\/strong><br \/>\nVitamine und Enzyme bleiben weitgehend erhalten<\/p>\n<p><strong>Genu\u00df<\/strong><br \/>\nkerniger Geschmack, angenehmer Kaugenu\u00df, langanhaltender S\u00e4ttigungseffekt<\/p>\n<p><strong>Rohkost<\/strong><br \/>\ngesunde Frische, da Vorbehandlung nicht erforderlich, wird auch unerw\u00fcnschte Keimbildung verhindert<\/p>\n<p><strong>Vielf\u00e4ltigkeit<\/strong><br \/>\ndurch individeulle Zusammenstellung des Quetschgutes und durch vielfache M\u00f6glichkeiten der Weiterverarbeitung<\/p>\n<h3>BIO-FLOCKETT wurde entwickelt und erprobt in der Fachklinik f\u00fcr Stoffwechselkrankheiten, Lindenfeld, Odenwald.<\/h3>\n<p><strong>Leistung<\/strong><br \/>\nje nach Getreideart, Feuchtigkeit und Quetschgrad bis zu 50 kg\/Std.<\/p>\n<p><strong>Antrieb<\/strong><br \/>\n0,75KW Getriebemotor, 400V oder 1-Phasen Wechselstrommotor 230V m\u00f6glich<\/p>\n<p><strong>Walzen<\/strong><br \/>\ngeh\u00e4rtete Quetschwalzen &#8211; eine Garantie f\u00fcr Langlebigkeit und Verschlei\u00dffestigkeit.<br \/>\nBeide Walzen werden durch ein gemeinsames Zahnradpaar synchron angetrieben; dadurch erreicht die Maschine eine optimale Ausbildung der Getreideflocke mit minimalem Feinanteil.<br \/>\nStufenlose Verstellung des Quetschspaltes. Leerlaufsicher.<\/p>\n<p><strong>Drehzahl<\/strong><br \/>\n75 Umdrehungen pro Minute, extrem niedrig und schonend f\u00fcr die Maschine und das Getreide<\/p>\n<p><strong>Ma\u00dfe:<\/strong>\u00a0H\/ 60 cm, B\/ 43 cm, T\/ 55 cm<br \/>\n<strong>Walzen:<\/strong>\u00a0150 mm Durchmesser, 44 mm Breite<br \/>\n<strong>Trichterinhalt:<\/strong>\u00a010kg<br \/>\n<strong>Gewicht:<\/strong>\u00a065 kg<br \/>\n<strong>Maschinenauslaufh\u00f6he:<\/strong> 72cm<br \/>\n<strong>Garantie:<\/strong>\u00a02 Jahre Vollgarantie<\/p>\n<p>Wenn mit der Getreidequetsche Feuchtgetreide gequetscht werden soll, empfiehlt es sich, die Maschine mit gewichtsbelasteten Abstreifern ausr\u00fcsten zu lassen.<\/p>\n<p><strong>Zubeh\u00f6r:<\/strong><br \/>\n<a href=\"https:\/\/luba.de\/produkt\/walzen-abstreifer-fuer-bio-flockett-240-400-volt\/\">gewichtsbelastete Walzen Abstreifer<\/a><br \/>\n<a href=\"https:\/\/luba.de\/produkt\/bodenstaender-fuer-bio-flockett-240-400-volt\/\">Bodenst\u00e4nder<\/a><br \/>\n<a href=\"https:\/\/luba.de\/produkt\/bodenstaender-auf-rollen-fuer-bio-flockett-240-400-v\/\">Bodenst\u00e4nder auf Rollen<\/a><br \/>\n<a href=\"https:\/\/luba.de\/produkt\/tischstaender-fuer-bio-flockett-240-400\/\">Tischst\u00e4nder<\/a><br \/>\n<a href=\"https:\/\/luba.de\/produkt\/zwinge-fuer-bio-flockett-581-582\/\">Zwinge<\/a><br \/>\n<a href=\"https:\/\/luba.de\/produkt\/auffangschale-fuer-bio-flockett\/\">Auffangschale<\/a><\/p>\n","protected":false},"excerpt":{"rendered":"<p>ACHTUNG: Abgebildet ist der Bio Flockett Professional inkl. dem Zubeh\u00f6rartikel: <a href=\"https:\/\/luba.de\/produkt\/bodenstaender-auf-rollen-fuer-bio-flockett-240-400-v\/\">Bodenst\u00e4nder mit Rollen<\/a>. Dieser ist nicht im Lieferumfang enthalten!<\/p>\n","protected":false},"featured_media":16347,"comment_status":"closed","ping_status":"open","template":"","meta":[],"product_brand":[],"product_cat":[259,235],"product_tag":[],"class_list":{"0":"post-16890","1":"product","2":"type-product","3":"status-publish","4":"has-post-thumbnail","6":"product_cat-getreidemuhlen-gewerbegerate","7":"product_cat-gewerbegerate","9":"first","10":"instock","11":"taxable","12":"shipping-taxable","13":"purchasable","14":"product-type-simple"},"_links":{"self":[{"href":"https:\/\/ebay.luba.de\/index.php\/wp-json\/wp\/v2\/product\/16890","targetHints":{"allow":["GET"]}}],"collection":[{"href":"https:\/\/ebay.luba.de\/index.php\/wp-json\/wp\/v2\/product"}],"about":[{"href":"https:\/\/ebay.luba.de\/index.php\/wp-json\/wp\/v2\/types\/product"}],"replies":[{"embeddable":true,"href":"https:\/\/ebay.luba.de\/index.php\/wp-json\/wp\/v2\/comments?post=16890"}],"wp:featuredmedia":[{"embeddable":true,"href":"https:\/\/ebay.luba.de\/index.php\/wp-json\/wp\/v2\/media\/16347"}],"wp:attachment":[{"href":"https:\/\/ebay.luba.de\/index.php\/wp-json\/wp\/v2\/media?parent=16890"}],"wp:term":[{"taxonomy":"product_brand","embeddable":true,"href":"https:\/\/ebay.luba.de\/index.php\/wp-json\/wp\/v2\/product_brand?post=16890"},{"taxonomy":"product_cat","embeddable":true,"href":"https:\/\/ebay.luba.de\/index.php\/wp-json\/wp\/v2\/product_cat?post=16890"},{"taxonomy":"product_tag","embeddable":true,"href":"https:\/\/ebay.luba.de\/index.php\/wp-json\/wp\/v2\/product_tag?post=16890"}],"curies":[{"name":"wp","href":"https:\/\/api.w.org\/{rel}","templated":true}]}}