{"id":16850,"date":"2020-12-06T16:06:24","date_gmt":"2020-12-06T16:06:24","guid":{"rendered":"https:\/\/ebay.luba.de\/index.php\/product\/garkorb-motiv-danke-eckig-05-kg\/"},"modified":"2023-07-10T08:51:05","modified_gmt":"2023-07-10T08:51:05","slug":"garkorb-motiv-danke-eckig-05-kg","status":"publish","type":"product","link":"https:\/\/ebay.luba.de\/index.php\/product\/garkorb-motiv-danke-eckig-05-kg\/","title":{"rendered":"G\u00e4rkorb Motiv Danke, eckig (0,5 kg)"},"content":{"rendered":"<h3>G\u00e4rkorb mit Motiv Danke eckig 0,5 kg<\/h3>\n<p>G\u00e4rkorb aus Peddigrohr mit Holzboden.<\/p>\n<p>Motiv: Danke<\/p>\n<p>Form: eckig<\/p>\n<p>Teigling bis: 0,5 kg<\/p>\n<p>Ma\u00dfe (L\/B\/H): 20x12x7 cm<\/p>\n","protected":false},"excerpt":{"rendered":"<p>G\u00e4rkorb mit Motiv Danke eckig 0,5 kg G\u00e4rkorb aus Peddigrohr mit Holzboden. Motiv: Danke Form: eckig Teigling bis: 0,5 kg Ma\u00dfe (L\/B\/H): 20x12x7 cm<\/p>\n","protected":false},"featured_media":16851,"comment_status":"closed","ping_status":"open","template":"","meta":[],"product_brand":[],"product_cat":[226,262,199],"product_tag":[],"class_list":{"0":"post-16850","1":"product","2":"type-product","3":"status-publish","4":"has-post-thumbnail","6":"product_cat-backen","7":"product_cat-garkorbe","8":"product_cat-kuchenhelfer","10":"first","11":"instock","12":"taxable","13":"shipping-taxable","14":"purchasable","15":"product-type-simple"},"_links":{"self":[{"href":"https:\/\/ebay.luba.de\/index.php\/wp-json\/wp\/v2\/product\/16850","targetHints":{"allow":["GET"]}}],"collection":[{"href":"https:\/\/ebay.luba.de\/index.php\/wp-json\/wp\/v2\/product"}],"about":[{"href":"https:\/\/ebay.luba.de\/index.php\/wp-json\/wp\/v2\/types\/product"}],"replies":[{"embeddable":true,"href":"https:\/\/ebay.luba.de\/index.php\/wp-json\/wp\/v2\/comments?post=16850"}],"wp:featuredmedia":[{"embeddable":true,"href":"https:\/\/ebay.luba.de\/index.php\/wp-json\/wp\/v2\/media\/16851"}],"wp:attachment":[{"href":"https:\/\/ebay.luba.de\/index.php\/wp-json\/wp\/v2\/media?parent=16850"}],"wp:term":[{"taxonomy":"product_brand","embeddable":true,"href":"https:\/\/ebay.luba.de\/index.php\/wp-json\/wp\/v2\/product_brand?post=16850"},{"taxonomy":"product_cat","embeddable":true,"href":"https:\/\/ebay.luba.de\/index.php\/wp-json\/wp\/v2\/product_cat?post=16850"},{"taxonomy":"product_tag","embeddable":true,"href":"https:\/\/ebay.luba.de\/index.php\/wp-json\/wp\/v2\/product_tag?post=16850"}],"curies":[{"name":"wp","href":"https:\/\/api.w.org\/{rel}","templated":true}]}}