{"id":16811,"date":"2020-12-06T16:05:55","date_gmt":"2020-12-06T16:05:55","guid":{"rendered":"https:\/\/ebay.luba.de\/index.php\/product\/eschenfelder-zubehor-sieb-fur-keimkiste-3\/"},"modified":"2022-11-28T14:09:32","modified_gmt":"2022-11-28T14:09:32","slug":"eschenfelder-zubehor-sieb-fur-keimkiste-3","status":"publish","type":"product","link":"https:\/\/ebay.luba.de\/index.php\/product\/eschenfelder-zubehor-sieb-fur-keimkiste-3\/","title":{"rendered":"Eschenfelder Zubeh\u00f6r Sieb f\u00fcr Keimkiste"},"content":{"rendered":"<div class=\"produkt_beschreibung\">\n<p><strong>K<\/strong>: f\u00fcr Sprossen von\u00a0<strong>k<\/strong>leinen\u00a0Saaten, wie z.B. Kresse, Rucola, Senfk\u00f6rner, Alfalfa, Brokkoli usw.<br \/>\n<strong>G<\/strong>: f\u00fcr\u00a0<strong>G<\/strong>etreide, wie Weizen, Roggen, Kamut, Gerste<br \/>\n<strong>S<\/strong>: f\u00fcr\u00a0<strong>S<\/strong>prossen und Gr\u00fcnkraut von gr\u00f6\u00dferen Saaten, wie Sonnenblumenkerne, Azuki- und Mungbohnen, Linsen, Kichererbsen, Bockshornklee, Rettich usw.<\/p>\n<p>Klein: 30 x 40 cm<br \/>\nGro\u00df: 40 x 60 cm<\/p>\n<\/div>\n","protected":false},"excerpt":{"rendered":"<p>K: f\u00fcr Sprossen von\u00a0kleinen\u00a0Saaten, wie z.B. Kresse, Rucola, Senfk\u00f6rner, Alfalfa, Brokkoli usw. G: f\u00fcr\u00a0Getreide, wie Weizen, Roggen, Kamut, Gerste S: f\u00fcr\u00a0Sprossen und Gr\u00fcnkraut von gr\u00f6\u00dferen Saaten, wie Sonnenblumenkerne, Azuki- und Mungbohnen, Linsen, Kichererbsen, Bockshornklee, Rettich usw. Klein: 30 x 40 cm Gro\u00df: 40 x 60 cm<\/p>\n","protected":false},"featured_media":16400,"comment_status":"closed","ping_status":"open","template":"","meta":[],"product_brand":[],"product_cat":[229,230],"product_tag":[],"class_list":{"0":"post-16811","1":"product","2":"type-product","3":"status-publish","4":"has-post-thumbnail","6":"product_cat-ersatzteile","7":"product_cat-eschenfelder","9":"first","10":"instock","11":"taxable","12":"shipping-taxable","13":"purchasable","14":"product-type-simple"},"_links":{"self":[{"href":"https:\/\/ebay.luba.de\/index.php\/wp-json\/wp\/v2\/product\/16811","targetHints":{"allow":["GET"]}}],"collection":[{"href":"https:\/\/ebay.luba.de\/index.php\/wp-json\/wp\/v2\/product"}],"about":[{"href":"https:\/\/ebay.luba.de\/index.php\/wp-json\/wp\/v2\/types\/product"}],"replies":[{"embeddable":true,"href":"https:\/\/ebay.luba.de\/index.php\/wp-json\/wp\/v2\/comments?post=16811"}],"wp:featuredmedia":[{"embeddable":true,"href":"https:\/\/ebay.luba.de\/index.php\/wp-json\/wp\/v2\/media\/16400"}],"wp:attachment":[{"href":"https:\/\/ebay.luba.de\/index.php\/wp-json\/wp\/v2\/media?parent=16811"}],"wp:term":[{"taxonomy":"product_brand","embeddable":true,"href":"https:\/\/ebay.luba.de\/index.php\/wp-json\/wp\/v2\/product_brand?post=16811"},{"taxonomy":"product_cat","embeddable":true,"href":"https:\/\/ebay.luba.de\/index.php\/wp-json\/wp\/v2\/product_cat?post=16811"},{"taxonomy":"product_tag","embeddable":true,"href":"https:\/\/ebay.luba.de\/index.php\/wp-json\/wp\/v2\/product_tag?post=16811"}],"curies":[{"name":"wp","href":"https:\/\/api.w.org\/{rel}","templated":true}]}}