{"id":16804,"date":"2020-12-06T16:05:55","date_gmt":"2020-12-06T16:05:55","guid":{"rendered":"https:\/\/ebay.luba.de\/index.php\/product\/stockli-dorrex-dorrgerat-4\/"},"modified":"2023-09-26T11:51:09","modified_gmt":"2023-09-26T11:51:09","slug":"stockli-dorrex-dorrgerat-4","status":"publish","type":"product","link":"https:\/\/ebay.luba.de\/index.php\/product\/stockli-dorrex-dorrgerat-4\/","title":{"rendered":"St\u00f6ckli D\u00f6rrex D\u00f6rrger\u00e4t &#8211; Verschiedene Modelle Edelstahl, Kunstoff Timer"},"content":{"rendered":"<p>D\u00f6rren mit St\u00f6ckli D\u00f6rrger\u00e4ten ist die nat\u00fcrlichste und einfachste Art, Fr\u00fcchte, Gem\u00fcse, Pilze und Kr\u00e4uter dauerhaft zu konservieren. Ged\u00f6rrtes beh\u00e4lt seinen hohen N\u00e4hrwert und ist daher nicht nur schmackhaft, sondern auch sehr gesund. D\u00f6rrger\u00e4t mit pflegefreundlichem Kunststoffgeh\u00e4use, stufenloser Temperaturfeineinstellung und aktiver Warmluftzirkulation. Die verschiedenen D\u00f6rrzeiten f\u00fcr das jeweilige D\u00f6rrgut sind auf dem transparenten Deckel eingepr\u00e4gt, LED-Anzeige (leuchtet, wenn Heizung in Betrieb ist), inkl. drei D\u00f6rrgittern. Made in Switzerland.\u00a0 Kapazit\u00e4t: das Ger\u00e4t kann mit bis zu zehn D\u00f6rrgittern betrieben werden. Gebrauchsanweisung: Deutsch, Franz\u00f6sisch, Italienisch, Englisch, Holl\u00e4ndisch.<\/p>\n<p>Technische Daten: 230V, 540 W, S+\/CE gepr\u00fcft. 2 Jahre Herstellergarantie.<br \/>\nMa\u00dfe: \u00d8 33,5 cm, H\u00f6he: 27,5 cm Garantie 2 Jahre<\/p>\n<p><strong>Etagen:<\/strong><br \/>\nEdelstahl-Version: Durchsichtiger Kunststoffrahmen und feines Gitter aus Edelstahl (Kunstoffmaterial: SAN und ABS)<br \/>\nWei\u00dfe Kunststoff-Version: Wei\u00dfer Kunststoffrahmen und grobes Gitter aus Kunststoffgitter (Kunstoffmaterial: SAN &amp; PP)<\/p>\n<p>&nbsp;<\/p>\n<div style=\"width: 1920px;\" class=\"wp-video\"><!--[if lt IE 9]><script>document.createElement('video');<\/script><![endif]-->\n<video class=\"wp-video-shortcode\" id=\"video-16804-1\" width=\"1920\" height=\"1080\" preload=\"metadata\" controls=\"controls\"><source type=\"video\/mp4\" src=\"https:\/\/luba.de\/wp-content\/uploads\/2020\/03\/Doerrex-1.mp4?_=1\" \/><a href=\"https:\/\/luba.de\/wp-content\/uploads\/2020\/03\/Doerrex-1.mp4\">https:\/\/luba.de\/wp-content\/uploads\/2020\/03\/Doerrex-1.mp4<\/a><\/video><\/div>\n<p>[ux_banner height=&#8221;500px&#8221; bg=&#8221;9974&#8243; bg_color=&#8221;rgb(255, 255, 255)&#8221; bg_overlay=&#8221;rgba(190, 190, 190, 0.2)&#8221;]<\/p>\n<p>[text_box text_color=&#8221;dark&#8221; width=&#8221;40&#8243; width__sm=&#8221;60&#8243; padding=&#8221;30px 30px 30px 30px&#8221; position_x=&#8221;5&#8243; position_y=&#8221;50&#8243; text_align=&#8221;left&#8221; bg=&#8221;rgb(255, 255, 255)&#8221; depth=&#8221;3&#8243;]<\/p>\n<h3>D\u00f6rrex Varianten<\/h3>\n<div class=\"et_pb_module et_pb_text et_pb_text_1 et_pb_bg_layout_light et_pb_text_align_left\">\n<div class=\"et_pb_text_inner\">\n<p>Apfelringe oder Birnenscheiben, Aprikosen, Tomatenst\u00fccke, Kr\u00e4uter oder Pilze lassen sich mit dem elektrischen D\u00f6rrger\u00e4t behutsam trocknen. Das Schweizer Unternehmen St\u00f6ckli offeriert aus hauseigener Produktion vier unterschiedliche Varianten an, die keine W\u00fcnsche offen lassen. Ob mit oder ohne Zeitschaltuhr zum automatischen abschalten, Kunststoff- oder Metallgitter, entscheiden Sie was Ihnen wichtig ist.<\/p>\n<\/div>\n<\/div>\n<p>[\/text_box]<\/p>\n<p>[\/ux_banner]<br \/>\n[row]<\/p>\n<p>[col span=&#8221;6&#8243; span__sm=&#8221;12&#8243;]<\/p>\n<h3>Grosse Kapazit\u00e4t<\/h3>\n<p>Alle d\u00f6rrex D\u00f6rrger\u00e4te erm\u00f6glichen gleichm\u00e4ssiges Trocknen auf bis zu zehn \u00fcbereinander gestapelten D\u00f6rrgittern. Darauf liegt das ges\u00e4uberte, abgetupfte und meist in Scheiben geschnittene D\u00f6rrgut. Bei stark saftendem D\u00f6rrgut, wie zum Beispiel Gem\u00fcse oder einigen Fr\u00fcchten, empfiehlt sich der Einsatz einer <a href=\"https:\/\/luba.de\/produkt\/silikoneinlage-zu-stoeckli-doerrgitter-2er-pack\/\">Einlage aus Silikon<\/a>. Diese ist ebenso hier bei uns erh\u00e4ltlich. So k\u00f6nnen Sie Fr\u00fcchte, Gem\u00fcse und Kr\u00e4uter auf einfachste Art d\u00f6rren.<\/p>\n<h2>Beste D\u00f6rrresultate durch aktive Zirkulation der Warmluft<\/h2>\n<p>Das Geheimnis f\u00fcr perfektes D\u00f6rren liegt in der stetigen Zirkulation der warmen Luft.<br \/>\nSie erm\u00f6glicht gleichm\u00e4ssiges Trocknen auf \u00fcbereinander gestapelten, runden D\u00f6rrgittern.<br \/>\nIm Unterteil des Geh\u00e4uses befindet sich ein ger\u00e4uscharmer Ventilator. Dabei kann die Temperatur stufenlos zwischen 20\u00b0 und 70\u00b0 C geregelt werden. Ein sanfter Luftstrom trocknet das D\u00f6rrgut von allen Seiten gleichm\u00e4ssig.<\/p>\n<p>[\/col]<br \/>\n[col span=&#8221;6&#8243; span__sm=&#8221;12&#8243;]<\/p>\n<p>[ux_image id=&#8221;9972&#8243;]<\/p>\n<p>[\/col]<\/p>\n<p>[\/row]<br \/>\n[row]<\/p>\n<p>[col span=&#8221;6&#8243; span__sm=&#8221;12&#8243;]<\/p>\n<p>[ux_image id=&#8221;9978&#8243;]<\/p>\n<p>[\/col]<br \/>\n[col span=&#8221;6&#8243; span__sm=&#8221;12&#8243;]<\/p>\n<h3>Swiss Made<\/h3>\n<p>S\u00e4mtliche D\u00f6rrger\u00e4te von St\u00f6ckli sind SWISS MADE. Das hei\u00dft, sie werden im eigenen Betrieb hergestellt in der Schweiz. Beide Eins\u00e4tze\/Etagen sind formstabil und pflegeleicht zu reinigen. Das engmaschige Sieb aus Metall eignet sich auch zum D\u00f6rren von kleinbl\u00e4ttrigen Kr\u00e4utern. Zur Wahl stehen D\u00f6rrger\u00e4te mit und ohne Timer, mit Gittern aus Kunststoff oder Metall.<\/p>\n<p>[\/col]<\/p>\n<p>[\/row]<br \/>\n[row]<\/p>\n<p>[col span=&#8221;8&#8243; span__sm=&#8221;12&#8243;]<\/p>\n<p>[ux_image_box img=&#8221;9984&#8243;]<\/p>\n<h4>Praktisches Zubeh\u00f6r<\/h4>\n<p>Kennen Sie die Einlagen aus Silikon? Diese legt man in die D\u00f6rrgitter ein und eignet sich besonders f\u00fcr das D\u00f6rren von saftendem D\u00f6rrgut. Tomaten, Zwetschgen oder Mangos k\u00f6nnen so viel einfacher ged\u00f6rrt werden. Diese Einlage sorgt daf\u00fcr, dass der Saft des D\u00f6rrgutes nicht durch das Gitter tropft. Die kleinen L\u00f6cher garantieren trotzdem eine optimale Zirkulation der warmen Luft und somit rundum gelungenes D\u00f6rren.<\/p>\n<p>[\/ux_image_box]<\/p>\n<p>[\/col]<br \/>\n[col span=&#8221;4&#8243; span__sm=&#8221;12&#8243;]<\/p>\n<p>[ux_image_box img=&#8221;9980&#8243;]<\/p>\n<h4><a href=\"https:\/\/luba.de\/produkt\/silikoneinlage-zu-stoeckli-doerrgitter-2er-pack\/\">SILIKONEINLAGE<\/a><\/h4>\n<p>Zu D\u00f6rrgitter, f\u00fcr stark saftendes D\u00f6rrgut.<\/p>\n<p>[\/ux_image_box]<\/p>\n<p>[\/col]<\/p>\n<p>[\/row]<br \/>\n[section label=&#8221;Zubeh\u00f6r&#8221;]<\/p>\n<h3>Zubeh\u00f6r f\u00fcr St\u00f6ckli D\u00f6rrex D\u00f6rrger\u00e4t<\/h3>\n<p>[ux_products_list ids=&#8221;1826,1352,1816&#8243;]<\/p>\n<p>[\/section]<br \/>\n[ux_banner height=&#8221;56.25%&#8221; bg=&#8221;9982&#8243; bg_overlay=&#8221;rgba(0, 0, 0, 0.52)&#8221;]<\/p>\n<p>[text_box width=&#8221;27&#8243; position_x=&#8221;10&#8243; position_y=&#8221;25&#8243;]<\/p>\n<h3 class=\"uppercase\"><strong>Food waste vermeiden<\/strong><\/h3>\n<p>Statt \u00fcbrig gebliebenes Obst und Gem\u00fcse wegzuwerfen, k\u00f6nnen Sie es mit dem d\u00f6rrex in leckere, gesunde Snacks verwandeln oder Ihr eigenes Suppengr\u00fcn herstellen.<\/p>\n<p>[\/text_box]<\/p>\n<p>[\/ux_banner]<\/p>\n","protected":false},"excerpt":{"rendered":"<p>inkl. 3 D\u00f6rrgitter<\/p>\n","protected":false},"featured_media":16805,"comment_status":"closed","ping_status":"closed","template":"","meta":[],"product_brand":[],"product_cat":[209,202],"product_tag":[],"class_list":{"0":"post-16804","1":"product","2":"type-product","3":"status-publish","4":"has-post-thumbnail","6":"product_cat-dorrgerate","7":"product_cat-kuchengerate-elektro","9":"first","10":"instock","11":"taxable","12":"shipping-taxable","13":"purchasable","14":"product-type-variable"},"_links":{"self":[{"href":"https:\/\/ebay.luba.de\/index.php\/wp-json\/wp\/v2\/product\/16804","targetHints":{"allow":["GET"]}}],"collection":[{"href":"https:\/\/ebay.luba.de\/index.php\/wp-json\/wp\/v2\/product"}],"about":[{"href":"https:\/\/ebay.luba.de\/index.php\/wp-json\/wp\/v2\/types\/product"}],"replies":[{"embeddable":true,"href":"https:\/\/ebay.luba.de\/index.php\/wp-json\/wp\/v2\/comments?post=16804"}],"wp:featuredmedia":[{"embeddable":true,"href":"https:\/\/ebay.luba.de\/index.php\/wp-json\/wp\/v2\/media\/16805"}],"wp:attachment":[{"href":"https:\/\/ebay.luba.de\/index.php\/wp-json\/wp\/v2\/media?parent=16804"}],"wp:term":[{"taxonomy":"product_brand","embeddable":true,"href":"https:\/\/ebay.luba.de\/index.php\/wp-json\/wp\/v2\/product_brand?post=16804"},{"taxonomy":"product_cat","embeddable":true,"href":"https:\/\/ebay.luba.de\/index.php\/wp-json\/wp\/v2\/product_cat?post=16804"},{"taxonomy":"product_tag","embeddable":true,"href":"https:\/\/ebay.luba.de\/index.php\/wp-json\/wp\/v2\/product_tag?post=16804"}],"curies":[{"name":"wp","href":"https:\/\/api.w.org\/{rel}","templated":true}]}}