{"id":16791,"date":"2020-12-06T16:05:55","date_gmt":"2020-12-06T16:05:55","guid":{"rendered":"https:\/\/ebay.luba.de\/index.php\/product\/kornkraft-fullfix-die-praktische-prazise-und-preisgunstige-portioniermaschine-2\/"},"modified":"2022-11-28T14:09:23","modified_gmt":"2022-11-28T14:09:23","slug":"kornkraft-fullfix-die-praktische-prazise-und-preisgunstige-portioniermaschine-2","status":"publish","type":"product","link":"https:\/\/ebay.luba.de\/index.php\/product\/kornkraft-fullfix-die-praktische-prazise-und-preisgunstige-portioniermaschine-2\/","title":{"rendered":"Kornkraft F\u00fcllfix &#8211; die praktische, pr\u00e4zise und preisg\u00fcnstige Portioniermaschine"},"content":{"rendered":"<p><strong>Einfach, preiswert, schnell<\/strong><\/p>\n<p>Warum kompliziert, wenn\u2019s auch einfach geht:<br \/>\nHier kommt die preisg\u00fcnstige Alternative zur Abf\u00fcllwaage.<\/p>\n<p>Mit dem praktischen Volumendosierer \u201eF\u00fcllfix\u201c von Kornkraft wird Abf\u00fcllen ab sofort zum Kinderspiel:<br \/>\nPr\u00e4zise, schnell und zuverl\u00e4ssig bef\u00fcllen Sie mit dieser manuellen Abf\u00fcllanlage bequem in einer Minute z.B. neun 500 Gramm-Beutel mit frisch ger\u00f6steten Kaffeebohnen.<\/p>\n<p>Ohne umst\u00e4ndliches Programmieren stellen sie den F\u00fcllfix kinderleicht und minutenschnell auf eine andere Abf\u00fcllmenge ein.<\/p>\n<p>Ganz gleich ob Granulate, Pellets, K\u00f6rner, oder andere trockene sch\u00fcttf\u00e4hige G\u00fcter:<br \/>\nDie F\u00fcllmaschine F\u00fcllfix packt\u2019s ab.<\/p>\n<p>&nbsp;<\/p>\n<p>Als Standard kommt der F\u00fcllfix in der Standardauslassgr\u00f6\u00dfe M.<\/p>\n<p>Ebenso auf dem Bild abgebildet folgendes optional erwerbliches Zubeh\u00f6r:<br \/>\n&#8211; Untertisch mit Edelstahlgestell<br \/>\n&#8211; H\u00f6henverstellbarer Sockel<\/p>\n<p>[embedyt] https:\/\/www.youtube.com\/watch?v=IUR1yzpgiI0[\/embedyt]<\/p>\n<p>Lieferung: Inkl. Verpackung, zuz\u00fcglich Versandkosten und Verzollung.<br \/>\nLieferzeit: nach Vereinbarung.<\/p>\n<p>&nbsp;<\/p>\n<p><strong>Zubeh\u00f6r<\/strong><\/p>\n<p>Zusatz-Portionierungslade Gr\u00f6\u00dfe M<br \/>\n704,50 \u20ac<\/p>\n<p>Aufpreis f\u00fcr Sonder-Portionierungsladen (XXS, XS, S, L, XL)<br \/>\n238,00 \u20ac<\/p>\n<p>Trichterdeckel mit Gasdruckfeder und zwei Verschlussspannern<br \/>\n142,00 \u20ac<br \/>\nUntertisch mit Edelstahl-Gestell und gro\u00dfer Aussparung f\u00fcr hohe Beh\u00e4ltnisse<br \/>\n351,00 \u20ac<\/p>\n<p>Manuell h\u00f6henverstellbarer Untertisch (Untertisch mit pulverbesch. Gestell)<br \/>\n934,00 \u20ac<\/p>\n<p>Positionsanzeiger \/ Umdrehungsz\u00e4hler (Farbe: orange od. schwarz)<br \/>\n339,00 \u20ac<\/p>\n<p>H\u00f6henverstellbarer Auflagesockel f\u00fcr zu bef\u00fcllende Beh\u00e4ltnisse<br \/>\n232,00 \u20ac<\/p>\n<p>Unterstellrost f\u00fcr Mehlt\u00fcten<br \/>\n101,00 \u20ac<\/p>\n<p>Auswechsel-Abf\u00fcllstutzen 60mm, 70mm, 80\/83mm, oder 90mm<br \/>\n77,00 \u20ac<\/p>\n<p>Auch Sonder-Abf\u00fcllstutzen zum Bef\u00fcllen von Enghalsflaschen, Materialverdichter oder Sonderger\u00e4te (z.B. f\u00fcr Salz) sind m\u00f6glich.<br \/>\nSonderausf\u00fchrungen und Extras auf Anfrage \u2013 Fordern Sie uns!<\/p>\n","protected":false},"excerpt":{"rendered":"<p>Einfach, preiswert, schnell Warum kompliziert, wenn\u2019s auch einfach geht: Hier kommt die preisg\u00fcnstige Alternative zur Abf\u00fcllwaage. Mit dem praktischen Volumendosierer \u201eF\u00fcllfix\u201c von Kornkraft wird Abf\u00fcllen ab sofort zum Kinderspiel: Pr\u00e4zise, schnell und zuverl\u00e4ssig bef\u00fcllen Sie mit dieser manuellen Abf\u00fcllanlage bequem in einer Minute z.B. neun 500 Gramm-Beutel mit frisch ger\u00f6steten Kaffeebohnen. Ohne umst\u00e4ndliches Programmieren stellen [&hellip;]<\/p>\n","protected":false},"featured_media":16401,"comment_status":"closed","ping_status":"open","template":"","meta":[],"product_brand":[],"product_cat":[329,235],"product_tag":[],"class_list":{"0":"post-16791","1":"product","2":"type-product","3":"status-publish","4":"has-post-thumbnail","6":"product_cat-abfullstationen","7":"product_cat-gewerbegerate","9":"first","10":"instock","11":"taxable","12":"shipping-taxable","13":"purchasable","14":"product-type-simple"},"_links":{"self":[{"href":"https:\/\/ebay.luba.de\/index.php\/wp-json\/wp\/v2\/product\/16791","targetHints":{"allow":["GET"]}}],"collection":[{"href":"https:\/\/ebay.luba.de\/index.php\/wp-json\/wp\/v2\/product"}],"about":[{"href":"https:\/\/ebay.luba.de\/index.php\/wp-json\/wp\/v2\/types\/product"}],"replies":[{"embeddable":true,"href":"https:\/\/ebay.luba.de\/index.php\/wp-json\/wp\/v2\/comments?post=16791"}],"wp:featuredmedia":[{"embeddable":true,"href":"https:\/\/ebay.luba.de\/index.php\/wp-json\/wp\/v2\/media\/16401"}],"wp:attachment":[{"href":"https:\/\/ebay.luba.de\/index.php\/wp-json\/wp\/v2\/media?parent=16791"}],"wp:term":[{"taxonomy":"product_brand","embeddable":true,"href":"https:\/\/ebay.luba.de\/index.php\/wp-json\/wp\/v2\/product_brand?post=16791"},{"taxonomy":"product_cat","embeddable":true,"href":"https:\/\/ebay.luba.de\/index.php\/wp-json\/wp\/v2\/product_cat?post=16791"},{"taxonomy":"product_tag","embeddable":true,"href":"https:\/\/ebay.luba.de\/index.php\/wp-json\/wp\/v2\/product_tag?post=16791"}],"curies":[{"name":"wp","href":"https:\/\/api.w.org\/{rel}","templated":true}]}}