{"id":16423,"date":"2020-12-06T15:57:30","date_gmt":"2020-12-06T15:57:30","guid":{"rendered":"https:\/\/ebay.luba.de\/index.php\/product\/waldner-gewerbeflocker-herculez\/"},"modified":"2023-02-02T08:55:04","modified_gmt":"2023-02-02T08:55:04","slug":"waldner-gewerbeflocker-herculez","status":"publish","type":"product","link":"https:\/\/ebay.luba.de\/index.php\/product\/waldner-gewerbeflocker-herculez\/","title":{"rendered":"Waldner Gewerbeflocker Herculez"},"content":{"rendered":"<p>Mit seinen Edelstahlwalzen quetscht der Gewerbeflocker HERCULEZ spielend bis zu 30 kg Getreide pro Stunde. Die Quetschwalzen sind stufenlos von fein bis grob einstellbar. Der Gewerbeflocker kann nicht nur Hafer geschmeidig quetschen, auch viele andere Arten von Getreide, wie Dinkel, Weizen oder Roggen. Auch Saaten wie Leinsamen, Sesam und Mohn, sowie Gew\u00fcrze, z.B. Fenchel, K\u00fcmmel oder Koreander k\u00f6nnen verarbeitet werden.<\/p>\n<p>&nbsp;<\/p>\n<p><span class=\"product-fields-title-wrapper\"><span class=\"product-fields-title\"><strong>TECHNISCHE DATEN<\/strong><\/span><\/span><\/p>\n<div class=\"product-field-display\">\n<p><strong>Holzart:<\/strong>\u00a0Zirbe<\/p>\n<p><strong>Quetschleistung:<\/strong>\u00a030kg\/h<\/p>\n<p><strong>Quetschwerk:\u00a0<\/strong>verstellbare Edelstahlwalzen<\/p>\n<p><strong>Trichterf\u00fcllmenge<\/strong>: 4.000 g<\/p>\n<p><strong>Quetschwalzen:\u00a0<\/strong>\u00f8 5cm; 3,8 cm breit<\/p>\n<p><strong>Quetschwalzen-Drehzahl:\u00a0<\/strong>59\/min<\/p>\n<p><strong>Ma\u00dfe<\/strong>\u00a0<strong>H \/ T \/ L:<\/strong>\u00a067 \/ 32 \/ 43 cm<\/p>\n<p><strong>Motor:\u00a0<\/strong>230 V \/ 0,75 kW<\/p>\n<p><strong>Gewicht<\/strong>: \u00a039 kg<\/p>\n<p><strong>Garantie:<\/strong>\u00a0 2 Jahre<\/p>\n<\/div>\n<p>[embedyt] https:\/\/www.youtube.com\/watch?v=Gq58ju6GYro[\/embedyt]<\/p>\n","protected":false},"excerpt":{"rendered":"<p>Mit seinen Edelstahlwalzen quetscht der Gewerbeflocker HERCULEZ spielend bis zu 30 kg Getreide pro Stunde. Die Quetschwalzen sind stufenlos von fein bis grob einstellbar. Der Gewerbeflocker kann nicht nur Hafer geschmeidig quetschen, auch viele andere Arten von Getreide, wie Dinkel, Weizen oder Roggen. Auch Saaten wie Leinsamen, Sesam und Mohn, sowie Gew\u00fcrze, z.B. Fenchel, K\u00fcmmel [&hellip;]<\/p>\n","protected":false},"featured_media":16424,"comment_status":"closed","ping_status":"open","template":"","meta":[],"product_brand":[],"product_cat":[235],"product_tag":[],"class_list":{"0":"post-16423","1":"product","2":"type-product","3":"status-publish","4":"has-post-thumbnail","6":"product_cat-gewerbegerate","8":"first","9":"instock","10":"taxable","11":"shipping-taxable","12":"purchasable","13":"product-type-simple"},"_links":{"self":[{"href":"https:\/\/ebay.luba.de\/index.php\/wp-json\/wp\/v2\/product\/16423","targetHints":{"allow":["GET"]}}],"collection":[{"href":"https:\/\/ebay.luba.de\/index.php\/wp-json\/wp\/v2\/product"}],"about":[{"href":"https:\/\/ebay.luba.de\/index.php\/wp-json\/wp\/v2\/types\/product"}],"replies":[{"embeddable":true,"href":"https:\/\/ebay.luba.de\/index.php\/wp-json\/wp\/v2\/comments?post=16423"}],"wp:featuredmedia":[{"embeddable":true,"href":"https:\/\/ebay.luba.de\/index.php\/wp-json\/wp\/v2\/media\/16424"}],"wp:attachment":[{"href":"https:\/\/ebay.luba.de\/index.php\/wp-json\/wp\/v2\/media?parent=16423"}],"wp:term":[{"taxonomy":"product_brand","embeddable":true,"href":"https:\/\/ebay.luba.de\/index.php\/wp-json\/wp\/v2\/product_brand?post=16423"},{"taxonomy":"product_cat","embeddable":true,"href":"https:\/\/ebay.luba.de\/index.php\/wp-json\/wp\/v2\/product_cat?post=16423"},{"taxonomy":"product_tag","embeddable":true,"href":"https:\/\/ebay.luba.de\/index.php\/wp-json\/wp\/v2\/product_tag?post=16423"}],"curies":[{"name":"wp","href":"https:\/\/api.w.org\/{rel}","templated":true}]}}