{"id":16306,"date":"2020-12-06T15:55:35","date_gmt":"2020-12-06T15:55:35","guid":{"rendered":"https:\/\/ebay.luba.de\/index.php\/product\/angel-juicer-entsafter-4\/"},"modified":"2023-09-26T10:51:08","modified_gmt":"2023-09-26T10:51:08","slug":"angel-juicer-entsafter-4","status":"publish","type":"product","link":"https:\/\/ebay.luba.de\/index.php\/product\/angel-juicer-entsafter-4\/","title":{"rendered":"Angel Juicer Entsafter 8500"},"content":{"rendered":"<p>Sowohl der 8500, 7500 als auch der 5500 verf\u00fcgen \u00fcber einen Sensor, der beim \u00dcberf\u00fcllen des Entsafters durch zu viel Pressgut (vor allem bei Blattgr\u00fcn) den Motor stoppt und somit zuverl\u00e4ssig vor einer Besch\u00e4digung des Motors oder Siebgeh\u00e4uses sch\u00fctzt. Der 8500 sowie 7500 hat zus\u00e4tzlich einen Sensor, der dann automatisch in den R\u00fcckw\u00e4rtsgang schaltet. Dies mu\u00df beim 5500 manuell (durch Dr\u00fccken der R\u00fcckw\u00e4rtstaste f\u00fcr wenige Sekunden) gemacht werden. F\u00fcr mehr Komfort und Sicherheit beim Entsaften ist diese Automatik auf jeden Fall empfehlenswert.<br \/>\nEntsaftungsmethode: Zwillings-Presskolben (twin gear), Geschwindigkeit: nur 82 Umdrehungen pro Minute, Leistung: 180 Watt &#8211; luftgek\u00fchlter Motor Abmessungen: 194 x 261 x 505 mm (Breite x H\u00f6he x Tiefe),Gewicht: ca. 9,4 kg,Garantiezeit: 5 Jahre* (Motorblock\/Vorsatz)<br \/>\nLieferumfang: Grundger\u00e4t bestehend aus Motorblock, &#8211; sowie Vorsatz bestehend aus Siebgeh\u00e4use fein &#8211; Zwillings-Presswalzen, &#8211; Sieb-Abdeckung, &#8211; Holzstopfer, &#8211; 1-Liter Saftauffangbeh\u00e4lter aus lebensmittelechtem Kunststoff, &#8211; Tresterauffangbeh\u00e4lter aus lebensmittelechtem Kunststoff , &#8211; Reinigungsb\u00fcrste, &#8211; Reinigungs-Schaber (Messer), &#8211; Siebdichtung aus Silikon, &#8211; deutsche und englische ausf\u00fchrliche Bedienungsanleitung.<\/p>\n<p>Technische Daten Angel Juicer 5500: SUS 304, Edelstahl<br \/>\nTechnische Daten Angel Juicer 7500: SUS 304, Edelstahl<br \/>\nTechnische Daten Angel Juicer 8500: SUS 316, Edelstahl<br \/>\nDer Angel Juicer 8500 &amp; 8500s sind seit Jahren das identische Modell &#8211; im Markt haben diese jedoch unterschiedliche Namen.<\/p>\n","protected":false},"excerpt":{"rendered":"<p>Sowohl der 8500, 7500 als auch der 5500 verf\u00fcgen \u00fcber einen Sensor, der beim \u00dcberf\u00fcllen des Entsafters durch zu viel Pressgut (vor allem bei Blattgr\u00fcn) den Motor stoppt und somit zuverl\u00e4ssig vor einer Besch\u00e4digung des Motors oder Siebgeh\u00e4uses sch\u00fctzt. Der 8500 sowie 7500 hat zus\u00e4tzlich einen Sensor, der dann automatisch in den R\u00fcckw\u00e4rtsgang schaltet. Dies [&hellip;]<\/p>\n","protected":false},"featured_media":16159,"comment_status":"closed","ping_status":"closed","template":"","meta":[],"product_brand":[],"product_cat":[298,252,202],"product_tag":[],"class_list":{"0":"post-16306","1":"product","2":"type-product","3":"status-publish","4":"has-post-thumbnail","6":"product_cat-angel-juicer","7":"product_cat-entsafter","8":"product_cat-kuchengerate-elektro","10":"first","11":"instock","12":"taxable","13":"shipping-taxable","14":"purchasable","15":"product-type-simple"},"_links":{"self":[{"href":"https:\/\/ebay.luba.de\/index.php\/wp-json\/wp\/v2\/product\/16306","targetHints":{"allow":["GET"]}}],"collection":[{"href":"https:\/\/ebay.luba.de\/index.php\/wp-json\/wp\/v2\/product"}],"about":[{"href":"https:\/\/ebay.luba.de\/index.php\/wp-json\/wp\/v2\/types\/product"}],"replies":[{"embeddable":true,"href":"https:\/\/ebay.luba.de\/index.php\/wp-json\/wp\/v2\/comments?post=16306"}],"wp:featuredmedia":[{"embeddable":true,"href":"https:\/\/ebay.luba.de\/index.php\/wp-json\/wp\/v2\/media\/16159"}],"wp:attachment":[{"href":"https:\/\/ebay.luba.de\/index.php\/wp-json\/wp\/v2\/media?parent=16306"}],"wp:term":[{"taxonomy":"product_brand","embeddable":true,"href":"https:\/\/ebay.luba.de\/index.php\/wp-json\/wp\/v2\/product_brand?post=16306"},{"taxonomy":"product_cat","embeddable":true,"href":"https:\/\/ebay.luba.de\/index.php\/wp-json\/wp\/v2\/product_cat?post=16306"},{"taxonomy":"product_tag","embeddable":true,"href":"https:\/\/ebay.luba.de\/index.php\/wp-json\/wp\/v2\/product_tag?post=16306"}],"curies":[{"name":"wp","href":"https:\/\/api.w.org\/{rel}","templated":true}]}}