{"id":16297,"date":"2020-12-06T15:55:35","date_gmt":"2020-12-06T15:55:35","guid":{"rendered":"https:\/\/ebay.luba.de\/index.php\/product\/kitchenaid-artisan-standmixer-6\/"},"modified":"2022-11-28T14:09:35","modified_gmt":"2022-11-28T14:09:35","slug":"kitchenaid-artisan-standmixer-6","status":"publish","type":"product","link":"https:\/\/ebay.luba.de\/index.php\/product\/kitchenaid-artisan-standmixer-6\/","title":{"rendered":"KitchenAid Artisan Standmixer"},"content":{"rendered":"<p>Der Mixer mit der Clean-Touch-Bedienungsleiste, glatte Oberfl\u00e4che f\u00fcr leichte Reinigung der Tasten.<br \/>\n\u00dcbersichtliche Geschwindigkeitsfunktionen wie Eis splittern, hacken, mixen, p\u00fcrieren, shaken und einer Impulse-Stufe. Mit dieser kann jede Geschwindikeit kombiniert werden.<\/p>\n<p>Robuster Glasaufsatz f\u00fcr 1,25 Liter F\u00fcllmenge. Das Glas ist sp\u00fclmaschinengeeignet.<br \/>\nDas Edelstahlmesser ist 2 mm stark.<br \/>\nMotorleistung 550 Watt.<\/p>\n","protected":false},"excerpt":{"rendered":"<p>Der Mixer mit der Clean-Touch-Bedienungsleiste, glatte Oberfl\u00e4che f\u00fcr leichte Reinigung der Tasten. \u00dcbersichtliche Geschwindigkeitsfunktionen wie Eis splittern, hacken, mixen, p\u00fcrieren, shaken und einer Impulse-Stufe. Mit dieser kann jede Geschwindikeit kombiniert werden. Robuster Glasaufsatz f\u00fcr 1,25 Liter F\u00fcllmenge. Das Glas ist sp\u00fclmaschinengeeignet. Das Edelstahlmesser ist 2 mm stark. Motorleistung 550 Watt.<\/p>\n","protected":false},"featured_media":16289,"comment_status":"closed","ping_status":"open","template":"","meta":[],"product_brand":[],"product_cat":[202,241],"product_tag":[],"class_list":{"0":"post-16297","1":"product","2":"type-product","3":"status-publish","4":"has-post-thumbnail","6":"product_cat-kuchengerate-elektro","7":"product_cat-mixer-blender","9":"first","10":"instock","11":"taxable","12":"shipping-taxable","13":"purchasable","14":"product-type-simple"},"_links":{"self":[{"href":"https:\/\/ebay.luba.de\/index.php\/wp-json\/wp\/v2\/product\/16297","targetHints":{"allow":["GET"]}}],"collection":[{"href":"https:\/\/ebay.luba.de\/index.php\/wp-json\/wp\/v2\/product"}],"about":[{"href":"https:\/\/ebay.luba.de\/index.php\/wp-json\/wp\/v2\/types\/product"}],"replies":[{"embeddable":true,"href":"https:\/\/ebay.luba.de\/index.php\/wp-json\/wp\/v2\/comments?post=16297"}],"wp:featuredmedia":[{"embeddable":true,"href":"https:\/\/ebay.luba.de\/index.php\/wp-json\/wp\/v2\/media\/16289"}],"wp:attachment":[{"href":"https:\/\/ebay.luba.de\/index.php\/wp-json\/wp\/v2\/media?parent=16297"}],"wp:term":[{"taxonomy":"product_brand","embeddable":true,"href":"https:\/\/ebay.luba.de\/index.php\/wp-json\/wp\/v2\/product_brand?post=16297"},{"taxonomy":"product_cat","embeddable":true,"href":"https:\/\/ebay.luba.de\/index.php\/wp-json\/wp\/v2\/product_cat?post=16297"},{"taxonomy":"product_tag","embeddable":true,"href":"https:\/\/ebay.luba.de\/index.php\/wp-json\/wp\/v2\/product_tag?post=16297"}],"curies":[{"name":"wp","href":"https:\/\/api.w.org\/{rel}","templated":true}]}}