{"id":16273,"date":"2020-12-06T15:55:35","date_gmt":"2020-12-06T15:55:35","guid":{"rendered":"https:\/\/ebay.luba.de\/index.php\/product\/hawos-novum\/"},"modified":"2023-09-26T06:51:10","modified_gmt":"2023-09-26T06:51:10","slug":"hawos-novum","status":"publish","type":"product","link":"https:\/\/ebay.luba.de\/index.php\/product\/hawos-novum\/","title":{"rendered":"hawos Novum"},"content":{"rendered":"<p>Transluzentes Design f\u00fcr die moderne K\u00fcche: Aus dem Hightech-Kunststoff Makrolon gefertigt, vereint die Novum Leistung und Leichtigkeit in einer M\u00fchle.<\/p>\n<p>In unterschiedlichen Farben erh\u00e4ltlich, erg\u00e4nzt Novum jede K\u00fcche um ein individuelles Highlight.<\/p>\n<p>Mahlleistung bei Einstellung &#8220;fein&#8221;: ca. 125 g\/min.<br \/>\nRobuste Mahlsteine, 100 mm \u00f8, Korund\/Keramik, selbstnachsch\u00e4rfend<br \/>\nMotorleistung: 360 Watt.<br \/>\nMa\u00dfe: H 380 x B 200 x T 200 mm \u00f8<br \/>\n*Die Auffangsch\u00fcssel ist im Lieferumfang enthalten.<\/p>\n","protected":false},"excerpt":{"rendered":"<p>Transluzentes Design f\u00fcr die moderne K\u00fcche: Aus dem Hightech-Kunststoff Makrolon gefertigt, vereint die Novum Leistung und Leichtigkeit in einer M\u00fchle. In unterschiedlichen Farben erh\u00e4ltlich, erg\u00e4nzt Novum jede K\u00fcche um ein individuelles Highlight. Mahlleistung bei Einstellung &#8220;fein&#8221;: ca. 125 g\/min. Robuste Mahlsteine, 100 mm \u00f8, Korund\/Keramik, selbstnachsch\u00e4rfend Motorleistung: 360 Watt. Ma\u00dfe: H 380 x B 200 [&hellip;]<\/p>\n","protected":false},"featured_media":16274,"comment_status":"closed","ping_status":"open","template":"","meta":[],"product_brand":[],"product_cat":[222,202],"product_tag":[],"class_list":{"0":"post-16273","1":"product","2":"type-product","3":"status-publish","4":"has-post-thumbnail","6":"product_cat-getreidemuhlen-kuchengerate-elektro","7":"product_cat-kuchengerate-elektro","9":"first","10":"instock","11":"taxable","12":"shipping-taxable","13":"purchasable","14":"product-type-simple"},"_links":{"self":[{"href":"https:\/\/ebay.luba.de\/index.php\/wp-json\/wp\/v2\/product\/16273","targetHints":{"allow":["GET"]}}],"collection":[{"href":"https:\/\/ebay.luba.de\/index.php\/wp-json\/wp\/v2\/product"}],"about":[{"href":"https:\/\/ebay.luba.de\/index.php\/wp-json\/wp\/v2\/types\/product"}],"replies":[{"embeddable":true,"href":"https:\/\/ebay.luba.de\/index.php\/wp-json\/wp\/v2\/comments?post=16273"}],"wp:featuredmedia":[{"embeddable":true,"href":"https:\/\/ebay.luba.de\/index.php\/wp-json\/wp\/v2\/media\/16274"}],"wp:attachment":[{"href":"https:\/\/ebay.luba.de\/index.php\/wp-json\/wp\/v2\/media?parent=16273"}],"wp:term":[{"taxonomy":"product_brand","embeddable":true,"href":"https:\/\/ebay.luba.de\/index.php\/wp-json\/wp\/v2\/product_brand?post=16273"},{"taxonomy":"product_cat","embeddable":true,"href":"https:\/\/ebay.luba.de\/index.php\/wp-json\/wp\/v2\/product_cat?post=16273"},{"taxonomy":"product_tag","embeddable":true,"href":"https:\/\/ebay.luba.de\/index.php\/wp-json\/wp\/v2\/product_tag?post=16273"}],"curies":[{"name":"wp","href":"https:\/\/api.w.org\/{rel}","templated":true}]}}