{"id":16270,"date":"2020-12-06T15:55:17","date_gmt":"2020-12-06T15:55:17","guid":{"rendered":"https:\/\/ebay.luba.de\/index.php\/product\/blendtec-designer-725-3\/"},"modified":"2023-09-26T06:51:17","modified_gmt":"2023-09-26T06:51:17","slug":"blendtec-designer-725-3","status":"publish","type":"product","link":"https:\/\/ebay.luba.de\/index.php\/product\/blendtec-designer-725-3\/","title":{"rendered":"Blendtec Designer 725 Dunkelgrau Metallic"},"content":{"rendered":"<p>Der Blendtec Designer 725 verf\u00fcgt \u00fcber sechs ma\u00dfgeschneiderte Programmabl\u00e4ufe: Smoothie, Dips, Sorbet, Obstmus (aus ganzen Fr\u00fcchten), hei\u00dfe Suppe und Reinigung. Bei der Verwendung eines Programmes werden zus\u00e4tzliche Gerichte angezeigt, um dem Nutzer die Vielseitigkeit der Funktionen zu verdeutlichen. 100 Geschwindigkeitsstufen sowie 100 Pulse-Geschwindigkeiten.\u00a0 Lieferumfang: Motorblock 725, WildSide+ Jar Beh\u00e4lter, 2,6l Ma\u00dfe: H\u00f6he 39,6 cm, Breite 17,8 cm, Tiefe 23,4 cm Maximale Motorleistung 3,8 PS, Mixbecher BPA-frei, Garantie 8 Jahre.<\/p>\n","protected":false},"excerpt":{"rendered":"<p>Der Blendtec Designer 725 verf\u00fcgt \u00fcber sechs ma\u00dfgeschneiderte Programmabl\u00e4ufe: Smoothie, Dips, Sorbet, Obstmus (aus ganzen Fr\u00fcchten), hei\u00dfe Suppe und Reinigung. Bei der Verwendung eines Programmes werden zus\u00e4tzliche Gerichte angezeigt, um dem Nutzer die Vielseitigkeit der Funktionen zu verdeutlichen. 100 Geschwindigkeitsstufen sowie 100 Pulse-Geschwindigkeiten.\u00a0 Lieferumfang: Motorblock 725, WildSide+ Jar Beh\u00e4lter, 2,6l Ma\u00dfe: H\u00f6he 39,6 cm, Breite [&hellip;]<\/p>\n","protected":false},"featured_media":16271,"comment_status":"closed","ping_status":"closed","template":"","meta":[],"product_brand":[],"product_cat":[202,241],"product_tag":[],"class_list":{"0":"post-16270","1":"product","2":"type-product","3":"status-publish","4":"has-post-thumbnail","6":"product_cat-kuchengerate-elektro","7":"product_cat-mixer-blender","9":"first","10":"instock","11":"taxable","12":"shipping-taxable","13":"purchasable","14":"product-type-simple"},"_links":{"self":[{"href":"https:\/\/ebay.luba.de\/index.php\/wp-json\/wp\/v2\/product\/16270","targetHints":{"allow":["GET"]}}],"collection":[{"href":"https:\/\/ebay.luba.de\/index.php\/wp-json\/wp\/v2\/product"}],"about":[{"href":"https:\/\/ebay.luba.de\/index.php\/wp-json\/wp\/v2\/types\/product"}],"replies":[{"embeddable":true,"href":"https:\/\/ebay.luba.de\/index.php\/wp-json\/wp\/v2\/comments?post=16270"}],"wp:featuredmedia":[{"embeddable":true,"href":"https:\/\/ebay.luba.de\/index.php\/wp-json\/wp\/v2\/media\/16271"}],"wp:attachment":[{"href":"https:\/\/ebay.luba.de\/index.php\/wp-json\/wp\/v2\/media?parent=16270"}],"wp:term":[{"taxonomy":"product_brand","embeddable":true,"href":"https:\/\/ebay.luba.de\/index.php\/wp-json\/wp\/v2\/product_brand?post=16270"},{"taxonomy":"product_cat","embeddable":true,"href":"https:\/\/ebay.luba.de\/index.php\/wp-json\/wp\/v2\/product_cat?post=16270"},{"taxonomy":"product_tag","embeddable":true,"href":"https:\/\/ebay.luba.de\/index.php\/wp-json\/wp\/v2\/product_tag?post=16270"}],"curies":[{"name":"wp","href":"https:\/\/api.w.org\/{rel}","templated":true}]}}