{"id":16256,"date":"2020-12-06T15:55:17","date_gmt":"2020-12-06T15:55:17","guid":{"rendered":"https:\/\/ebay.luba.de\/index.php\/product\/blendtec-designer-625-5\/"},"modified":"2022-09-02T06:51:12","modified_gmt":"2022-09-02T06:51:12","slug":"blendtec-designer-625-5","status":"publish","type":"product","link":"https:\/\/ebay.luba.de\/index.php\/product\/blendtec-designer-625-5\/","title":{"rendered":"Blendtec Designer 625"},"content":{"rendered":"<p>Design und Technik der n\u00e4chsten Generation. Der 3-PS-Motor sorgt kraftvoll f\u00fcr eine hohe Umdrehungszahl. Das Touchpad mit integrierter LED-Anzeige f\u00fcr vorprogrammierte Einstellungen zur Zubereitung von cremigen Smoothies, Obst- oder Gem\u00fcses\u00e4ften, Eiscreme und Suppen ist durch Ber\u00fchrung des Bedienfeldes in der Geschwindigkeit separat regulierbar. Kaffeebohnen mahlen oder Kuchenteig kneten, im beiliegenden Rezeptheft finden Sie viele Anregungen und Rezepte.<\/p>\n","protected":false},"excerpt":{"rendered":"<p>Design und Technik der n\u00e4chsten Generation. Der 3-PS-Motor sorgt kraftvoll f\u00fcr eine hohe Umdrehungszahl. Das Touchpad mit integrierter LED-Anzeige f\u00fcr vorprogrammierte Einstellungen zur Zubereitung von cremigen Smoothies, Obst- oder Gem\u00fcses\u00e4ften, Eiscreme und Suppen ist durch Ber\u00fchrung des Bedienfeldes in der Geschwindigkeit separat regulierbar. Kaffeebohnen mahlen oder Kuchenteig kneten, im beiliegenden Rezeptheft finden Sie viele Anregungen [&hellip;]<\/p>\n","protected":false},"featured_media":16093,"comment_status":"closed","ping_status":"open","template":"","meta":[],"product_brand":[],"product_cat":[202,241],"product_tag":[],"class_list":{"0":"post-16256","1":"product","2":"type-product","3":"status-publish","4":"has-post-thumbnail","6":"product_cat-kuchengerate-elektro","7":"product_cat-mixer-blender","9":"first","10":"outofstock","11":"taxable","12":"shipping-taxable","13":"purchasable","14":"product-type-simple"},"_links":{"self":[{"href":"https:\/\/ebay.luba.de\/index.php\/wp-json\/wp\/v2\/product\/16256","targetHints":{"allow":["GET"]}}],"collection":[{"href":"https:\/\/ebay.luba.de\/index.php\/wp-json\/wp\/v2\/product"}],"about":[{"href":"https:\/\/ebay.luba.de\/index.php\/wp-json\/wp\/v2\/types\/product"}],"replies":[{"embeddable":true,"href":"https:\/\/ebay.luba.de\/index.php\/wp-json\/wp\/v2\/comments?post=16256"}],"wp:featuredmedia":[{"embeddable":true,"href":"https:\/\/ebay.luba.de\/index.php\/wp-json\/wp\/v2\/media\/16093"}],"wp:attachment":[{"href":"https:\/\/ebay.luba.de\/index.php\/wp-json\/wp\/v2\/media?parent=16256"}],"wp:term":[{"taxonomy":"product_brand","embeddable":true,"href":"https:\/\/ebay.luba.de\/index.php\/wp-json\/wp\/v2\/product_brand?post=16256"},{"taxonomy":"product_cat","embeddable":true,"href":"https:\/\/ebay.luba.de\/index.php\/wp-json\/wp\/v2\/product_cat?post=16256"},{"taxonomy":"product_tag","embeddable":true,"href":"https:\/\/ebay.luba.de\/index.php\/wp-json\/wp\/v2\/product_tag?post=16256"}],"curies":[{"name":"wp","href":"https:\/\/api.w.org\/{rel}","templated":true}]}}