{"id":16247,"date":"2020-12-06T15:55:17","date_gmt":"2020-12-06T15:55:17","guid":{"rendered":"https:\/\/ebay.luba.de\/index.php\/product\/gastroback-design-multi-juicer-4in1-40152\/"},"modified":"2023-05-31T08:51:05","modified_gmt":"2023-05-31T08:51:05","slug":"gastroback-design-multi-juicer-4in1-40152","status":"publish","type":"product","link":"https:\/\/ebay.luba.de\/index.php\/product\/gastroback-design-multi-juicer-4in1-40152\/","title":{"rendered":"Gastroback Design Multi Juicer 4in1,  40152"},"content":{"rendered":"<p>Gastroback Design Multi Juicer 4in1 &#8211; Entsafter, Standmixer, Schnellzerkleinerer und Kaffem\u00fchle.  Hochwertiges Edelstahl-Design, 5 Geschwindigkeitsstufen, 1300 Watt Profi-Motor \/ elektronisch geregelt \/ besonders leise, Schnelle und einfache Reinigung (sp\u00fclmaschinengeeignet), Rutschfeste Standf\u00fc\u00dfe Funktion Entsafter: XXL_-_Einf\u00fcllschacht (\u00d8 84_mm), Ganze \u00c4pfel, M\u00f6hren und andere Fr\u00fcchte in Sekunden entsaften \u2013 kein Vorschneiden der Fr\u00fcchte, Edelstahl_-_Mikro_-_Sieb f\u00fcr feinste S\u00e4fte, titanbeschichtet (TiN), Saftbox mit Skalierung (200 -_1200_ml) und Schaumabstreifer, Saftauslauf mit Spritzschutz und Tropfstopp, 2 Liter Tresterbeh\u00e4lter Funktion Standmixer: 1,5 Liter Glasbeh\u00e4lter mit Skalierung, hitze- und k\u00e4ltebest\u00e4ndig, Anwendungen: Eis-Crushen, Frucht- und Fitnessdrinks, Milchshakes, Smoothies, Cocktails, Suppen, Salsa-Saucen, Gew\u00fcrzpasten, Gem\u00fcsep\u00fcree und Babynahrung, 4-fach Edelstahlmesser, titanbeschichtet (TiN), Deckel mit integriertem Messbecher und Nachf\u00fcll\u00f6ffnung, Safety Interlock, Funktion Schnellzerkleinerer: Vielseitig einsetzbar: Zerschneidet und zerkleinert Obst, Gem\u00fcse, Fleisch, Fisch und N\u00fcsse innerhalb weniger Sekunden, 500_ml Glasbeh\u00e4lter, 4-fach Edelstahlmesser, titanbeschichtet (TiN) Funktion Kaffeem\u00fchle: Edelstahl-Schlagmahlwerk, titanbeschichtet (TiN), 200_ml Glasbeh\u00e4lter, Kapazit\u00e4t f\u00fcr bis zu 150_g Kaffeebohnen, f\u00fcr Kaffeepulver in grober bis feiner K\u00f6rnung, f\u00fcr Filterkaffee bis Espresso und auch f\u00fcr Gew\u00fcrze, Getreide, Salz oder N\u00fcsse  Technische Daten: 1300 Watt, Fassungsverm\u00f6gen Saftbeh\u00e4lter 1200 ml, Fassungsverm\u00f6gen Fruchtfleisch-Beh\u00e4lter: 2000 ml, 220-240 Volt, 50\/60 Hz, Breite: 200 mm, H\u00f6he 228 mm, Tiefe 211 mm, Gewicht 3 kg, Lieferumfang: Entsafter, Standmixaufsatz, Zerkleinereraufsatz, Kaffeem\u00fchle, Bedienungsanleitung<\/p>\n","protected":false},"excerpt":{"rendered":"<p>Gastroback Design Multi Juicer 4in1 &#8211; Entsafter, Standmixer, Schnellzerkleinerer und Kaffem\u00fchle. Hochwertiges Edelstahl-Design, 5 Geschwindigkeitsstufen, 1300 Watt Profi-Motor \/ elektronisch geregelt \/ besonders leise, Schnelle und einfache Reinigung (sp\u00fclmaschinengeeignet), Rutschfeste Standf\u00fc\u00dfe Funktion Entsafter: XXL_-_Einf\u00fcllschacht (\u00d8 84_mm), Ganze \u00c4pfel, M\u00f6hren und andere Fr\u00fcchte in Sekunden entsaften \u2013 kein Vorschneiden der Fr\u00fcchte, Edelstahl_-_Mikro_-_Sieb f\u00fcr feinste S\u00e4fte, titanbeschichtet [&hellip;]<\/p>\n","protected":false},"featured_media":16248,"comment_status":"closed","ping_status":"open","template":"","meta":[],"product_brand":[],"product_cat":[252,202],"product_tag":[],"class_list":{"0":"post-16247","1":"product","2":"type-product","3":"status-publish","4":"has-post-thumbnail","6":"product_cat-entsafter","7":"product_cat-kuchengerate-elektro","9":"first","10":"instock","11":"taxable","12":"shipping-taxable","13":"purchasable","14":"product-type-simple"},"_links":{"self":[{"href":"https:\/\/ebay.luba.de\/index.php\/wp-json\/wp\/v2\/product\/16247","targetHints":{"allow":["GET"]}}],"collection":[{"href":"https:\/\/ebay.luba.de\/index.php\/wp-json\/wp\/v2\/product"}],"about":[{"href":"https:\/\/ebay.luba.de\/index.php\/wp-json\/wp\/v2\/types\/product"}],"replies":[{"embeddable":true,"href":"https:\/\/ebay.luba.de\/index.php\/wp-json\/wp\/v2\/comments?post=16247"}],"wp:featuredmedia":[{"embeddable":true,"href":"https:\/\/ebay.luba.de\/index.php\/wp-json\/wp\/v2\/media\/16248"}],"wp:attachment":[{"href":"https:\/\/ebay.luba.de\/index.php\/wp-json\/wp\/v2\/media?parent=16247"}],"wp:term":[{"taxonomy":"product_brand","embeddable":true,"href":"https:\/\/ebay.luba.de\/index.php\/wp-json\/wp\/v2\/product_brand?post=16247"},{"taxonomy":"product_cat","embeddable":true,"href":"https:\/\/ebay.luba.de\/index.php\/wp-json\/wp\/v2\/product_cat?post=16247"},{"taxonomy":"product_tag","embeddable":true,"href":"https:\/\/ebay.luba.de\/index.php\/wp-json\/wp\/v2\/product_tag?post=16247"}],"curies":[{"name":"wp","href":"https:\/\/api.w.org\/{rel}","templated":true}]}}