{"id":16196,"date":"2020-12-06T15:54:11","date_gmt":"2020-12-06T15:54:11","guid":{"rendered":"https:\/\/ebay.luba.de\/index.php\/product\/kitchen-aid-kuchenmasch-artisan-macadamia\/"},"modified":"2020-12-06T15:54:27","modified_gmt":"2020-12-06T15:54:27","slug":"kitchen-aid-kuchenmasch-artisan-macadamia","status":"publish","type":"product","link":"https:\/\/ebay.luba.de\/index.php\/product\/kitchen-aid-kuchenmasch-artisan-macadamia\/","title":{"rendered":"Kitchen Aid K\u00fcchenmasch. Artisan, macadamia"},"content":{"rendered":"<p>Das Modell 2017 mit kippbarem Motorkopf. Zur schnellen und einfachen Verarbeitung von kleinen und gro\u00dfen Mengen frischer Zutaten. Gro\u00dfe Auswahl an optionalem Zubeh\u00f6r. Vielseitig und einfach zu bedienen. Noch mehr kulinarische M\u00f6glichkeiten &#8211; in gro\u00dfer Farbauswahl &#8211; viele weitere Verwendungen f\u00fcr die K\u00fcchenmaschine: Edelstahlsch\u00fcssel mit 3 L Inhalt, Flexi-R\u00fchrer, zus\u00e4tzlich mit Spritzschutz mit Einf\u00fcllsch\u00fctte Edelstahlsch\u00fcssel mit 4,8 L Inhalt : Reicht f\u00fcr 1 kg herk\u00f6mmliches Mehl und 12 Eiwei\u00df (mittelgro\u00df) aus.<\/p>\n","protected":false},"excerpt":{"rendered":"<p>Das Modell 2017 mit kippbarem Motorkopf. Zur schnellen und einfachen Verarbeitung von kleinen und gro\u00dfen Mengen frischer Zutaten. Gro\u00dfe Auswahl an optionalem Zubeh\u00f6r. Vielseitig und einfach zu bedienen. Noch mehr kulinarische M\u00f6glichkeiten &#8211; in gro\u00dfer Farbauswahl &#8211; viele weitere Verwendungen f\u00fcr die K\u00fcchenmaschine: Edelstahlsch\u00fcssel mit 3 L Inhalt, Flexi-R\u00fchrer, zus\u00e4tzlich mit Spritzschutz mit Einf\u00fcllsch\u00fctte Edelstahlsch\u00fcssel [&hellip;]<\/p>\n","protected":false},"featured_media":16197,"comment_status":"closed","ping_status":"open","template":"","meta":[],"product_brand":[],"product_cat":[202,238],"product_tag":[],"class_list":{"0":"post-16196","1":"product","2":"type-product","3":"status-publish","4":"has-post-thumbnail","6":"product_cat-kuchengerate-elektro","7":"product_cat-kuchenmaschinen","9":"first","10":"outofstock","11":"taxable","12":"shipping-taxable","13":"purchasable","14":"product-type-simple"},"_links":{"self":[{"href":"https:\/\/ebay.luba.de\/index.php\/wp-json\/wp\/v2\/product\/16196","targetHints":{"allow":["GET"]}}],"collection":[{"href":"https:\/\/ebay.luba.de\/index.php\/wp-json\/wp\/v2\/product"}],"about":[{"href":"https:\/\/ebay.luba.de\/index.php\/wp-json\/wp\/v2\/types\/product"}],"replies":[{"embeddable":true,"href":"https:\/\/ebay.luba.de\/index.php\/wp-json\/wp\/v2\/comments?post=16196"}],"wp:featuredmedia":[{"embeddable":true,"href":"https:\/\/ebay.luba.de\/index.php\/wp-json\/wp\/v2\/media\/16197"}],"wp:attachment":[{"href":"https:\/\/ebay.luba.de\/index.php\/wp-json\/wp\/v2\/media?parent=16196"}],"wp:term":[{"taxonomy":"product_brand","embeddable":true,"href":"https:\/\/ebay.luba.de\/index.php\/wp-json\/wp\/v2\/product_brand?post=16196"},{"taxonomy":"product_cat","embeddable":true,"href":"https:\/\/ebay.luba.de\/index.php\/wp-json\/wp\/v2\/product_cat?post=16196"},{"taxonomy":"product_tag","embeddable":true,"href":"https:\/\/ebay.luba.de\/index.php\/wp-json\/wp\/v2\/product_tag?post=16196"}],"curies":[{"name":"wp","href":"https:\/\/api.w.org\/{rel}","templated":true}]}}