{"id":16194,"date":"2020-12-06T15:54:11","date_gmt":"2020-12-06T15:54:11","guid":{"rendered":"https:\/\/ebay.luba.de\/index.php\/product\/kitchen-aid-kuchenmasch-artisan-empire-rot\/"},"modified":"2020-12-06T15:54:25","modified_gmt":"2020-12-06T15:54:25","slug":"kitchen-aid-kuchenmasch-artisan-empire-rot","status":"publish","type":"product","link":"https:\/\/ebay.luba.de\/index.php\/product\/kitchen-aid-kuchenmasch-artisan-empire-rot\/","title":{"rendered":"Kitchen Aid K\u00fcchenmasch. Artisan, empire rot"},"content":{"rendered":"<p>Das Modell 2017 mit kippbarem Motorkopf. Zur schnellen und einfachen Verarbeitung von kleinen und gro\u00dfen Mengen frischer Zutaten. Kein Leistungsverlust zwischen Motor und Zubeh\u00f6r.Eine Zubeh\u00f6rnabe f\u00fcr viele Vors\u00e4tze : Gro\u00dfe Auswahl an optionalem Zubeh\u00f6r. Vielseitig und einfach zu bedienen. Noch mehr kulinarische M\u00f6glichkeiten viele weitere Verwendungen f\u00fcr die K\u00fcchenmaschine: Flexi-R\u00fchrer, 1 Teil, 2 Funktionen: Spritzschutz mit Einf\u00fcllsch\u00fctte Zubeh\u00f6r: 4,8-L-Sch\u00fcssel, Spritzschutz mit Einf\u00fcllsch\u00fctte, Schneebesen mit 6 Dr\u00e4hten, Flachr\u00fchrer, Flexi-R\u00fchrer, Knethaken, Leistung 300 W, Ma\u00dfe: 36 x 24 x 37 cm, Gewicht: 10,4 kg<\/p>\n","protected":false},"excerpt":{"rendered":"<p>Das Modell 2017 mit kippbarem Motorkopf. Zur schnellen und einfachen Verarbeitung von kleinen und gro\u00dfen Mengen frischer Zutaten. Kein Leistungsverlust zwischen Motor und Zubeh\u00f6r.Eine Zubeh\u00f6rnabe f\u00fcr viele Vors\u00e4tze : Gro\u00dfe Auswahl an optionalem Zubeh\u00f6r. Vielseitig und einfach zu bedienen. Noch mehr kulinarische M\u00f6glichkeiten viele weitere Verwendungen f\u00fcr die K\u00fcchenmaschine: Flexi-R\u00fchrer, 1 Teil, 2 Funktionen: Spritzschutz [&hellip;]<\/p>\n","protected":false},"featured_media":16195,"comment_status":"closed","ping_status":"open","template":"","meta":[],"product_brand":[],"product_cat":[202,238],"product_tag":[],"class_list":{"0":"post-16194","1":"product","2":"type-product","3":"status-publish","4":"has-post-thumbnail","6":"product_cat-kuchengerate-elektro","7":"product_cat-kuchenmaschinen","9":"first","10":"outofstock","11":"taxable","12":"shipping-taxable","13":"purchasable","14":"product-type-simple"},"_links":{"self":[{"href":"https:\/\/ebay.luba.de\/index.php\/wp-json\/wp\/v2\/product\/16194","targetHints":{"allow":["GET"]}}],"collection":[{"href":"https:\/\/ebay.luba.de\/index.php\/wp-json\/wp\/v2\/product"}],"about":[{"href":"https:\/\/ebay.luba.de\/index.php\/wp-json\/wp\/v2\/types\/product"}],"replies":[{"embeddable":true,"href":"https:\/\/ebay.luba.de\/index.php\/wp-json\/wp\/v2\/comments?post=16194"}],"wp:featuredmedia":[{"embeddable":true,"href":"https:\/\/ebay.luba.de\/index.php\/wp-json\/wp\/v2\/media\/16195"}],"wp:attachment":[{"href":"https:\/\/ebay.luba.de\/index.php\/wp-json\/wp\/v2\/media?parent=16194"}],"wp:term":[{"taxonomy":"product_brand","embeddable":true,"href":"https:\/\/ebay.luba.de\/index.php\/wp-json\/wp\/v2\/product_brand?post=16194"},{"taxonomy":"product_cat","embeddable":true,"href":"https:\/\/ebay.luba.de\/index.php\/wp-json\/wp\/v2\/product_cat?post=16194"},{"taxonomy":"product_tag","embeddable":true,"href":"https:\/\/ebay.luba.de\/index.php\/wp-json\/wp\/v2\/product_tag?post=16194"}],"curies":[{"name":"wp","href":"https:\/\/api.w.org\/{rel}","templated":true}]}}