{"id":16191,"date":"2020-12-06T15:54:11","date_gmt":"2020-12-06T15:54:11","guid":{"rendered":"https:\/\/ebay.luba.de\/index.php\/product\/dorrfolie-stark-t6-300-x-315-mm-fur-yden-d5\/"},"modified":"2023-09-26T06:51:07","modified_gmt":"2023-09-26T06:51:07","slug":"dorrfolie-stark-t6-300-x-315-mm-fur-yden-d5","status":"publish","type":"product","link":"https:\/\/ebay.luba.de\/index.php\/product\/dorrfolie-stark-t6-300-x-315-mm-fur-yden-d5\/","title":{"rendered":"D\u00f6rrfolie stark T6 300 x 315 mm f\u00fcr Yden D5"},"content":{"rendered":"<p>Passgenau zugeschnitten f\u00fcr den Yden D5, antihaftbeschichtet und wiederverwendbar.<\/p>\n","protected":false},"excerpt":{"rendered":"<p>Passgenau zugeschnitten f\u00fcr den Yden D5, antihaftbeschichtet und wiederverwendbar.<\/p>\n","protected":false},"featured_media":0,"comment_status":"closed","ping_status":"open","template":"","meta":[],"product_brand":[],"product_cat":[193],"product_tag":[],"class_list":{"0":"post-16191","1":"product","2":"type-product","3":"status-publish","5":"product_cat-unkategorisiert","7":"first","8":"instock","9":"taxable","10":"shipping-taxable","11":"purchasable","12":"product-type-simple"},"_links":{"self":[{"href":"https:\/\/ebay.luba.de\/index.php\/wp-json\/wp\/v2\/product\/16191","targetHints":{"allow":["GET"]}}],"collection":[{"href":"https:\/\/ebay.luba.de\/index.php\/wp-json\/wp\/v2\/product"}],"about":[{"href":"https:\/\/ebay.luba.de\/index.php\/wp-json\/wp\/v2\/types\/product"}],"replies":[{"embeddable":true,"href":"https:\/\/ebay.luba.de\/index.php\/wp-json\/wp\/v2\/comments?post=16191"}],"wp:attachment":[{"href":"https:\/\/ebay.luba.de\/index.php\/wp-json\/wp\/v2\/media?parent=16191"}],"wp:term":[{"taxonomy":"product_brand","embeddable":true,"href":"https:\/\/ebay.luba.de\/index.php\/wp-json\/wp\/v2\/product_brand?post=16191"},{"taxonomy":"product_cat","embeddable":true,"href":"https:\/\/ebay.luba.de\/index.php\/wp-json\/wp\/v2\/product_cat?post=16191"},{"taxonomy":"product_tag","embeddable":true,"href":"https:\/\/ebay.luba.de\/index.php\/wp-json\/wp\/v2\/product_tag?post=16191"}],"curies":[{"name":"wp","href":"https:\/\/api.w.org\/{rel}","templated":true}]}}