{"id":16188,"date":"2020-12-06T15:54:11","date_gmt":"2020-12-06T15:54:11","guid":{"rendered":"https:\/\/ebay.luba.de\/index.php\/product\/blendtec-professional-800-weinrot\/"},"modified":"2023-09-25T07:51:08","modified_gmt":"2023-09-25T07:51:08","slug":"blendtec-professional-800-weinrot","status":"publish","type":"product","link":"https:\/\/ebay.luba.de\/index.php\/product\/blendtec-professional-800-weinrot\/","title":{"rendered":"Blendtec Professional 800 weinrot"},"content":{"rendered":"<p>Auch hier gilt :3,8 PS Maximalleistung, 240 V, 1800 W Nennleistung, beleuchtete Touch-Oberfl\u00e4che sowie LCD Display. Sie k\u00f6nnen w\u00e4hlen zwischen 6 vorprogrammierten Abl\u00e4ufen: R\u00fchrteig, Mixgetr\u00e4nk, Smoothie, Sorbet, Saft (aus ganzen Fr\u00fcchten), sowie hei\u00dfe Suppe.11 w\u00e4hlbare Geschwindigkeitsstufen durch Touch Schieberegler + Pulse Funktion sind m\u00f6glich. Das beleuchtete Display gibt genaue Informationen sowie die verbleibende Zeit an. Lieferumfang: Professional 800 Motorbasis mit Schallschutzhaube, WildSide+ Beh\u00e4lter (BPA-frei) mit ventiliertem Deckel, Schnellstart-Anleitung sowie Rezepten. Ma\u00dfe: H\u00f6he x Breite x Tiefe: 43,9 cm x 21,8 cm x 22,9 cm &#8211; H\u00f6he mit ge\u00f6ffneter Haube 62 cm, Gewicht 7,2 kg, Garantie 10 Jahre<\/p>\n","protected":false},"excerpt":{"rendered":"<p>Auch hier gilt :3,8 PS Maximalleistung, 240 V, 1800 W Nennleistung, beleuchtete Touch-Oberfl\u00e4che sowie LCD Display. Sie k\u00f6nnen w\u00e4hlen zwischen 6 vorprogrammierten Abl\u00e4ufen: R\u00fchrteig, Mixgetr\u00e4nk, Smoothie, Sorbet, Saft (aus ganzen Fr\u00fcchten), sowie hei\u00dfe Suppe.11 w\u00e4hlbare Geschwindigkeitsstufen durch Touch Schieberegler + Pulse Funktion sind m\u00f6glich. Das beleuchtete Display gibt genaue Informationen sowie die verbleibende Zeit an. [&hellip;]<\/p>\n","protected":false},"featured_media":16189,"comment_status":"closed","ping_status":"closed","template":"","meta":[],"product_brand":[],"product_cat":[202,241],"product_tag":[],"class_list":{"0":"post-16188","1":"product","2":"type-product","3":"status-publish","4":"has-post-thumbnail","6":"product_cat-kuchengerate-elektro","7":"product_cat-mixer-blender","9":"first","10":"instock","11":"taxable","12":"shipping-taxable","13":"purchasable","14":"product-type-simple"},"_links":{"self":[{"href":"https:\/\/ebay.luba.de\/index.php\/wp-json\/wp\/v2\/product\/16188","targetHints":{"allow":["GET"]}}],"collection":[{"href":"https:\/\/ebay.luba.de\/index.php\/wp-json\/wp\/v2\/product"}],"about":[{"href":"https:\/\/ebay.luba.de\/index.php\/wp-json\/wp\/v2\/types\/product"}],"replies":[{"embeddable":true,"href":"https:\/\/ebay.luba.de\/index.php\/wp-json\/wp\/v2\/comments?post=16188"}],"wp:featuredmedia":[{"embeddable":true,"href":"https:\/\/ebay.luba.de\/index.php\/wp-json\/wp\/v2\/media\/16189"}],"wp:attachment":[{"href":"https:\/\/ebay.luba.de\/index.php\/wp-json\/wp\/v2\/media?parent=16188"}],"wp:term":[{"taxonomy":"product_brand","embeddable":true,"href":"https:\/\/ebay.luba.de\/index.php\/wp-json\/wp\/v2\/product_brand?post=16188"},{"taxonomy":"product_cat","embeddable":true,"href":"https:\/\/ebay.luba.de\/index.php\/wp-json\/wp\/v2\/product_cat?post=16188"},{"taxonomy":"product_tag","embeddable":true,"href":"https:\/\/ebay.luba.de\/index.php\/wp-json\/wp\/v2\/product_tag?post=16188"}],"curies":[{"name":"wp","href":"https:\/\/api.w.org\/{rel}","templated":true}]}}