{"id":16182,"date":"2020-12-06T15:54:11","date_gmt":"2020-12-06T15:54:11","guid":{"rendered":"https:\/\/ebay.luba.de\/index.php\/product\/angel-saft-auffanggefas-glas\/"},"modified":"2023-07-31T11:51:06","modified_gmt":"2023-07-31T11:51:06","slug":"angel-saft-auffanggefas-glas","status":"publish","type":"product","link":"https:\/\/ebay.luba.de\/index.php\/product\/angel-saft-auffanggefas-glas\/","title":{"rendered":"Angel Saft-Auffanggef\u00e4\u00df Glas"},"content":{"rendered":"<p>Saft-Auffangbeh\u00e4lter aus Glas f\u00fcr Angel Juicer<\/p>\n","protected":false},"excerpt":{"rendered":"<p>Saft-Auffangbeh\u00e4lter aus Glas f\u00fcr Angel Juicer<\/p>\n","protected":false},"featured_media":16183,"comment_status":"closed","ping_status":"open","template":"","meta":[],"product_brand":[],"product_cat":[298,252,202,299],"product_tag":[],"class_list":{"0":"post-16182","1":"product","2":"type-product","3":"status-publish","4":"has-post-thumbnail","6":"product_cat-angel-juicer","7":"product_cat-entsafter","8":"product_cat-kuchengerate-elektro","9":"product_cat-zubehor-fur-angel-juicer","11":"first","12":"outofstock","13":"taxable","14":"shipping-taxable","15":"purchasable","16":"product-type-simple"},"_links":{"self":[{"href":"https:\/\/ebay.luba.de\/index.php\/wp-json\/wp\/v2\/product\/16182","targetHints":{"allow":["GET"]}}],"collection":[{"href":"https:\/\/ebay.luba.de\/index.php\/wp-json\/wp\/v2\/product"}],"about":[{"href":"https:\/\/ebay.luba.de\/index.php\/wp-json\/wp\/v2\/types\/product"}],"replies":[{"embeddable":true,"href":"https:\/\/ebay.luba.de\/index.php\/wp-json\/wp\/v2\/comments?post=16182"}],"wp:featuredmedia":[{"embeddable":true,"href":"https:\/\/ebay.luba.de\/index.php\/wp-json\/wp\/v2\/media\/16183"}],"wp:attachment":[{"href":"https:\/\/ebay.luba.de\/index.php\/wp-json\/wp\/v2\/media?parent=16182"}],"wp:term":[{"taxonomy":"product_brand","embeddable":true,"href":"https:\/\/ebay.luba.de\/index.php\/wp-json\/wp\/v2\/product_brand?post=16182"},{"taxonomy":"product_cat","embeddable":true,"href":"https:\/\/ebay.luba.de\/index.php\/wp-json\/wp\/v2\/product_cat?post=16182"},{"taxonomy":"product_tag","embeddable":true,"href":"https:\/\/ebay.luba.de\/index.php\/wp-json\/wp\/v2\/product_tag?post=16182"}],"curies":[{"name":"wp","href":"https:\/\/api.w.org\/{rel}","templated":true}]}}