{"id":16137,"date":"2020-12-06T15:53:18","date_gmt":"2020-12-06T15:53:18","guid":{"rendered":"https:\/\/ebay.luba.de\/index.php\/product\/novia-korn-quetsche-trichter-rot\/"},"modified":"2023-05-13T10:39:08","modified_gmt":"2023-05-13T10:39:08","slug":"novia-korn-quetsche-trichter-rot","status":"publish","type":"product","link":"https:\/\/ebay.luba.de\/index.php\/product\/novia-korn-quetsche-trichter-rot\/","title":{"rendered":"novia Korn-Quetsche Trichter rot"},"content":{"rendered":"<p>novia\u00ae Korn-_Quetsche, Tischmodell Alutrichter, inkl. Zwinge. &#8220;Bring dich in Schwung &#8211; quetsch selbst&#8221;   Mit ihr k\u00f6nnen alle Getreidesorten (au\u00dfer Mais) sowie \u00d6lsaaten, Gew\u00fcrze und H\u00fclsenfr\u00fcchte ganz einfach und flott selbst gequetscht werden. Auch f\u00fcr die novia wird in der Werkstatt im pf\u00e4lzischen Hauenstein ausschlie\u00dflich heimisches Buchenholz aus zertifiziert nachhaltigen Forstbest\u00e4nden verarbeitet. Die verwendeten Naturfarben sind es, die zun\u00e4chst auffallen. Aber nicht nur das ist neu: Sch\u00f6ne R\u00e4ndelmuttern regulieren hier bei Bedarf die Flockenst\u00e4rke. Quetschwerk: zwei nickelfreie Edelstahlwalzen, verschlei\u00dffreier Betrieb ohne Zahnr\u00e4der. Sch\u00fctte: nickelfreier Edelstahl, leichte Reinigung durch offene Bauweise. Gestell und Kurbelgriff: massives heimisches Buchenholz aus zertifiziert nachhaltigen Forstbest\u00e4nden mit Lein\u00f6lfirnis (biologisch) oberfl\u00e4chenbehandelt.   Trichter: Aluminium, schutzeloxiert (nicht abnehmbar), naturfarben.<\/p>\n","protected":false},"excerpt":{"rendered":"<p>novia\u00ae Korn-_Quetsche, Tischmodell Alutrichter, inkl. Zwinge. &#8220;Bring dich in Schwung &#8211; quetsch selbst&#8221; Mit ihr k\u00f6nnen alle Getreidesorten (au\u00dfer Mais) sowie \u00d6lsaaten, Gew\u00fcrze und H\u00fclsenfr\u00fcchte ganz einfach und flott selbst gequetscht werden. Auch f\u00fcr die novia wird in der Werkstatt im pf\u00e4lzischen Hauenstein ausschlie\u00dflich heimisches Buchenholz aus zertifiziert nachhaltigen Forstbest\u00e4nden verarbeitet. Die verwendeten Naturfarben sind [&hellip;]<\/p>\n","protected":false},"featured_media":16138,"comment_status":"closed","ping_status":"open","template":"","meta":[],"product_brand":[],"product_cat":[217,215],"product_tag":[],"class_list":{"0":"post-16137","1":"product","2":"type-product","3":"status-publish","4":"has-post-thumbnail","6":"product_cat-flocker","7":"product_cat-kuchengerate-handbetrieb","9":"first","10":"instock","11":"taxable","12":"shipping-taxable","13":"purchasable","14":"product-type-simple"},"_links":{"self":[{"href":"https:\/\/ebay.luba.de\/index.php\/wp-json\/wp\/v2\/product\/16137","targetHints":{"allow":["GET"]}}],"collection":[{"href":"https:\/\/ebay.luba.de\/index.php\/wp-json\/wp\/v2\/product"}],"about":[{"href":"https:\/\/ebay.luba.de\/index.php\/wp-json\/wp\/v2\/types\/product"}],"replies":[{"embeddable":true,"href":"https:\/\/ebay.luba.de\/index.php\/wp-json\/wp\/v2\/comments?post=16137"}],"wp:featuredmedia":[{"embeddable":true,"href":"https:\/\/ebay.luba.de\/index.php\/wp-json\/wp\/v2\/media\/16138"}],"wp:attachment":[{"href":"https:\/\/ebay.luba.de\/index.php\/wp-json\/wp\/v2\/media?parent=16137"}],"wp:term":[{"taxonomy":"product_brand","embeddable":true,"href":"https:\/\/ebay.luba.de\/index.php\/wp-json\/wp\/v2\/product_brand?post=16137"},{"taxonomy":"product_cat","embeddable":true,"href":"https:\/\/ebay.luba.de\/index.php\/wp-json\/wp\/v2\/product_cat?post=16137"},{"taxonomy":"product_tag","embeddable":true,"href":"https:\/\/ebay.luba.de\/index.php\/wp-json\/wp\/v2\/product_tag?post=16137"}],"curies":[{"name":"wp","href":"https:\/\/api.w.org\/{rel}","templated":true}]}}