{"id":16127,"date":"2020-12-06T15:53:18","date_gmt":"2020-12-06T15:53:18","guid":{"rendered":"https:\/\/ebay.luba.de\/index.php\/product\/unold-brotbackautomat-skala-typ-68616\/"},"modified":"2023-09-26T06:51:15","modified_gmt":"2023-09-26T06:51:15","slug":"unold-brotbackautomat-skala-typ-68616","status":"publish","type":"product","link":"https:\/\/ebay.luba.de\/index.php\/product\/unold-brotbackautomat-skala-typ-68616\/","title":{"rendered":"Unold Brotbackautomat Skala Typ 68616"},"content":{"rendered":"<p>Der Brotbackautomat Skala hat 11 gespeicherte Backprogramme &#8211; darunter eins f\u00fcr die Herstellung von glutenfreiem Brot &#8211; sowie ein individuelles Programm. Diese lassen keine W\u00fcnsche offen. Das Brotgewicht ist variabel von 500 bis 1.200 Gramm w\u00e4hlbar. \u00dcber die Zeitwahltaste sind die Abl\u00e4ufe bis zu 13 Stunden im Voraus programmierbar. Die Br\u00e4unungsgrade sind einstellbar. Die integrierte Waage mit Zuwiegefunktion ist jetzt auch abnehmbar. Der Zutatenspender f\u00fcgt dem Teig N\u00fcsse oder Fr\u00fcchte automatisch zum richtigen Zeitpunkt hinzu. Dank hochmoderner FUSION Sol-Gel Keramik Antihaftbeschichtung von Whitford h\u00e4ngt in der Brotback-Form auch garantiert nichts an. \u00dcber den Programmablauf informiert das LCD-Display. Ein Sichtfenster mit zuschaltbarer Backraumbeleuchtung l\u00e4sst den direkten Blick auf das Brot bei der Herstellung zu. Technische Daten: Leistung: 615 W, 230 V ~, 50 Hz, Gewicht: ca. 8,3 kg, Ma\u00dfe (LxB\/TxH): 38,5 x 28,0 x 31,5 cm, Material: Edelstahl\/Kunststoff\/Glas.<\/p>\n","protected":false},"excerpt":{"rendered":"<p>Der Brotbackautomat Skala hat 11 gespeicherte Backprogramme &#8211; darunter eins f\u00fcr die Herstellung von glutenfreiem Brot &#8211; sowie ein individuelles Programm. Diese lassen keine W\u00fcnsche offen. Das Brotgewicht ist variabel von 500 bis 1.200 Gramm w\u00e4hlbar. \u00dcber die Zeitwahltaste sind die Abl\u00e4ufe bis zu 13 Stunden im Voraus programmierbar. Die Br\u00e4unungsgrade sind einstellbar. Die integrierte [&hellip;]<\/p>\n","protected":false},"featured_media":16128,"comment_status":"closed","ping_status":"open","template":"","meta":[],"product_brand":[],"product_cat":[292,202],"product_tag":[],"class_list":{"0":"post-16127","1":"product","2":"type-product","3":"status-publish","4":"has-post-thumbnail","6":"product_cat-brotbackautomaten","7":"product_cat-kuchengerate-elektro","9":"first","10":"instock","11":"taxable","12":"shipping-taxable","13":"purchasable","14":"product-type-simple"},"_links":{"self":[{"href":"https:\/\/ebay.luba.de\/index.php\/wp-json\/wp\/v2\/product\/16127","targetHints":{"allow":["GET"]}}],"collection":[{"href":"https:\/\/ebay.luba.de\/index.php\/wp-json\/wp\/v2\/product"}],"about":[{"href":"https:\/\/ebay.luba.de\/index.php\/wp-json\/wp\/v2\/types\/product"}],"replies":[{"embeddable":true,"href":"https:\/\/ebay.luba.de\/index.php\/wp-json\/wp\/v2\/comments?post=16127"}],"wp:featuredmedia":[{"embeddable":true,"href":"https:\/\/ebay.luba.de\/index.php\/wp-json\/wp\/v2\/media\/16128"}],"wp:attachment":[{"href":"https:\/\/ebay.luba.de\/index.php\/wp-json\/wp\/v2\/media?parent=16127"}],"wp:term":[{"taxonomy":"product_brand","embeddable":true,"href":"https:\/\/ebay.luba.de\/index.php\/wp-json\/wp\/v2\/product_brand?post=16127"},{"taxonomy":"product_cat","embeddable":true,"href":"https:\/\/ebay.luba.de\/index.php\/wp-json\/wp\/v2\/product_cat?post=16127"},{"taxonomy":"product_tag","embeddable":true,"href":"https:\/\/ebay.luba.de\/index.php\/wp-json\/wp\/v2\/product_tag?post=16127"}],"curies":[{"name":"wp","href":"https:\/\/api.w.org\/{rel}","templated":true}]}}