{"id":16125,"date":"2020-12-06T15:53:18","date_gmt":"2020-12-06T15:53:18","guid":{"rendered":"https:\/\/ebay.luba.de\/index.php\/product\/dejelin-aufsatz-erhohung-aus-tritan-829423\/"},"modified":"2023-01-31T13:51:07","modified_gmt":"2023-01-31T13:51:07","slug":"dejelin-aufsatz-erhohung-aus-tritan-829423","status":"publish","type":"product","link":"https:\/\/ebay.luba.de\/index.php\/product\/dejelin-aufsatz-erhohung-aus-tritan-829423\/","title":{"rendered":"Dejelin Aufsatz\/Erh\u00f6hung aus Tritan  829423"},"content":{"rendered":"<p>Wenn die H\u00f6he nicht ausreicht f\u00fcr gro\u00dfes Kochgut, wie zum Beispiel ein ganzer Blumenkohl oder ein Suppenhuhn, wird durch den Aufsatz aus BPA-freiem Tritan eine gr\u00f6\u00dfere H\u00f6he erreicht.<\/p>\n","protected":false},"excerpt":{"rendered":"<p>Wenn die H\u00f6he nicht ausreicht f\u00fcr gro\u00dfes Kochgut, wie zum Beispiel ein ganzer Blumenkohl oder ein Suppenhuhn, wird durch den Aufsatz aus BPA-freiem Tritan eine gr\u00f6\u00dfere H\u00f6he erreicht.<\/p>\n","protected":false},"featured_media":16126,"comment_status":"closed","ping_status":"open","template":"","meta":[],"product_brand":[],"product_cat":[193],"product_tag":[],"class_list":{"0":"post-16125","1":"product","2":"type-product","3":"status-publish","4":"has-post-thumbnail","6":"product_cat-unkategorisiert","8":"first","9":"instock","10":"taxable","11":"shipping-taxable","12":"purchasable","13":"product-type-simple"},"_links":{"self":[{"href":"https:\/\/ebay.luba.de\/index.php\/wp-json\/wp\/v2\/product\/16125","targetHints":{"allow":["GET"]}}],"collection":[{"href":"https:\/\/ebay.luba.de\/index.php\/wp-json\/wp\/v2\/product"}],"about":[{"href":"https:\/\/ebay.luba.de\/index.php\/wp-json\/wp\/v2\/types\/product"}],"replies":[{"embeddable":true,"href":"https:\/\/ebay.luba.de\/index.php\/wp-json\/wp\/v2\/comments?post=16125"}],"wp:featuredmedia":[{"embeddable":true,"href":"https:\/\/ebay.luba.de\/index.php\/wp-json\/wp\/v2\/media\/16126"}],"wp:attachment":[{"href":"https:\/\/ebay.luba.de\/index.php\/wp-json\/wp\/v2\/media?parent=16125"}],"wp:term":[{"taxonomy":"product_brand","embeddable":true,"href":"https:\/\/ebay.luba.de\/index.php\/wp-json\/wp\/v2\/product_brand?post=16125"},{"taxonomy":"product_cat","embeddable":true,"href":"https:\/\/ebay.luba.de\/index.php\/wp-json\/wp\/v2\/product_cat?post=16125"},{"taxonomy":"product_tag","embeddable":true,"href":"https:\/\/ebay.luba.de\/index.php\/wp-json\/wp\/v2\/product_tag?post=16125"}],"curies":[{"name":"wp","href":"https:\/\/api.w.org\/{rel}","templated":true}]}}