{"id":16123,"date":"2020-12-06T15:53:18","date_gmt":"2020-12-06T15:53:18","guid":{"rendered":"https:\/\/ebay.luba.de\/index.php\/product\/dejelin-abscheider-aus-edelstahl-82860\/"},"modified":"2022-11-28T14:09:47","modified_gmt":"2022-11-28T14:09:47","slug":"dejelin-abscheider-aus-edelstahl-82860","status":"publish","type":"product","link":"https:\/\/ebay.luba.de\/index.php\/product\/dejelin-abscheider-aus-edelstahl-82860\/","title":{"rendered":"Dejelin Abscheider aus Edelstahl   82860"},"content":{"rendered":"<p>Trennw\u00e4nde zum Einsatz in die Schalen. So k\u00f6nnen zum Beispiel Pasta und Gem\u00fcse auf einer Ebene gleichzeitig gegart werden ohne zu vermischen.<\/p>\n","protected":false},"excerpt":{"rendered":"<p>Trennw\u00e4nde zum Einsatz in die Schalen. So k\u00f6nnen zum Beispiel Pasta und Gem\u00fcse auf einer Ebene gleichzeitig gegart werden ohne zu vermischen.<\/p>\n","protected":false},"featured_media":16124,"comment_status":"closed","ping_status":"open","template":"","meta":[],"product_brand":[],"product_cat":[193],"product_tag":[],"class_list":{"0":"post-16123","1":"product","2":"type-product","3":"status-publish","4":"has-post-thumbnail","6":"product_cat-unkategorisiert","8":"first","9":"instock","10":"taxable","11":"shipping-taxable","12":"purchasable","13":"product-type-simple"},"_links":{"self":[{"href":"https:\/\/ebay.luba.de\/index.php\/wp-json\/wp\/v2\/product\/16123","targetHints":{"allow":["GET"]}}],"collection":[{"href":"https:\/\/ebay.luba.de\/index.php\/wp-json\/wp\/v2\/product"}],"about":[{"href":"https:\/\/ebay.luba.de\/index.php\/wp-json\/wp\/v2\/types\/product"}],"replies":[{"embeddable":true,"href":"https:\/\/ebay.luba.de\/index.php\/wp-json\/wp\/v2\/comments?post=16123"}],"wp:featuredmedia":[{"embeddable":true,"href":"https:\/\/ebay.luba.de\/index.php\/wp-json\/wp\/v2\/media\/16124"}],"wp:attachment":[{"href":"https:\/\/ebay.luba.de\/index.php\/wp-json\/wp\/v2\/media?parent=16123"}],"wp:term":[{"taxonomy":"product_brand","embeddable":true,"href":"https:\/\/ebay.luba.de\/index.php\/wp-json\/wp\/v2\/product_brand?post=16123"},{"taxonomy":"product_cat","embeddable":true,"href":"https:\/\/ebay.luba.de\/index.php\/wp-json\/wp\/v2\/product_cat?post=16123"},{"taxonomy":"product_tag","embeddable":true,"href":"https:\/\/ebay.luba.de\/index.php\/wp-json\/wp\/v2\/product_tag?post=16123"}],"curies":[{"name":"wp","href":"https:\/\/api.w.org\/{rel}","templated":true}]}}