{"id":16074,"date":"2020-12-06T15:52:46","date_gmt":"2020-12-06T15:52:46","guid":{"rendered":"https:\/\/ebay.luba.de\/index.php\/product\/caso-vakuumierfolie-1-rolle-40-x-1000-cm\/"},"modified":"2023-05-23T06:51:07","modified_gmt":"2023-05-23T06:51:07","slug":"caso-vakuumierfolie-1-rolle-40-x-1000-cm","status":"publish","type":"product","link":"https:\/\/ebay.luba.de\/index.php\/product\/caso-vakuumierfolie-1-rolle-40-x-1000-cm\/","title":{"rendered":"CASO Vakuumierfolie, 1 Rolle, 40 x 1000 cm"},"content":{"rendered":"<p>6-Sterne-Qualit\u00e4t f\u00fcr langanhaltende Frische Die Folie ist f\u00fcr nat\u00fcrliches Aufbewahren ohne Konservierungsstoffe geeignet, l\u00e4nger frischer genie\u00dfen, ges\u00fcnder Essen &#8211; Vitamine und Mineralien bleiben erhalten,die Folie ist stark &#038; rei\u00dffest, hat eine Rippen-Struktur f\u00fcr optimales Vakuum, stabile Schwei\u00dfnaht, sch\u00fctzt vor Gefrierbrand, ist kochfest und mikrowellengeeignet<\/p>\n","protected":false},"excerpt":{"rendered":"<p>6-Sterne-Qualit\u00e4t f\u00fcr langanhaltende Frische Die Folie ist f\u00fcr nat\u00fcrliches Aufbewahren ohne Konservierungsstoffe geeignet, l\u00e4nger frischer genie\u00dfen, ges\u00fcnder Essen &#8211; Vitamine und Mineralien bleiben erhalten,die Folie ist stark &#038; rei\u00dffest, hat eine Rippen-Struktur f\u00fcr optimales Vakuum, stabile Schwei\u00dfnaht, sch\u00fctzt vor Gefrierbrand, ist kochfest und mikrowellengeeignet<\/p>\n","protected":false},"featured_media":16075,"comment_status":"closed","ping_status":"open","template":"","meta":[],"product_brand":[],"product_cat":[283,202,257],"product_tag":[],"class_list":{"0":"post-16074","1":"product","2":"type-product","3":"status-publish","4":"has-post-thumbnail","6":"product_cat-caso","7":"product_cat-kuchengerate-elektro","8":"product_cat-vakuumiergerate","10":"first","11":"instock","12":"taxable","13":"shipping-taxable","14":"purchasable","15":"product-type-simple"},"_links":{"self":[{"href":"https:\/\/ebay.luba.de\/index.php\/wp-json\/wp\/v2\/product\/16074","targetHints":{"allow":["GET"]}}],"collection":[{"href":"https:\/\/ebay.luba.de\/index.php\/wp-json\/wp\/v2\/product"}],"about":[{"href":"https:\/\/ebay.luba.de\/index.php\/wp-json\/wp\/v2\/types\/product"}],"replies":[{"embeddable":true,"href":"https:\/\/ebay.luba.de\/index.php\/wp-json\/wp\/v2\/comments?post=16074"}],"wp:featuredmedia":[{"embeddable":true,"href":"https:\/\/ebay.luba.de\/index.php\/wp-json\/wp\/v2\/media\/16075"}],"wp:attachment":[{"href":"https:\/\/ebay.luba.de\/index.php\/wp-json\/wp\/v2\/media?parent=16074"}],"wp:term":[{"taxonomy":"product_brand","embeddable":true,"href":"https:\/\/ebay.luba.de\/index.php\/wp-json\/wp\/v2\/product_brand?post=16074"},{"taxonomy":"product_cat","embeddable":true,"href":"https:\/\/ebay.luba.de\/index.php\/wp-json\/wp\/v2\/product_cat?post=16074"},{"taxonomy":"product_tag","embeddable":true,"href":"https:\/\/ebay.luba.de\/index.php\/wp-json\/wp\/v2\/product_tag?post=16074"}],"curies":[{"name":"wp","href":"https:\/\/api.w.org\/{rel}","templated":true}]}}