{"id":16064,"date":"2020-12-06T15:52:46","date_gmt":"2020-12-06T15:52:46","guid":{"rendered":"https:\/\/ebay.luba.de\/index.php\/product\/caso-vakuumierer-fastvac-4000\/"},"modified":"2023-07-13T13:51:05","modified_gmt":"2023-07-13T13:51:05","slug":"caso-vakuumierer-fastvac-4000","status":"publish","type":"product","link":"https:\/\/ebay.luba.de\/index.php\/product\/caso-vakuumierer-fastvac-4000\/","title":{"rendered":"CASO Vakuumierer FastVac 4000"},"content":{"rendered":"<h2>Professioneller Vakuumierer f\u00fcr den gewerblichen Einsatz.<\/h2>\n<ul>\n<li>Lebensmittel sind vakuumiert bis zu 8x l\u00e4nger frisch<\/li>\n<li>Regulierbare Vakuumst\u00e4rke \u2013 individuell einstellbar, sodass besonders weiche Lebensmittel nicht zusammengepresst werden<\/li>\n<li>Beutel und Rollen bis zu 40 cm Breite<\/li>\n<li>doppelte Schwei\u00dfnaht<\/li>\n<li>starke Vakuumpumpe \u2013 20 L\/Minute<\/li>\n<li>gewerblich nutzbar<\/li>\n<li>Ausklappbarer Cutter zum Zuschneiden der Folienrollen<\/li>\n<li>Pulse-Funktion: die Intensit\u00e4t des Vakuums passt sich automatisch der Beschaffenheit des Produktes an und umschlie\u00dft es sicher<\/li>\n<li>Marinier-Funktion: in Kombination mit einem Vakuumbeh\u00e4lter k\u00f6nnen Fleisch oder Fisch in sehr kurzer Zeit intensiv mariniert werden. Durch eine automatische Vakuumtaktung werden die Poren wiederholend ge\u00f6ffnet und geschlossen<\/li>\n<li>Beh\u00e4lterfunktion von weichen Lebensmitteln oder Suppen in Beh\u00e4ltern.<\/li>\n<\/ul>\n<h3>Eigenschaften<\/h3>\n<table style=\"border-collapse: collapse; width: 49.2375%; height: 189px;\">\n<tbody>\n<tr style=\"height: 21px;\">\n<td style=\"width: 26.2528%; height: 21px;\"><strong>Ma\u00dfe (BxHxT):<\/strong><\/td>\n<td style=\"width: 22.9847%; height: 21px;\">\n<div class=\"c-attribute-table__item c-attribute-table__item--masse-breite-hoehe-tiefe\">\n<div class=\"c-attribute-table__value\">520x160x290 mm<\/div>\n<\/div>\n<\/td>\n<\/tr>\n<tr style=\"height: 21px;\">\n<td style=\"width: 26.2528%; height: 21px;\">\n<div class=\"c-attribute-table__attribute\"><strong>Gewicht:<\/strong><\/div>\n<\/td>\n<td style=\"width: 22.9847%; height: 21px;\">\n<div class=\"c-attribute-table__item c-attribute-table__item--gewicht\">\n<div class=\"c-attribute-table__value\">5,9 kg<\/div>\n<\/div>\n<\/td>\n<\/tr>\n<tr style=\"height: 21px;\">\n<td style=\"width: 26.2528%; height: 21px;\">\n<div class=\"c-attribute-table__attribute\"><strong>Integrierter Cutter:<\/strong><\/div>\n<\/td>\n<td style=\"width: 22.9847%; height: 21px;\">Ja<\/td>\n<\/tr>\n<tr style=\"height: 21px;\">\n<td style=\"width: 26.2528%; height: 21px;\">\n<div class=\"c-attribute-table__attribute\"><strong>Schwei\u00dfnaht:<\/strong><\/div>\n<\/td>\n<td style=\"width: 22.9847%; height: 21px;\">\n<div class=\"c-attribute-table__item c-attribute-table__item--schweissnaht\">\n<div class=\"c-attribute-table__value\">Doppelt, bis 40 cm<\/div>\n<\/div>\n<\/td>\n<\/tr>\n<tr style=\"height: 21px;\">\n<td style=\"width: 26.2528%; height: 21px;\">\n<div class=\"c-attribute-table__attribute\"><strong>Vakuumpumpe:<\/strong><\/div>\n<\/td>\n<td style=\"width: 22.9847%; height: 21px;\">20 L \/ min.<\/td>\n<\/tr>\n<tr style=\"height: 21px;\">\n<td style=\"width: 26.2528%; height: 21px;\">\n<div class=\"c-attribute-table__attribute\"><strong>Vakuumregulierung:<\/strong><\/div>\n<\/td>\n<td style=\"width: 22.9847%; height: 21px;\">\n<div class=\"c-attribute-table__item c-attribute-table__item--vakuumregulierung\">\n<div class=\"c-attribute-table__value\">Ja<\/div>\n<\/div>\n<\/td>\n<\/tr>\n<tr style=\"height: 21px;\">\n<td style=\"width: 26.2528%; height: 21px;\">\n<div class=\"c-attribute-table__attribute\"><strong>Spannung:<\/strong><\/div>\n<\/td>\n<td style=\"width: 22.9847%; height: 21px;\">\n<div class=\"c-attribute-table__item c-attribute-table__item--spannung\">\n<div class=\"c-attribute-table__value\">220-240V~, 50Hz<\/div>\n<\/div>\n<\/td>\n<\/tr>\n<tr style=\"height: 21px;\">\n<td style=\"width: 26.2528%; height: 21px;\">\n<div class=\"c-attribute-table__attribute\"><strong>Kennzeichnung:<\/strong><\/div>\n<\/td>\n<td style=\"width: 22.9847%; height: 21px;\">\n<div class=\"c-attribute-table__item c-attribute-table__item--kennzeichnung\">\n<div class=\"c-attribute-table__value\">CE<\/div>\n<\/div>\n<\/td>\n<\/tr>\n<tr style=\"height: 21px;\">\n<td style=\"width: 26.2528%; height: 21px;\">\n<div class=\"c-attribute-table__attribute\">\n<div class=\"c-attribute-table__attribute\"><strong>Leistung:<\/strong><\/div>\n<\/div>\n<\/td>\n<td style=\"width: 22.9847%; height: 21px;\">\n<div class=\"c-product-detail__attribute-table\">\n<div class=\"c-attribute-table c-attribute-table--colcount-1\">\n<div class=\"c-attribute-table__col\">\n<div class=\"c-attribute-table__item c-attribute-table__item--leistung\">\n<div class=\"c-attribute-table__value\">350 Watt<\/div>\n<\/div>\n<\/div>\n<\/div>\n<\/div>\n<\/td>\n<\/tr>\n<\/tbody>\n<\/table>\n","protected":false},"excerpt":{"rendered":"<p>Professioneller Vakuumierer f\u00fcr den gewerblichen Einsatz. Lebensmittel sind vakuumiert bis zu 8x l\u00e4nger frisch Regulierbare Vakuumst\u00e4rke \u2013 individuell einstellbar, sodass besonders weiche Lebensmittel nicht zusammengepresst werden Beutel und Rollen bis zu 40 cm Breite doppelte Schwei\u00dfnaht starke Vakuumpumpe \u2013 20 L\/Minute gewerblich nutzbar Ausklappbarer Cutter zum Zuschneiden der Folienrollen Pulse-Funktion: die Intensit\u00e4t des Vakuums passt [&hellip;]<\/p>\n","protected":false},"featured_media":16065,"comment_status":"closed","ping_status":"open","template":"","meta":[],"product_brand":[],"product_cat":[283,202,257],"product_tag":[],"class_list":{"0":"post-16064","1":"product","2":"type-product","3":"status-publish","4":"has-post-thumbnail","6":"product_cat-caso","7":"product_cat-kuchengerate-elektro","8":"product_cat-vakuumiergerate","10":"first","11":"instock","12":"taxable","13":"shipping-taxable","14":"purchasable","15":"product-type-simple"},"_links":{"self":[{"href":"https:\/\/ebay.luba.de\/index.php\/wp-json\/wp\/v2\/product\/16064","targetHints":{"allow":["GET"]}}],"collection":[{"href":"https:\/\/ebay.luba.de\/index.php\/wp-json\/wp\/v2\/product"}],"about":[{"href":"https:\/\/ebay.luba.de\/index.php\/wp-json\/wp\/v2\/types\/product"}],"replies":[{"embeddable":true,"href":"https:\/\/ebay.luba.de\/index.php\/wp-json\/wp\/v2\/comments?post=16064"}],"wp:featuredmedia":[{"embeddable":true,"href":"https:\/\/ebay.luba.de\/index.php\/wp-json\/wp\/v2\/media\/16065"}],"wp:attachment":[{"href":"https:\/\/ebay.luba.de\/index.php\/wp-json\/wp\/v2\/media?parent=16064"}],"wp:term":[{"taxonomy":"product_brand","embeddable":true,"href":"https:\/\/ebay.luba.de\/index.php\/wp-json\/wp\/v2\/product_brand?post=16064"},{"taxonomy":"product_cat","embeddable":true,"href":"https:\/\/ebay.luba.de\/index.php\/wp-json\/wp\/v2\/product_cat?post=16064"},{"taxonomy":"product_tag","embeddable":true,"href":"https:\/\/ebay.luba.de\/index.php\/wp-json\/wp\/v2\/product_tag?post=16064"}],"curies":[{"name":"wp","href":"https:\/\/api.w.org\/{rel}","templated":true}]}}