{"id":16053,"date":"2020-12-06T15:52:46","date_gmt":"2020-12-06T15:52:46","guid":{"rendered":"https:\/\/ebay.luba.de\/index.php\/product\/breadcake-die-einzigartige-backplatte-rund-2\/"},"modified":"2021-12-10T06:51:14","modified_gmt":"2021-12-10T06:51:14","slug":"breadcake-die-einzigartige-backplatte-rund-2","status":"publish","type":"product","link":"https:\/\/ebay.luba.de\/index.php\/product\/breadcake-die-einzigartige-backplatte-rund-2\/","title":{"rendered":"Bread&#038;Cake &#8211; Die einzigartige Backplatte &#8211; rund"},"content":{"rendered":"<p>Das Einzigartige an Bread und Cake ist die patentierte Backrinne. Bevor die Backplatte mit dem Teig in den Ofen kommt, f\u00fcllen Sie die Rille mit Wasser. Durch die gleichm\u00e4\u00dfige Verdunstung w\u00e4hrend des Backens bildet sich ein Feuchtigkeitsschirm direkt um das Backgut. Dadurch kann sich eine wunderbare Kruste aufbauen, die den Geschmack des Brotes ma\u00dfgeblich beeinflusst. Gerade bei Brot gilt die Kruste als besonders wertvoll. In ihr stecken die Geschmackstr\u00e4ger und gesunde Inhaltsstoffe \u2013 und sie sch\u00fctzt das Brot und h\u00e4lt es lange frisch. Bread und Cake  Backplatte mit Rezeptheft, sp\u00fclmaschinenfest, Handmade in Germany, 15 Jahre Materialgarantie, Ma\u00dfe:  \u00d8 29,5 cm \u00b7 H 4 cm \u00b7 2,2 kg<\/p>\n","protected":false},"excerpt":{"rendered":"<p>Das Einzigartige an Bread und Cake ist die patentierte Backrinne. Bevor die Backplatte mit dem Teig in den Ofen kommt, f\u00fcllen Sie die Rille mit Wasser. Durch die gleichm\u00e4\u00dfige Verdunstung w\u00e4hrend des Backens bildet sich ein Feuchtigkeitsschirm direkt um das Backgut. Dadurch kann sich eine wunderbare Kruste aufbauen, die den Geschmack des Brotes ma\u00dfgeblich beeinflusst. [&hellip;]<\/p>\n","protected":false},"featured_media":16054,"comment_status":"closed","ping_status":"open","template":"","meta":[],"product_brand":[],"product_cat":[193],"product_tag":[],"class_list":{"0":"post-16053","1":"product","2":"type-product","3":"status-publish","4":"has-post-thumbnail","6":"product_cat-unkategorisiert","8":"first","9":"outofstock","10":"taxable","11":"shipping-taxable","12":"purchasable","13":"product-type-simple"},"_links":{"self":[{"href":"https:\/\/ebay.luba.de\/index.php\/wp-json\/wp\/v2\/product\/16053","targetHints":{"allow":["GET"]}}],"collection":[{"href":"https:\/\/ebay.luba.de\/index.php\/wp-json\/wp\/v2\/product"}],"about":[{"href":"https:\/\/ebay.luba.de\/index.php\/wp-json\/wp\/v2\/types\/product"}],"replies":[{"embeddable":true,"href":"https:\/\/ebay.luba.de\/index.php\/wp-json\/wp\/v2\/comments?post=16053"}],"wp:featuredmedia":[{"embeddable":true,"href":"https:\/\/ebay.luba.de\/index.php\/wp-json\/wp\/v2\/media\/16054"}],"wp:attachment":[{"href":"https:\/\/ebay.luba.de\/index.php\/wp-json\/wp\/v2\/media?parent=16053"}],"wp:term":[{"taxonomy":"product_brand","embeddable":true,"href":"https:\/\/ebay.luba.de\/index.php\/wp-json\/wp\/v2\/product_brand?post=16053"},{"taxonomy":"product_cat","embeddable":true,"href":"https:\/\/ebay.luba.de\/index.php\/wp-json\/wp\/v2\/product_cat?post=16053"},{"taxonomy":"product_tag","embeddable":true,"href":"https:\/\/ebay.luba.de\/index.php\/wp-json\/wp\/v2\/product_tag?post=16053"}],"curies":[{"name":"wp","href":"https:\/\/api.w.org\/{rel}","templated":true}]}}