{"id":16040,"date":"2020-12-06T15:52:46","date_gmt":"2020-12-06T15:52:46","guid":{"rendered":"https:\/\/ebay.luba.de\/index.php\/product\/zusatzgitter-set-fur-brod-taylor-garautomat\/"},"modified":"2022-03-07T15:51:05","modified_gmt":"2022-03-07T15:51:05","slug":"zusatzgitter-set-fur-brod-taylor-garautomat","status":"publish","type":"product","link":"https:\/\/ebay.luba.de\/index.php\/product\/zusatzgitter-set-fur-brod-taylor-garautomat\/","title":{"rendered":"Zusatzgitter-Set f\u00fcr Brod &#038; Taylor G\u00e4rautomat"},"content":{"rendered":"<p>Dieser Artikel wurde gegen ein neues Modell ersetzt. Dieses finden Sie <a href=\"https:\/\/luba.de\/produkt\/zusatzgitter-fuer-brod-taylor-gaerautomat\/\">hier<\/a><\/p>\n","protected":false},"excerpt":{"rendered":"<p>Kapazit\u00e4t verdoppeln durch eine zweite Etage! Durch einh\u00e4ngen des Edelstahl-Gitters in den G\u00e4rautomat steht eine zus\u00e4tzliche Etage zu Verf\u00fcgung. Gleicher Verbrauch, doppelter Nutzen.<\/p>\n","protected":false},"featured_media":16041,"comment_status":"closed","ping_status":"open","template":"","meta":[],"product_brand":[],"product_cat":[282,202],"product_tag":[],"class_list":{"0":"post-16040","1":"product","2":"type-product","3":"status-publish","4":"has-post-thumbnail","6":"product_cat-garautomaten","7":"product_cat-kuchengerate-elektro","9":"first","10":"instock","11":"taxable","12":"shipping-taxable","13":"purchasable","14":"product-type-simple"},"_links":{"self":[{"href":"https:\/\/ebay.luba.de\/index.php\/wp-json\/wp\/v2\/product\/16040","targetHints":{"allow":["GET"]}}],"collection":[{"href":"https:\/\/ebay.luba.de\/index.php\/wp-json\/wp\/v2\/product"}],"about":[{"href":"https:\/\/ebay.luba.de\/index.php\/wp-json\/wp\/v2\/types\/product"}],"replies":[{"embeddable":true,"href":"https:\/\/ebay.luba.de\/index.php\/wp-json\/wp\/v2\/comments?post=16040"}],"wp:featuredmedia":[{"embeddable":true,"href":"https:\/\/ebay.luba.de\/index.php\/wp-json\/wp\/v2\/media\/16041"}],"wp:attachment":[{"href":"https:\/\/ebay.luba.de\/index.php\/wp-json\/wp\/v2\/media?parent=16040"}],"wp:term":[{"taxonomy":"product_brand","embeddable":true,"href":"https:\/\/ebay.luba.de\/index.php\/wp-json\/wp\/v2\/product_brand?post=16040"},{"taxonomy":"product_cat","embeddable":true,"href":"https:\/\/ebay.luba.de\/index.php\/wp-json\/wp\/v2\/product_cat?post=16040"},{"taxonomy":"product_tag","embeddable":true,"href":"https:\/\/ebay.luba.de\/index.php\/wp-json\/wp\/v2\/product_tag?post=16040"}],"curies":[{"name":"wp","href":"https:\/\/api.w.org\/{rel}","templated":true}]}}