{"id":16005,"date":"2020-12-06T15:52:19","date_gmt":"2020-12-06T15:52:19","guid":{"rendered":"https:\/\/ebay.luba.de\/index.php\/product\/kornkraft-mia-mola\/"},"modified":"2023-09-26T06:51:11","modified_gmt":"2023-09-26T06:51:11","slug":"kornkraft-mia-mola","status":"publish","type":"product","link":"https:\/\/ebay.luba.de\/index.php\/product\/kornkraft-mia-mola\/","title":{"rendered":"Kornkraft Mia Mola"},"content":{"rendered":"<p>Kleine M\u00fchle &#8211; gro\u00dfe Wirkung! Mit Hilfe der beiden kr\u00e4ftigen Tischklammern l\u00e4sst sich die M\u00fchle sicher an Tischplatten bis 5 cm St\u00e4rke befestigen. Durch die speziell geformten sehr leichtg\u00e4ngigen Kornkraft-Mahlsteine erreichen Sie eine \u00fcberdurchschnittlich hohe Drehfrequenz. Diese erm\u00f6glicht Ihnen ein entspanntes Mahlen &#8211; auch \u00fcber l\u00e4ngere Zeit und somit auch f\u00fcr gr\u00f6\u00dfere Mengen. Mahlgut: Aller Getreidearten au\u00dfer Mais. \u00d6lsaaten nur unter Beimischung von Getreide. Mahlleistung: Feinmehl 50 g\/Minute &#8211; M\u00fcslischrot 100 g\/Minute &#8211; 10 Jahre Garantie Abmessungen: L\/B\/H 18 x 24 x 32 cm (Mit Kurbel zur Seite)<\/p>\n","protected":false},"excerpt":{"rendered":"<p>Kleine M\u00fchle &#8211; gro\u00dfe Wirkung! Mit Hilfe der beiden kr\u00e4ftigen Tischklammern l\u00e4sst sich die M\u00fchle sicher an Tischplatten bis 5 cm St\u00e4rke befestigen. Durch die speziell geformten sehr leichtg\u00e4ngigen Kornkraft-Mahlsteine erreichen Sie eine \u00fcberdurchschnittlich hohe Drehfrequenz. Diese erm\u00f6glicht Ihnen ein entspanntes Mahlen &#8211; auch \u00fcber l\u00e4ngere Zeit und somit auch f\u00fcr gr\u00f6\u00dfere Mengen. Mahlgut: Aller [&hellip;]<\/p>\n","protected":false},"featured_media":16006,"comment_status":"closed","ping_status":"open","template":"","meta":[],"product_brand":[],"product_cat":[218,231,215],"product_tag":[],"class_list":{"0":"post-16005","1":"product","2":"type-product","3":"status-publish","4":"has-post-thumbnail","6":"product_cat-getreidemuhlen","7":"product_cat-handbetrieben","8":"product_cat-kuchengerate-handbetrieb","10":"first","11":"instock","12":"taxable","13":"shipping-taxable","14":"purchasable","15":"product-type-simple"},"_links":{"self":[{"href":"https:\/\/ebay.luba.de\/index.php\/wp-json\/wp\/v2\/product\/16005","targetHints":{"allow":["GET"]}}],"collection":[{"href":"https:\/\/ebay.luba.de\/index.php\/wp-json\/wp\/v2\/product"}],"about":[{"href":"https:\/\/ebay.luba.de\/index.php\/wp-json\/wp\/v2\/types\/product"}],"replies":[{"embeddable":true,"href":"https:\/\/ebay.luba.de\/index.php\/wp-json\/wp\/v2\/comments?post=16005"}],"wp:featuredmedia":[{"embeddable":true,"href":"https:\/\/ebay.luba.de\/index.php\/wp-json\/wp\/v2\/media\/16006"}],"wp:attachment":[{"href":"https:\/\/ebay.luba.de\/index.php\/wp-json\/wp\/v2\/media?parent=16005"}],"wp:term":[{"taxonomy":"product_brand","embeddable":true,"href":"https:\/\/ebay.luba.de\/index.php\/wp-json\/wp\/v2\/product_brand?post=16005"},{"taxonomy":"product_cat","embeddable":true,"href":"https:\/\/ebay.luba.de\/index.php\/wp-json\/wp\/v2\/product_cat?post=16005"},{"taxonomy":"product_tag","embeddable":true,"href":"https:\/\/ebay.luba.de\/index.php\/wp-json\/wp\/v2\/product_tag?post=16005"}],"curies":[{"name":"wp","href":"https:\/\/api.w.org\/{rel}","templated":true}]}}