{"id":16001,"date":"2020-12-06T15:52:19","date_gmt":"2020-12-06T15:52:19","guid":{"rendered":"https:\/\/ebay.luba.de\/index.php\/product\/solis-vakuumierbehalter-quadratisch-1000-ml-2800ml\/"},"modified":"2020-12-06T15:52:24","modified_gmt":"2020-12-06T15:52:24","slug":"solis-vakuumierbehalter-quadratisch-1000-ml-2800ml","status":"publish","type":"product","link":"https:\/\/ebay.luba.de\/index.php\/product\/solis-vakuumierbehalter-quadratisch-1000-ml-2800ml\/","title":{"rendered":"Solis Vakuumierbeh\u00e4lter quadratisch 1000 ml, 2800ml"},"content":{"rendered":"<p>Garantiert beste Vakuumierergebnisse, die Vakuumierbeh\u00e4lter mit Deckel, f\u00fcr alle Solis Vakuumierer. Lebensmittelecht und wiederverwendbar. Die Beh\u00e4lter sind quadtratisch mit 1000 ml und 2800 ml bef\u00fcllbar.<\/p>\n","protected":false},"excerpt":{"rendered":"<p>Garantiert beste Vakuumierergebnisse, die Vakuumierbeh\u00e4lter mit Deckel, f\u00fcr alle Solis Vakuumierer. Lebensmittelecht und wiederverwendbar. Die Beh\u00e4lter sind quadtratisch mit 1000 ml und 2800 ml bef\u00fcllbar.<\/p>\n","protected":false},"featured_media":16002,"comment_status":"closed","ping_status":"open","template":"","meta":[],"product_brand":[],"product_cat":[193],"product_tag":[],"class_list":{"0":"post-16001","1":"product","2":"type-product","3":"status-publish","4":"has-post-thumbnail","6":"product_cat-unkategorisiert","8":"first","9":"outofstock","10":"taxable","11":"shipping-taxable","12":"purchasable","13":"product-type-simple"},"_links":{"self":[{"href":"https:\/\/ebay.luba.de\/index.php\/wp-json\/wp\/v2\/product\/16001","targetHints":{"allow":["GET"]}}],"collection":[{"href":"https:\/\/ebay.luba.de\/index.php\/wp-json\/wp\/v2\/product"}],"about":[{"href":"https:\/\/ebay.luba.de\/index.php\/wp-json\/wp\/v2\/types\/product"}],"replies":[{"embeddable":true,"href":"https:\/\/ebay.luba.de\/index.php\/wp-json\/wp\/v2\/comments?post=16001"}],"wp:featuredmedia":[{"embeddable":true,"href":"https:\/\/ebay.luba.de\/index.php\/wp-json\/wp\/v2\/media\/16002"}],"wp:attachment":[{"href":"https:\/\/ebay.luba.de\/index.php\/wp-json\/wp\/v2\/media?parent=16001"}],"wp:term":[{"taxonomy":"product_brand","embeddable":true,"href":"https:\/\/ebay.luba.de\/index.php\/wp-json\/wp\/v2\/product_brand?post=16001"},{"taxonomy":"product_cat","embeddable":true,"href":"https:\/\/ebay.luba.de\/index.php\/wp-json\/wp\/v2\/product_cat?post=16001"},{"taxonomy":"product_tag","embeddable":true,"href":"https:\/\/ebay.luba.de\/index.php\/wp-json\/wp\/v2\/product_tag?post=16001"}],"curies":[{"name":"wp","href":"https:\/\/api.w.org\/{rel}","templated":true}]}}