{"id":1600,"date":"2020-12-06T15:52:46","date_gmt":"2020-12-06T15:52:46","guid":{"rendered":"https:\/\/amz.luba.de\/index.php\/product\/caso-fastvac-3000-gewerbevakuumierer-180-watt-vakuumpumpe-20l-minute-beutel-und-rollen-bis-zu-30-cm-breite\/"},"modified":"2023-01-05T08:51:04","modified_gmt":"2023-01-05T08:51:04","slug":"caso-vakuumierer-fastvac-3000","status":"publish","type":"product","link":"https:\/\/ebay.luba.de\/index.php\/product\/caso-vakuumierer-fastvac-3000\/","title":{"rendered":"CASO Vakuumierer FastVac 3000"},"content":{"rendered":"<h2>CASO Vakuumierer FastVac 3000 Professioneller Vakuumierer f\u00fcr den gewerblichen Einsatz.<\/h2>\n<ul>\n<li>Die Beutel und Rollen haben eine Breite bis zu 30 cm<\/li>\n<li>doppelte Schwei\u00dfnaht<\/li>\n<li>vollautomatisches System zum Vakuumieren Ihrer Lebensmittel: Nat\u00fcrliches Aufbewahren ohne Konservierungsstoffe<\/li>\n<li>Lebensmittel sind vakuumiert bis zu 8x l\u00e4nger frisch<\/li>\n<li>starke Vakuumpumpe &#8211; 20 L\/ Minute \u2022gewerblich nutzbar<\/li>\n<li>Ausklappbarer Cutter zum Zuschneiden der Folienrollen<\/li>\n<li>Pulse-Funktion: die Intensit\u00e4t des Vakuums passt sich automatisch der Beschaffenheit des Produktes an und umschlie\u00dft es sicher<\/li>\n<li>Marinier-Funktion: in Kombination mit einem Vakuumbeh\u00e4lter k\u00f6nnen Fleisch oder Fisch in sehr kurzer Zeit intensiv mariniert werden. Durch eine automatische Vakuumtaktung werden die Poren wiederholend ge\u00f6ffnet und geschlossen<\/li>\n<li>Individuell einstellbare Schwei\u00dfzeit und Vakuumdruck<\/li>\n<li>Inkl. Vakuumierschlauch f\u00fcr Vakuum-Beh\u00e4lter.<\/li>\n<li>Geh\u00e4use aus Edelstahl.<\/li>\n<\/ul>\n<h3>Eigenschaften<\/h3>\n<table style=\"border-collapse: collapse; width: 46.0784%;\">\n<tbody>\n<tr>\n<td style=\"width: 25.3813%;\">\n<div class=\"c-attribute-table__attribute\">Ma\u00dfe (BxHxT):<\/div>\n<\/td>\n<td style=\"width: 20.6971%;\">\n<div class=\"c-attribute-table__item c-attribute-table__item--masse-breite-hoehe-tiefe\">\n<div class=\"c-attribute-table__value\">430x160x290 mm<\/div>\n<\/div>\n<\/td>\n<\/tr>\n<tr>\n<td style=\"width: 25.3813%;\">\n<div class=\"c-attribute-table__attribute\">Gewicht:<\/div>\n<\/td>\n<td style=\"width: 20.6971%;\">\n<div class=\"c-attribute-table__item c-attribute-table__item--gewicht\">\n<div class=\"c-attribute-table__value\">5,1 kg<\/div>\n<\/div>\n<\/td>\n<\/tr>\n<tr>\n<td style=\"width: 25.3813%;\">\n<div class=\"c-attribute-table__attribute\">Spannung:<\/div>\n<\/td>\n<td style=\"width: 20.6971%;\">\n<div class=\"c-attribute-table__item c-attribute-table__item--spannung\">\n<div class=\"c-attribute-table__value\">220-240V~, 50Hz<\/div>\n<\/div>\n<\/td>\n<\/tr>\n<tr>\n<td style=\"width: 25.3813%;\">\n<div class=\"c-attribute-table__attribute\">Kennzeichnung:<\/div>\n<\/td>\n<td style=\"width: 20.6971%;\">\n<div class=\"c-attribute-table__item c-attribute-table__item--kennzeichnung\">\n<div class=\"c-attribute-table__value\">CE<\/div>\n<\/div>\n<\/td>\n<\/tr>\n<tr>\n<td style=\"width: 25.3813%;\">\n<div class=\"c-attribute-table__attribute\">Leistung:<\/div>\n<\/td>\n<td style=\"width: 20.6971%;\">\n<div class=\"c-product-detail__attribute-table\">\n<div class=\"c-attribute-table c-attribute-table--colcount-1\">\n<div class=\"c-attribute-table__col\">\n<div class=\"c-attribute-table__item c-attribute-table__item--leistung\">\n<div class=\"c-attribute-table__value\">180 Watt<\/div>\n<\/div>\n<\/div>\n<\/div>\n<\/div>\n<\/td>\n<\/tr>\n<\/tbody>\n<\/table>\n<p>&nbsp;<\/p>\n","protected":false},"excerpt":{"rendered":"<p>CASO Vakuumierer FastVac 3000 Professioneller Vakuumierer f\u00fcr den gewerblichen Einsatz. Die Beutel und Rollen haben eine Breite bis zu 30 cm doppelte Schwei\u00dfnaht vollautomatisches System zum Vakuumieren Ihrer Lebensmittel: Nat\u00fcrliches Aufbewahren ohne Konservierungsstoffe Lebensmittel sind vakuumiert bis zu 8x l\u00e4nger frisch starke Vakuumpumpe &#8211; 20 L\/ Minute \u2022gewerblich nutzbar Ausklappbarer Cutter zum Zuschneiden der Folienrollen [&hellip;]<\/p>\n","protected":false},"featured_media":16063,"comment_status":"closed","ping_status":"open","template":"","meta":[],"product_brand":[],"product_cat":[283,202,257],"product_tag":[],"class_list":{"0":"post-1600","1":"product","2":"type-product","3":"status-publish","4":"has-post-thumbnail","6":"product_cat-caso","7":"product_cat-kuchengerate-elektro","8":"product_cat-vakuumiergerate","10":"first","11":"outofstock","12":"taxable","13":"shipping-taxable","14":"purchasable","15":"product-type-simple"},"_links":{"self":[{"href":"https:\/\/ebay.luba.de\/index.php\/wp-json\/wp\/v2\/product\/1600","targetHints":{"allow":["GET"]}}],"collection":[{"href":"https:\/\/ebay.luba.de\/index.php\/wp-json\/wp\/v2\/product"}],"about":[{"href":"https:\/\/ebay.luba.de\/index.php\/wp-json\/wp\/v2\/types\/product"}],"replies":[{"embeddable":true,"href":"https:\/\/ebay.luba.de\/index.php\/wp-json\/wp\/v2\/comments?post=1600"}],"wp:featuredmedia":[{"embeddable":true,"href":"https:\/\/ebay.luba.de\/index.php\/wp-json\/wp\/v2\/media\/16063"}],"wp:attachment":[{"href":"https:\/\/ebay.luba.de\/index.php\/wp-json\/wp\/v2\/media?parent=1600"}],"wp:term":[{"taxonomy":"product_brand","embeddable":true,"href":"https:\/\/ebay.luba.de\/index.php\/wp-json\/wp\/v2\/product_brand?post=1600"},{"taxonomy":"product_cat","embeddable":true,"href":"https:\/\/ebay.luba.de\/index.php\/wp-json\/wp\/v2\/product_cat?post=1600"},{"taxonomy":"product_tag","embeddable":true,"href":"https:\/\/ebay.luba.de\/index.php\/wp-json\/wp\/v2\/product_tag?post=1600"}],"curies":[{"name":"wp","href":"https:\/\/api.w.org\/{rel}","templated":true}]}}