{"id":15981,"date":"2020-12-06T15:52:19","date_gmt":"2020-12-06T15:52:19","guid":{"rendered":"https:\/\/ebay.luba.de\/index.php\/product\/westmark-spiralschneidmaschine-spiromat\/"},"modified":"2023-07-14T07:51:05","modified_gmt":"2023-07-14T07:51:05","slug":"westmark-spiralschneidmaschine-spiromat","status":"publish","type":"product","link":"https:\/\/ebay.luba.de\/index.php\/product\/westmark-spiralschneidmaschine-spiromat\/","title":{"rendered":"Westmark Spiralschneidmaschine Spiromat"},"content":{"rendered":"<p>Die Gem\u00fcseschneidmaschine ideal zur Verarbeitung von Obst und Gem\u00fcse (Kartoffeln, Gurken, M\u00f6hren, Rettich, Zwiebeln, \u00c4pfel, etc.) 3 auswechselbare Klingen, Hobelklinge 1 ergibt Scheiben, Julienne-Klinge 2 ergibt feine Streifen, Julienne Klinge 3 ergibt grobe Streifen, Material: hochwertiger Kunststoff, Klingen aus Edelstahl.<\/p>\n","protected":false},"excerpt":{"rendered":"<p>Die Gem\u00fcseschneidmaschine ideal zur Verarbeitung von Obst und Gem\u00fcse (Kartoffeln, Gurken, M\u00f6hren, Rettich, Zwiebeln, \u00c4pfel, etc.) 3 auswechselbare Klingen, Hobelklinge 1 ergibt Scheiben, Julienne-Klinge 2 ergibt feine Streifen, Julienne Klinge 3 ergibt grobe Streifen, Material: hochwertiger Kunststoff, Klingen aus Edelstahl.<\/p>\n","protected":false},"featured_media":15982,"comment_status":"closed","ping_status":"open","template":"","meta":[],"product_brand":[],"product_cat":[199],"product_tag":[],"class_list":{"0":"post-15981","1":"product","2":"type-product","3":"status-publish","4":"has-post-thumbnail","6":"product_cat-kuchenhelfer","8":"first","9":"instock","10":"taxable","11":"shipping-taxable","12":"purchasable","13":"product-type-simple"},"_links":{"self":[{"href":"https:\/\/ebay.luba.de\/index.php\/wp-json\/wp\/v2\/product\/15981","targetHints":{"allow":["GET"]}}],"collection":[{"href":"https:\/\/ebay.luba.de\/index.php\/wp-json\/wp\/v2\/product"}],"about":[{"href":"https:\/\/ebay.luba.de\/index.php\/wp-json\/wp\/v2\/types\/product"}],"replies":[{"embeddable":true,"href":"https:\/\/ebay.luba.de\/index.php\/wp-json\/wp\/v2\/comments?post=15981"}],"wp:featuredmedia":[{"embeddable":true,"href":"https:\/\/ebay.luba.de\/index.php\/wp-json\/wp\/v2\/media\/15982"}],"wp:attachment":[{"href":"https:\/\/ebay.luba.de\/index.php\/wp-json\/wp\/v2\/media?parent=15981"}],"wp:term":[{"taxonomy":"product_brand","embeddable":true,"href":"https:\/\/ebay.luba.de\/index.php\/wp-json\/wp\/v2\/product_brand?post=15981"},{"taxonomy":"product_cat","embeddable":true,"href":"https:\/\/ebay.luba.de\/index.php\/wp-json\/wp\/v2\/product_cat?post=15981"},{"taxonomy":"product_tag","embeddable":true,"href":"https:\/\/ebay.luba.de\/index.php\/wp-json\/wp\/v2\/product_tag?post=15981"}],"curies":[{"name":"wp","href":"https:\/\/api.w.org\/{rel}","templated":true}]}}