{"id":15802,"date":"2020-12-06T15:50:29","date_gmt":"2020-12-06T15:50:29","guid":{"rendered":"https:\/\/ebay.luba.de\/index.php\/product\/jura-claris-filterpatrone-white\/"},"modified":"2023-06-29T11:51:06","modified_gmt":"2023-06-29T11:51:06","slug":"jura-claris-filterpatrone-white","status":"publish","type":"product","link":"https:\/\/ebay.luba.de\/index.php\/product\/jura-claris-filterpatrone-white\/","title":{"rendered":"JURA CLARIS Filterpatrone white"},"content":{"rendered":"<p>Die neue Filterpatrone CLARIS White kann weiterhin f\u00fcr alle JURA-Kaffeevollautomaten verwendet werden, bei denen bisher die CLARIS plus Filterpatrone Water Care IMPRESSA im Einsatz war. Wer einmal frisches Quellwasser getrunken hat, wei\u00df: Zwischen dem naturreinen Lebenselixier und dem aufbereiteten Nass aus der Leitung k\u00f6nnen Welten liegen. Mit dem Einsatz der Filterpatrone CLARIS gewinnen Sie stets frisch gefiltertes, wohltuendes Kaffee- und Teewasser. Der organische Ionenaustauscher und die Aktivkohle reduzieren Kalkablagerungen, Schwermetalle sowie geschmacks- und geruchsbeeintr\u00e4chtigende Stoffe im Trinkwasser und erreichen einen stabilen pH-Wert. Die Patrone wird direkt in den Wassertank eingesetzt und arbeitet nach dem professionellen Aufstromprinzip. Mit rein organischem Material gef\u00fcllt &#8211; ohne chemische Zus\u00e4tze. Filterkapazit\u00e4t: 50 Liter oder maximal 2 Monate. Mit CLARIS Filterpatronen schonen Sie Ihr Ger\u00e4t und verl\u00e4ngern seine Lebensdauer.  Bei einer Mengenabnahme von 20 St\u00fcck sind die Filterpatronen g\u00fcnstiger.<\/p>\n","protected":false},"excerpt":{"rendered":"<p>Die neue Filterpatrone CLARIS White kann weiterhin f\u00fcr alle JURA-Kaffeevollautomaten verwendet werden, bei denen bisher die CLARIS plus Filterpatrone Water Care IMPRESSA im Einsatz war. Wer einmal frisches Quellwasser getrunken hat, wei\u00df: Zwischen dem naturreinen Lebenselixier und dem aufbereiteten Nass aus der Leitung k\u00f6nnen Welten liegen. Mit dem Einsatz der Filterpatrone CLARIS gewinnen Sie stets [&hellip;]<\/p>\n","protected":false},"featured_media":15803,"comment_status":"closed","ping_status":"open","template":"","meta":[],"product_brand":[],"product_cat":[245,199,244],"product_tag":[],"class_list":{"0":"post-15802","1":"product","2":"type-product","3":"status-publish","4":"has-post-thumbnail","6":"product_cat-filterpatronen","7":"product_cat-kuchenhelfer","8":"product_cat-verbrauchsmaterialien","10":"first","11":"instock","12":"taxable","13":"shipping-taxable","14":"purchasable","15":"product-type-simple"},"_links":{"self":[{"href":"https:\/\/ebay.luba.de\/index.php\/wp-json\/wp\/v2\/product\/15802","targetHints":{"allow":["GET"]}}],"collection":[{"href":"https:\/\/ebay.luba.de\/index.php\/wp-json\/wp\/v2\/product"}],"about":[{"href":"https:\/\/ebay.luba.de\/index.php\/wp-json\/wp\/v2\/types\/product"}],"replies":[{"embeddable":true,"href":"https:\/\/ebay.luba.de\/index.php\/wp-json\/wp\/v2\/comments?post=15802"}],"wp:featuredmedia":[{"embeddable":true,"href":"https:\/\/ebay.luba.de\/index.php\/wp-json\/wp\/v2\/media\/15803"}],"wp:attachment":[{"href":"https:\/\/ebay.luba.de\/index.php\/wp-json\/wp\/v2\/media?parent=15802"}],"wp:term":[{"taxonomy":"product_brand","embeddable":true,"href":"https:\/\/ebay.luba.de\/index.php\/wp-json\/wp\/v2\/product_brand?post=15802"},{"taxonomy":"product_cat","embeddable":true,"href":"https:\/\/ebay.luba.de\/index.php\/wp-json\/wp\/v2\/product_cat?post=15802"},{"taxonomy":"product_tag","embeddable":true,"href":"https:\/\/ebay.luba.de\/index.php\/wp-json\/wp\/v2\/product_tag?post=15802"}],"curies":[{"name":"wp","href":"https:\/\/api.w.org\/{rel}","templated":true}]}}