{"id":15800,"date":"2020-12-06T15:50:29","date_gmt":"2020-12-06T15:50:29","guid":{"rendered":"https:\/\/ebay.luba.de\/index.php\/product\/kitchenaid-4-scheiben-toaster-empire-rot\/"},"modified":"2020-12-06T15:50:36","modified_gmt":"2020-12-06T15:50:36","slug":"kitchenaid-4-scheiben-toaster-empire-rot","status":"publish","type":"product","link":"https:\/\/ebay.luba.de\/index.php\/product\/kitchenaid-4-scheiben-toaster-empire-rot\/","title":{"rendered":"KitchenAid 4-Scheiben-Toaster empire rot"},"content":{"rendered":"<p>Toaster aus Alugu\u00dfgeh\u00e4use mit extra breiten und langen Schlitzen f\u00fcr verschiedene Brotsorten. Es sind insgesamt 13 Br\u00e4unungsgrade w\u00e4hlbar. Automatisches Toasten mit Einzug und Auswurf, Warmhaltefunktion, h\u00e4lt den Toast f\u00fcr 3 min nach R\u00f6stvorgang warm, Ma\u00dfe HxBxT: 20,5 x 34,8 x 30,4 cm, Leistung 2500 Watt, Sandwichzange inklusive.<\/p>\n","protected":false},"excerpt":{"rendered":"<p>Toaster aus Alugu\u00dfgeh\u00e4use mit extra breiten und langen Schlitzen f\u00fcr verschiedene Brotsorten. Es sind insgesamt 13 Br\u00e4unungsgrade w\u00e4hlbar. Automatisches Toasten mit Einzug und Auswurf, Warmhaltefunktion, h\u00e4lt den Toast f\u00fcr 3 min nach R\u00f6stvorgang warm, Ma\u00dfe HxBxT: 20,5 x 34,8 x 30,4 cm, Leistung 2500 Watt, Sandwichzange inklusive.<\/p>\n","protected":false},"featured_media":15801,"comment_status":"closed","ping_status":"open","template":"","meta":[],"product_brand":[],"product_cat":[202,243],"product_tag":[],"class_list":{"0":"post-15800","1":"product","2":"type-product","3":"status-publish","4":"has-post-thumbnail","6":"product_cat-kuchengerate-elektro","7":"product_cat-toaster","9":"first","10":"outofstock","11":"taxable","12":"shipping-taxable","13":"purchasable","14":"product-type-simple"},"_links":{"self":[{"href":"https:\/\/ebay.luba.de\/index.php\/wp-json\/wp\/v2\/product\/15800","targetHints":{"allow":["GET"]}}],"collection":[{"href":"https:\/\/ebay.luba.de\/index.php\/wp-json\/wp\/v2\/product"}],"about":[{"href":"https:\/\/ebay.luba.de\/index.php\/wp-json\/wp\/v2\/types\/product"}],"replies":[{"embeddable":true,"href":"https:\/\/ebay.luba.de\/index.php\/wp-json\/wp\/v2\/comments?post=15800"}],"wp:featuredmedia":[{"embeddable":true,"href":"https:\/\/ebay.luba.de\/index.php\/wp-json\/wp\/v2\/media\/15801"}],"wp:attachment":[{"href":"https:\/\/ebay.luba.de\/index.php\/wp-json\/wp\/v2\/media?parent=15800"}],"wp:term":[{"taxonomy":"product_brand","embeddable":true,"href":"https:\/\/ebay.luba.de\/index.php\/wp-json\/wp\/v2\/product_brand?post=15800"},{"taxonomy":"product_cat","embeddable":true,"href":"https:\/\/ebay.luba.de\/index.php\/wp-json\/wp\/v2\/product_cat?post=15800"},{"taxonomy":"product_tag","embeddable":true,"href":"https:\/\/ebay.luba.de\/index.php\/wp-json\/wp\/v2\/product_tag?post=15800"}],"curies":[{"name":"wp","href":"https:\/\/api.w.org\/{rel}","templated":true}]}}