{"id":15790,"date":"2020-12-06T15:50:29","date_gmt":"2020-12-06T15:50:29","guid":{"rendered":"https:\/\/ebay.luba.de\/index.php\/product\/rohrennudelvorsatz-kitchen-aid-5kpexta\/"},"modified":"2020-12-06T15:50:35","modified_gmt":"2020-12-06T15:50:35","slug":"rohrennudelvorsatz-kitchen-aid-5kpexta","status":"publish","type":"product","link":"https:\/\/ebay.luba.de\/index.php\/product\/rohrennudelvorsatz-kitchen-aid-5kpexta\/","title":{"rendered":"R\u00f6hrennudelvorsatz Kitchen Aid 5KPEXTA"},"content":{"rendered":"<p>Dieser R\u00f6hrennudelvorsatz ist ideal f\u00fcr die einfache Zubereitung von selbstgemachter frischer Pasta. Der Vorsatz enth\u00e4lt ein Kombiwerkzeug, einen Aufbewahrungsbeh\u00e4lter, einen Reinigungspinsel und 6 Eins\u00e4tze.<\/p>\n","protected":false},"excerpt":{"rendered":"<p>Dieser R\u00f6hrennudelvorsatz ist ideal f\u00fcr die einfache Zubereitung von selbstgemachter frischer Pasta. Der Vorsatz enth\u00e4lt ein Kombiwerkzeug, einen Aufbewahrungsbeh\u00e4lter, einen Reinigungspinsel und 6 Eins\u00e4tze.<\/p>\n","protected":false},"featured_media":15791,"comment_status":"closed","ping_status":"open","template":"","meta":[],"product_brand":[],"product_cat":[193],"product_tag":[],"class_list":{"0":"post-15790","1":"product","2":"type-product","3":"status-publish","4":"has-post-thumbnail","6":"product_cat-unkategorisiert","8":"first","9":"outofstock","10":"taxable","11":"shipping-taxable","12":"purchasable","13":"product-type-simple"},"_links":{"self":[{"href":"https:\/\/ebay.luba.de\/index.php\/wp-json\/wp\/v2\/product\/15790","targetHints":{"allow":["GET"]}}],"collection":[{"href":"https:\/\/ebay.luba.de\/index.php\/wp-json\/wp\/v2\/product"}],"about":[{"href":"https:\/\/ebay.luba.de\/index.php\/wp-json\/wp\/v2\/types\/product"}],"replies":[{"embeddable":true,"href":"https:\/\/ebay.luba.de\/index.php\/wp-json\/wp\/v2\/comments?post=15790"}],"wp:featuredmedia":[{"embeddable":true,"href":"https:\/\/ebay.luba.de\/index.php\/wp-json\/wp\/v2\/media\/15791"}],"wp:attachment":[{"href":"https:\/\/ebay.luba.de\/index.php\/wp-json\/wp\/v2\/media?parent=15790"}],"wp:term":[{"taxonomy":"product_brand","embeddable":true,"href":"https:\/\/ebay.luba.de\/index.php\/wp-json\/wp\/v2\/product_brand?post=15790"},{"taxonomy":"product_cat","embeddable":true,"href":"https:\/\/ebay.luba.de\/index.php\/wp-json\/wp\/v2\/product_cat?post=15790"},{"taxonomy":"product_tag","embeddable":true,"href":"https:\/\/ebay.luba.de\/index.php\/wp-json\/wp\/v2\/product_tag?post=15790"}],"curies":[{"name":"wp","href":"https:\/\/api.w.org\/{rel}","templated":true}]}}