{"id":15785,"date":"2020-12-06T15:50:29","date_gmt":"2020-12-06T15:50:29","guid":{"rendered":"https:\/\/ebay.luba.de\/index.php\/product\/edelstahlschussel-3-liter-kb3ss\/"},"modified":"2022-11-28T14:09:36","modified_gmt":"2022-11-28T14:09:36","slug":"edelstahlschussel-3-liter-kb3ss","status":"publish","type":"product","link":"https:\/\/ebay.luba.de\/index.php\/product\/edelstahlschussel-3-liter-kb3ss\/","title":{"rendered":"Edelstahlsch\u00fcssel 3 Liter KB3SS"},"content":{"rendered":"<p>Zus\u00e4tzliche Edelstahlsch\u00fcssel zur Erweiterung Ihrer K\u00fcchenmaschine. Inhalt 3 l<\/p>\n","protected":false},"excerpt":{"rendered":"<p>Zus\u00e4tzliche Edelstahlsch\u00fcssel zur Erweiterung Ihrer K\u00fcchenmaschine. Inhalt 3 l<\/p>\n","protected":false},"featured_media":15786,"comment_status":"closed","ping_status":"open","template":"","meta":[],"product_brand":[],"product_cat":[193],"product_tag":[],"class_list":{"0":"post-15785","1":"product","2":"type-product","3":"status-publish","4":"has-post-thumbnail","6":"product_cat-unkategorisiert","8":"first","9":"instock","10":"taxable","11":"shipping-taxable","12":"purchasable","13":"product-type-simple"},"_links":{"self":[{"href":"https:\/\/ebay.luba.de\/index.php\/wp-json\/wp\/v2\/product\/15785","targetHints":{"allow":["GET"]}}],"collection":[{"href":"https:\/\/ebay.luba.de\/index.php\/wp-json\/wp\/v2\/product"}],"about":[{"href":"https:\/\/ebay.luba.de\/index.php\/wp-json\/wp\/v2\/types\/product"}],"replies":[{"embeddable":true,"href":"https:\/\/ebay.luba.de\/index.php\/wp-json\/wp\/v2\/comments?post=15785"}],"wp:featuredmedia":[{"embeddable":true,"href":"https:\/\/ebay.luba.de\/index.php\/wp-json\/wp\/v2\/media\/15786"}],"wp:attachment":[{"href":"https:\/\/ebay.luba.de\/index.php\/wp-json\/wp\/v2\/media?parent=15785"}],"wp:term":[{"taxonomy":"product_brand","embeddable":true,"href":"https:\/\/ebay.luba.de\/index.php\/wp-json\/wp\/v2\/product_brand?post=15785"},{"taxonomy":"product_cat","embeddable":true,"href":"https:\/\/ebay.luba.de\/index.php\/wp-json\/wp\/v2\/product_cat?post=15785"},{"taxonomy":"product_tag","embeddable":true,"href":"https:\/\/ebay.luba.de\/index.php\/wp-json\/wp\/v2\/product_tag?post=15785"}],"curies":[{"name":"wp","href":"https:\/\/api.w.org\/{rel}","templated":true}]}}