{"id":15781,"date":"2020-12-06T15:50:29","date_gmt":"2020-12-06T15:50:29","guid":{"rendered":"https:\/\/ebay.luba.de\/index.php\/product\/eisbereiter-fur-kitchenaid-5kica0wh\/"},"modified":"2020-12-06T15:50:33","modified_gmt":"2020-12-06T15:50:33","slug":"eisbereiter-fur-kitchenaid-5kica0wh","status":"publish","type":"product","link":"https:\/\/ebay.luba.de\/index.php\/product\/eisbereiter-fur-kitchenaid-5kica0wh\/","title":{"rendered":"Eisbereiter f\u00fcr KitchenAid 5KICA0WH"},"content":{"rendered":"<p>Der Aufsatz ist zur Zubereitung von Speiseeis, Sorbets und Joghurt geeignet. Das Fassungsverm\u00f6gen ist ca. 1,9 Liter. Die Sch\u00fcssel ist doppelwandig. Im Zwischenraum ist eine K\u00fchlfl\u00fcssigkeit f\u00fcr gleichm\u00e4\u00dfiges Gefrieren.<\/p>\n","protected":false},"excerpt":{"rendered":"<p>Der Aufsatz ist zur Zubereitung von Speiseeis, Sorbets und Joghurt geeignet. Das Fassungsverm\u00f6gen ist ca. 1,9 Liter. Die Sch\u00fcssel ist doppelwandig. Im Zwischenraum ist eine K\u00fchlfl\u00fcssigkeit f\u00fcr gleichm\u00e4\u00dfiges Gefrieren.<\/p>\n","protected":false},"featured_media":15782,"comment_status":"closed","ping_status":"open","template":"","meta":[],"product_brand":[],"product_cat":[242,202,203],"product_tag":[],"class_list":{"0":"post-15781","1":"product","2":"type-product","3":"status-publish","4":"has-post-thumbnail","6":"product_cat-kitchenaid","7":"product_cat-kuchengerate-elektro","8":"product_cat-kuchenmaschinen-zubehor","10":"first","11":"outofstock","12":"taxable","13":"shipping-taxable","14":"purchasable","15":"product-type-simple"},"_links":{"self":[{"href":"https:\/\/ebay.luba.de\/index.php\/wp-json\/wp\/v2\/product\/15781","targetHints":{"allow":["GET"]}}],"collection":[{"href":"https:\/\/ebay.luba.de\/index.php\/wp-json\/wp\/v2\/product"}],"about":[{"href":"https:\/\/ebay.luba.de\/index.php\/wp-json\/wp\/v2\/types\/product"}],"replies":[{"embeddable":true,"href":"https:\/\/ebay.luba.de\/index.php\/wp-json\/wp\/v2\/comments?post=15781"}],"wp:featuredmedia":[{"embeddable":true,"href":"https:\/\/ebay.luba.de\/index.php\/wp-json\/wp\/v2\/media\/15782"}],"wp:attachment":[{"href":"https:\/\/ebay.luba.de\/index.php\/wp-json\/wp\/v2\/media?parent=15781"}],"wp:term":[{"taxonomy":"product_brand","embeddable":true,"href":"https:\/\/ebay.luba.de\/index.php\/wp-json\/wp\/v2\/product_brand?post=15781"},{"taxonomy":"product_cat","embeddable":true,"href":"https:\/\/ebay.luba.de\/index.php\/wp-json\/wp\/v2\/product_cat?post=15781"},{"taxonomy":"product_tag","embeddable":true,"href":"https:\/\/ebay.luba.de\/index.php\/wp-json\/wp\/v2\/product_tag?post=15781"}],"curies":[{"name":"wp","href":"https:\/\/api.w.org\/{rel}","templated":true}]}}