{"id":15775,"date":"2020-12-06T15:50:29","date_gmt":"2020-12-06T15:50:29","guid":{"rendered":"https:\/\/ebay.luba.de\/index.php\/product\/2-wurstfullvorsatze-fur-kitchenaid-5ssa\/"},"modified":"2020-12-14T11:06:08","modified_gmt":"2020-12-14T11:06:08","slug":"2-wurstfullvorsatze-fur-kitchenaid-5ssa","status":"publish","type":"product","link":"https:\/\/ebay.luba.de\/index.php\/product\/2-wurstfullvorsatze-fur-kitchenaid-5ssa\/","title":{"rendered":"2 Wurstf\u00fcllvors\u00e4tze f\u00fcr KitchenAid 5SSA"},"content":{"rendered":"<p>Vors\u00e4tze an Universalwolf FGA, zwei verschiedene St\u00e4rken. F\u00fcllt W\u00fcrste oder formt gleichm\u00e4\u00dfig Kroketten aus Gries, Reis und Kartoffeln.<\/p>\n","protected":false},"excerpt":{"rendered":"<p>Vors\u00e4tze an Universalwolf FGA, zwei verschiedene St\u00e4rken. F\u00fcllt W\u00fcrste oder formt gleichm\u00e4\u00dfig Kroketten aus Gries, Reis und Kartoffeln.<\/p>\n","protected":false},"featured_media":15776,"comment_status":"closed","ping_status":"open","template":"","meta":[],"product_brand":[],"product_cat":[242,202,203],"product_tag":[],"class_list":{"0":"post-15775","1":"product","2":"type-product","3":"status-publish","4":"has-post-thumbnail","6":"product_cat-kitchenaid","7":"product_cat-kuchengerate-elektro","8":"product_cat-kuchenmaschinen-zubehor","10":"first","11":"outofstock","12":"taxable","13":"shipping-taxable","14":"purchasable","15":"product-type-simple"},"_links":{"self":[{"href":"https:\/\/ebay.luba.de\/index.php\/wp-json\/wp\/v2\/product\/15775","targetHints":{"allow":["GET"]}}],"collection":[{"href":"https:\/\/ebay.luba.de\/index.php\/wp-json\/wp\/v2\/product"}],"about":[{"href":"https:\/\/ebay.luba.de\/index.php\/wp-json\/wp\/v2\/types\/product"}],"replies":[{"embeddable":true,"href":"https:\/\/ebay.luba.de\/index.php\/wp-json\/wp\/v2\/comments?post=15775"}],"wp:featuredmedia":[{"embeddable":true,"href":"https:\/\/ebay.luba.de\/index.php\/wp-json\/wp\/v2\/media\/15776"}],"wp:attachment":[{"href":"https:\/\/ebay.luba.de\/index.php\/wp-json\/wp\/v2\/media?parent=15775"}],"wp:term":[{"taxonomy":"product_brand","embeddable":true,"href":"https:\/\/ebay.luba.de\/index.php\/wp-json\/wp\/v2\/product_brand?post=15775"},{"taxonomy":"product_cat","embeddable":true,"href":"https:\/\/ebay.luba.de\/index.php\/wp-json\/wp\/v2\/product_cat?post=15775"},{"taxonomy":"product_tag","embeddable":true,"href":"https:\/\/ebay.luba.de\/index.php\/wp-json\/wp\/v2\/product_tag?post=15775"}],"curies":[{"name":"wp","href":"https:\/\/api.w.org\/{rel}","templated":true}]}}