{"id":15769,"date":"2020-12-06T15:50:29","date_gmt":"2020-12-06T15:50:29","guid":{"rendered":"https:\/\/ebay.luba.de\/index.php\/product\/artisan-4er-toaster-medallion-silber-5kmt4205ems\/"},"modified":"2021-10-24T18:51:48","modified_gmt":"2021-10-24T18:51:48","slug":"artisan-4er-toaster-medallion-silber-5kmt4205ems","status":"publish","type":"product","link":"https:\/\/ebay.luba.de\/index.php\/product\/artisan-4er-toaster-medallion-silber-5kmt4205ems\/","title":{"rendered":"Artisan 4er-Toaster medallion silber 5KMT4205EMS"},"content":{"rendered":"<p>Toaster aus Alugu\u00dfgeh\u00e4use mit extra breiten und langen Schlitzen f\u00fcr verschiedene Brotsorten. Es sind insgesamt 13 Br\u00e4unungsgrade w\u00e4hlbar. Automatisches Toasten mit Einzug und Auswurf, Warmhaltefunktion, h\u00e4lt den Toast f\u00fcr 3 min nach R\u00f6stvorgang warm, Leistung 1250 Watt, Sandwichzange inklusive.<\/p>\n","protected":false},"excerpt":{"rendered":"<p>Toaster aus Alugu\u00dfgeh\u00e4use mit extra breiten und langen Schlitzen f\u00fcr verschiedene Brotsorten. Es sind insgesamt 13 Br\u00e4unungsgrade w\u00e4hlbar. Automatisches Toasten mit Einzug und Auswurf, Warmhaltefunktion, h\u00e4lt den Toast f\u00fcr 3 min nach R\u00f6stvorgang warm, Leistung 1250 Watt, Sandwichzange inklusive.<\/p>\n","protected":false},"featured_media":15770,"comment_status":"closed","ping_status":"open","template":"","meta":[],"product_brand":[],"product_cat":[202,243],"product_tag":[],"class_list":{"0":"post-15769","1":"product","2":"type-product","3":"status-publish","4":"has-post-thumbnail","6":"product_cat-kuchengerate-elektro","7":"product_cat-toaster","9":"first","10":"outofstock","11":"taxable","12":"shipping-taxable","13":"purchasable","14":"product-type-simple"},"_links":{"self":[{"href":"https:\/\/ebay.luba.de\/index.php\/wp-json\/wp\/v2\/product\/15769","targetHints":{"allow":["GET"]}}],"collection":[{"href":"https:\/\/ebay.luba.de\/index.php\/wp-json\/wp\/v2\/product"}],"about":[{"href":"https:\/\/ebay.luba.de\/index.php\/wp-json\/wp\/v2\/types\/product"}],"replies":[{"embeddable":true,"href":"https:\/\/ebay.luba.de\/index.php\/wp-json\/wp\/v2\/comments?post=15769"}],"wp:featuredmedia":[{"embeddable":true,"href":"https:\/\/ebay.luba.de\/index.php\/wp-json\/wp\/v2\/media\/15770"}],"wp:attachment":[{"href":"https:\/\/ebay.luba.de\/index.php\/wp-json\/wp\/v2\/media?parent=15769"}],"wp:term":[{"taxonomy":"product_brand","embeddable":true,"href":"https:\/\/ebay.luba.de\/index.php\/wp-json\/wp\/v2\/product_brand?post=15769"},{"taxonomy":"product_cat","embeddable":true,"href":"https:\/\/ebay.luba.de\/index.php\/wp-json\/wp\/v2\/product_cat?post=15769"},{"taxonomy":"product_tag","embeddable":true,"href":"https:\/\/ebay.luba.de\/index.php\/wp-json\/wp\/v2\/product_tag?post=15769"}],"curies":[{"name":"wp","href":"https:\/\/api.w.org\/{rel}","templated":true}]}}