{"id":1574,"date":"2020-12-06T15:52:19","date_gmt":"2020-12-06T15:52:19","guid":{"rendered":"https:\/\/amz.luba.de\/index.php\/product\/solis-92218-vakuumiergerat-silver\/"},"modified":"2022-11-28T14:09:55","modified_gmt":"2022-11-28T14:09:55","slug":"solis-vakuumier-easy-vac-professional-schwarz","status":"publish","type":"product","link":"https:\/\/ebay.luba.de\/index.php\/product\/solis-vakuumier-easy-vac-professional-schwarz\/","title":{"rendered":"Solis Vakuumier Easy Vac Professional, schwarz"},"content":{"rendered":"<p>Der Easy VAC Professional hat ein solides Geh\u00e4use aus Edelstahl. Mit vollautomatischem Vakuumiersystem und vielen, individuellen Einstellm\u00f6glichkeiten. Lebensmittel bleiben bis zu 4x l\u00e4nger frisch \u2013 ohne Konservierungsstoffe. So gibt es spezielle Beutel f\u00fcr zwei Betriebsarten, f\u00fcr trockene (&#8220;Dry&#8221;) und feuchte (Moist&#8221;) Lebensmittel. Und so einfach geht das: Legen Sie das Vakuumiergut in einen original SOLIS- Vakuumierbeutel, gem\u00e4ss Anleitung ins Ger\u00e4t einlegen und die entsprechende Einstellung programmieren. Die Taste &#8220;VACUUM+SEAL&#8221; dr\u00fccken und alles l\u00e4uft nun mit der dreistufig einstellbaren Verschweisszeit vollautomatisch \u2013 auch f\u00fcr feuchte Lebensmittel. Es besteht aber auch die M\u00f6glichkeit, den Vakuumiervorgang jederzeit zu unterbrechen, indem Sie die Taste &#8220;SEAL&#8221; dr\u00fccken. Das Ger\u00e4t reagiert dann sofort und beginnt mit dem Verschweissen des Beutels. Geeignet sind bis zu 30 cm breite Beutel und Folien. Als weiteres hat er den Schlauchanschluss zur Vakuumerzeugung in Beh\u00e4ltern mit genialer Marinierfunktion. Beh\u00e4lter sind als Zubeh\u00f6r erh\u00e4ltlich. Ein Fach f\u00fcr Folienrolle mit Rollenschneider ist integriert. Farbe: Edelstahl\/schwarz, Leistung: 180 Watt, Gewicht: 4,65 kg, Ma\u00dfe (B x H x T) ca: 42,5 x 16,0 x 28,5 cm.<\/p>\n","protected":false},"excerpt":{"rendered":"<p>Der Easy VAC Professional hat ein solides Geh\u00e4use aus Edelstahl. Mit vollautomatischem Vakuumiersystem und vielen, individuellen Einstellm\u00f6glichkeiten. Lebensmittel bleiben bis zu 4x l\u00e4nger frisch \u2013 ohne Konservierungsstoffe. So gibt es spezielle Beutel f\u00fcr zwei Betriebsarten, f\u00fcr trockene (&#8220;Dry&#8221;) und feuchte (Moist&#8221;) Lebensmittel. Und so einfach geht das: Legen Sie das Vakuumiergut in einen original SOLIS- [&hellip;]<\/p>\n","protected":false},"featured_media":15998,"comment_status":"closed","ping_status":"open","template":"","meta":[],"product_brand":[],"product_cat":[202,257],"product_tag":[],"class_list":{"0":"post-1574","1":"product","2":"type-product","3":"status-publish","4":"has-post-thumbnail","6":"product_cat-kuchengerate-elektro","7":"product_cat-vakuumiergerate","9":"first","10":"instock","11":"taxable","12":"shipping-taxable","13":"purchasable","14":"product-type-simple"},"_links":{"self":[{"href":"https:\/\/ebay.luba.de\/index.php\/wp-json\/wp\/v2\/product\/1574","targetHints":{"allow":["GET"]}}],"collection":[{"href":"https:\/\/ebay.luba.de\/index.php\/wp-json\/wp\/v2\/product"}],"about":[{"href":"https:\/\/ebay.luba.de\/index.php\/wp-json\/wp\/v2\/types\/product"}],"replies":[{"embeddable":true,"href":"https:\/\/ebay.luba.de\/index.php\/wp-json\/wp\/v2\/comments?post=1574"}],"wp:featuredmedia":[{"embeddable":true,"href":"https:\/\/ebay.luba.de\/index.php\/wp-json\/wp\/v2\/media\/15998"}],"wp:attachment":[{"href":"https:\/\/ebay.luba.de\/index.php\/wp-json\/wp\/v2\/media?parent=1574"}],"wp:term":[{"taxonomy":"product_brand","embeddable":true,"href":"https:\/\/ebay.luba.de\/index.php\/wp-json\/wp\/v2\/product_brand?post=1574"},{"taxonomy":"product_cat","embeddable":true,"href":"https:\/\/ebay.luba.de\/index.php\/wp-json\/wp\/v2\/product_cat?post=1574"},{"taxonomy":"product_tag","embeddable":true,"href":"https:\/\/ebay.luba.de\/index.php\/wp-json\/wp\/v2\/product_tag?post=1574"}],"curies":[{"name":"wp","href":"https:\/\/api.w.org\/{rel}","templated":true}]}}