{"id":15707,"date":"2020-12-06T15:49:33","date_gmt":"2020-12-06T15:49:33","guid":{"rendered":"https:\/\/ebay.luba.de\/index.php\/product\/abdeckhaube-fur-eschenfelder-wandflocker\/"},"modified":"2023-06-09T10:51:05","modified_gmt":"2023-06-09T10:51:05","slug":"abdeckhaube-fur-eschenfelder-wandflocker","status":"publish","type":"product","link":"https:\/\/ebay.luba.de\/index.php\/product\/abdeckhaube-fur-eschenfelder-wandflocker\/","title":{"rendered":"Abdeckhaube f\u00fcr Eschenfelder-Wandflocker"},"content":{"rendered":"<p>Aus reinem Nesselstoff, bei Bedarf bis 60\u00b0 waschbar. Sch\u00fctzt die Korn-Quetsche und h\u00e4lt sie staubfrei. Nur f\u00fcr das Wandmodell der Eschenfelder Kornquetsche.<\/p>\n","protected":false},"excerpt":{"rendered":"<p>Aus reinem Nesselstoff, bei Bedarf bis 60\u00b0 waschbar. Sch\u00fctzt die Korn-Quetsche und h\u00e4lt sie staubfrei. Nur f\u00fcr das Wandmodell der Eschenfelder Kornquetsche.<\/p>\n","protected":false},"featured_media":15708,"comment_status":"closed","ping_status":"open","template":"","meta":[],"product_brand":[],"product_cat":[217,215],"product_tag":[],"class_list":{"0":"post-15707","1":"product","2":"type-product","3":"status-publish","4":"has-post-thumbnail","6":"product_cat-flocker","7":"product_cat-kuchengerate-handbetrieb","9":"first","10":"instock","11":"taxable","12":"shipping-taxable","13":"purchasable","14":"product-type-simple"},"_links":{"self":[{"href":"https:\/\/ebay.luba.de\/index.php\/wp-json\/wp\/v2\/product\/15707","targetHints":{"allow":["GET"]}}],"collection":[{"href":"https:\/\/ebay.luba.de\/index.php\/wp-json\/wp\/v2\/product"}],"about":[{"href":"https:\/\/ebay.luba.de\/index.php\/wp-json\/wp\/v2\/types\/product"}],"replies":[{"embeddable":true,"href":"https:\/\/ebay.luba.de\/index.php\/wp-json\/wp\/v2\/comments?post=15707"}],"wp:featuredmedia":[{"embeddable":true,"href":"https:\/\/ebay.luba.de\/index.php\/wp-json\/wp\/v2\/media\/15708"}],"wp:attachment":[{"href":"https:\/\/ebay.luba.de\/index.php\/wp-json\/wp\/v2\/media?parent=15707"}],"wp:term":[{"taxonomy":"product_brand","embeddable":true,"href":"https:\/\/ebay.luba.de\/index.php\/wp-json\/wp\/v2\/product_brand?post=15707"},{"taxonomy":"product_cat","embeddable":true,"href":"https:\/\/ebay.luba.de\/index.php\/wp-json\/wp\/v2\/product_cat?post=15707"},{"taxonomy":"product_tag","embeddable":true,"href":"https:\/\/ebay.luba.de\/index.php\/wp-json\/wp\/v2\/product_tag?post=15707"}],"curies":[{"name":"wp","href":"https:\/\/api.w.org\/{rel}","templated":true}]}}