{"id":15705,"date":"2020-12-06T15:49:33","date_gmt":"2020-12-06T15:49:33","guid":{"rendered":"https:\/\/ebay.luba.de\/index.php\/product\/eschenfelder-wand-kornquetsche-mit-alutrichter\/"},"modified":"2023-08-22T10:51:07","modified_gmt":"2023-08-22T10:51:07","slug":"eschenfelder-wand-kornquetsche-mit-alutrichter","status":"publish","type":"product","link":"https:\/\/ebay.luba.de\/index.php\/product\/eschenfelder-wand-kornquetsche-mit-alutrichter\/","title":{"rendered":"Eschenfelder Wand-Kornquetsche mit Alutrichter"},"content":{"rendered":"<p>Nur frisch gequetschte K\u00f6rner enthalten alle Vitalstoffe und bilden so die Basis f\u00fcr eine schmackhafte, gesunde und zeitgem\u00e4\u00dfe Ern\u00e4hrung.  Eschenfelder Korn-Quetsche Wandmodell mit schutzeloxiertem Aluminiumtrichter &#8211; die platzsparende Alternative &#8211; mit einem Geh\u00e4use aus massiver ged\u00e4mpfter Buche sowie Walzen und Kurbel aus nickelfreiem Edelstahl. Stufenlos einstellbare Flockenst\u00e4rke f\u00fcr Getreide wie Dinkel, Gerste, Gr\u00fcnkern oder Reis. Auch Gew\u00fcrze, \u00d6lsaaten oder Keimlinge werden bedarfsgerecht zerkleinert. Durch ihre offene Bauweise sind auch die Eschenfelder Wand-Kornquetschen besonders einfach zu reinigen. Die Glasschale ist im Lieferumfang enthalten. Auch in novia Ausf\u00fchrung erh\u00e4ltlich.<\/p>\n","protected":false},"excerpt":{"rendered":"<p>Nur frisch gequetschte K\u00f6rner enthalten alle Vitalstoffe und bilden so die Basis f\u00fcr eine schmackhafte, gesunde und zeitgem\u00e4\u00dfe Ern\u00e4hrung. Eschenfelder Korn-Quetsche Wandmodell mit schutzeloxiertem Aluminiumtrichter &#8211; die platzsparende Alternative &#8211; mit einem Geh\u00e4use aus massiver ged\u00e4mpfter Buche sowie Walzen und Kurbel aus nickelfreiem Edelstahl. Stufenlos einstellbare Flockenst\u00e4rke f\u00fcr Getreide wie Dinkel, Gerste, Gr\u00fcnkern oder Reis. [&hellip;]<\/p>\n","protected":false},"featured_media":15706,"comment_status":"closed","ping_status":"open","template":"","meta":[],"product_brand":[],"product_cat":[217,215],"product_tag":[],"class_list":{"0":"post-15705","1":"product","2":"type-product","3":"status-publish","4":"has-post-thumbnail","6":"product_cat-flocker","7":"product_cat-kuchengerate-handbetrieb","9":"first","10":"instock","11":"taxable","12":"shipping-taxable","13":"purchasable","14":"product-type-simple"},"_links":{"self":[{"href":"https:\/\/ebay.luba.de\/index.php\/wp-json\/wp\/v2\/product\/15705","targetHints":{"allow":["GET"]}}],"collection":[{"href":"https:\/\/ebay.luba.de\/index.php\/wp-json\/wp\/v2\/product"}],"about":[{"href":"https:\/\/ebay.luba.de\/index.php\/wp-json\/wp\/v2\/types\/product"}],"replies":[{"embeddable":true,"href":"https:\/\/ebay.luba.de\/index.php\/wp-json\/wp\/v2\/comments?post=15705"}],"wp:featuredmedia":[{"embeddable":true,"href":"https:\/\/ebay.luba.de\/index.php\/wp-json\/wp\/v2\/media\/15706"}],"wp:attachment":[{"href":"https:\/\/ebay.luba.de\/index.php\/wp-json\/wp\/v2\/media?parent=15705"}],"wp:term":[{"taxonomy":"product_brand","embeddable":true,"href":"https:\/\/ebay.luba.de\/index.php\/wp-json\/wp\/v2\/product_brand?post=15705"},{"taxonomy":"product_cat","embeddable":true,"href":"https:\/\/ebay.luba.de\/index.php\/wp-json\/wp\/v2\/product_cat?post=15705"},{"taxonomy":"product_tag","embeddable":true,"href":"https:\/\/ebay.luba.de\/index.php\/wp-json\/wp\/v2\/product_tag?post=15705"}],"curies":[{"name":"wp","href":"https:\/\/api.w.org\/{rel}","templated":true}]}}