{"id":15703,"date":"2020-12-06T15:49:33","date_gmt":"2020-12-06T15:49:33","guid":{"rendered":"https:\/\/ebay.luba.de\/index.php\/product\/abdeckhaube-fur-eschenfelder-tischflocker\/"},"modified":"2023-09-26T06:51:08","modified_gmt":"2023-09-26T06:51:08","slug":"abdeckhaube-fur-eschenfelder-tischflocker","status":"publish","type":"product","link":"https:\/\/ebay.luba.de\/index.php\/product\/abdeckhaube-fur-eschenfelder-tischflocker\/","title":{"rendered":"Abdeckhaube f\u00fcr Eschenfelder-Tischflocker"},"content":{"rendered":"<p>Abdeckhaube aus reinem Nesselstoff, bei Bedarf bis 60\u00b0 waschbar. Sch\u00fctzt die Korn-Quetsche und h\u00e4lt den Inhalt staubfrei. Passt auch \u00fcber andere Handflocker.<\/p>\n","protected":false},"excerpt":{"rendered":"<p>Abdeckhaube aus reinem Nesselstoff, bei Bedarf bis 60\u00b0 waschbar. Sch\u00fctzt die Korn-Quetsche und h\u00e4lt den Inhalt staubfrei. Passt auch \u00fcber andere Handflocker.<\/p>\n","protected":false},"featured_media":15704,"comment_status":"closed","ping_status":"open","template":"","meta":[],"product_brand":[],"product_cat":[217,215],"product_tag":[],"class_list":{"0":"post-15703","1":"product","2":"type-product","3":"status-publish","4":"has-post-thumbnail","6":"product_cat-flocker","7":"product_cat-kuchengerate-handbetrieb","9":"first","10":"instock","11":"taxable","12":"shipping-taxable","13":"purchasable","14":"product-type-simple"},"_links":{"self":[{"href":"https:\/\/ebay.luba.de\/index.php\/wp-json\/wp\/v2\/product\/15703","targetHints":{"allow":["GET"]}}],"collection":[{"href":"https:\/\/ebay.luba.de\/index.php\/wp-json\/wp\/v2\/product"}],"about":[{"href":"https:\/\/ebay.luba.de\/index.php\/wp-json\/wp\/v2\/types\/product"}],"replies":[{"embeddable":true,"href":"https:\/\/ebay.luba.de\/index.php\/wp-json\/wp\/v2\/comments?post=15703"}],"wp:featuredmedia":[{"embeddable":true,"href":"https:\/\/ebay.luba.de\/index.php\/wp-json\/wp\/v2\/media\/15704"}],"wp:attachment":[{"href":"https:\/\/ebay.luba.de\/index.php\/wp-json\/wp\/v2\/media?parent=15703"}],"wp:term":[{"taxonomy":"product_brand","embeddable":true,"href":"https:\/\/ebay.luba.de\/index.php\/wp-json\/wp\/v2\/product_brand?post=15703"},{"taxonomy":"product_cat","embeddable":true,"href":"https:\/\/ebay.luba.de\/index.php\/wp-json\/wp\/v2\/product_cat?post=15703"},{"taxonomy":"product_tag","embeddable":true,"href":"https:\/\/ebay.luba.de\/index.php\/wp-json\/wp\/v2\/product_tag?post=15703"}],"curies":[{"name":"wp","href":"https:\/\/api.w.org\/{rel}","templated":true}]}}