{"id":15701,"date":"2020-12-06T15:49:33","date_gmt":"2020-12-06T15:49:33","guid":{"rendered":"https:\/\/ebay.luba.de\/index.php\/product\/eschenfelder-tisch-kornquetsche-alutrichter\/"},"modified":"2023-09-26T09:51:06","modified_gmt":"2023-09-26T09:51:06","slug":"eschenfelder-tisch-kornquetsche-alutrichter","status":"publish","type":"product","link":"https:\/\/ebay.luba.de\/index.php\/product\/eschenfelder-tisch-kornquetsche-alutrichter\/","title":{"rendered":"Eschenfelder Tisch Kornquetsche  Alutrichter"},"content":{"rendered":"<p>Alle Holzteile der formsch\u00f6nen Eschenfelder Korn-Quetschen sind aus massivem heimischen Buchenholz gefertigt und werden mit biologischem Lein\u00f6lfirnis behandelt. Walzen und Sch\u00fctte bestehen aus nickelfreiem Edelstahl, der Trichter aus schutzeloxiertem Aluminium. Die einfache, solide Technik ohne Zahnr\u00e4der garantiert einen verschlei\u00dffreien Walzenbetrieb, zwei Fl\u00fcgelschrauben erm\u00f6glichen bedarfsweise eine stufenlos einstellbare Flockenst\u00e4rke. Durch die offene Bauweise sind die Korn-Quetschen besonders leicht zu reinigen. Mit der Eschenfelder Korn-Quetsche k\u00f6nnen alle Getreidesorten (au\u00dfer Mais) zu frischen, naturbelassenen Flocken f\u00fcr ein leckeres, gesundes Fr\u00fchst\u00fcck gequetscht werden. Nur so werden die wertvollen Inhaltsstoffe sanft aufgeschlossen und der Keimling bleibt (im Gegensatz zu gemahlenem Getreide) nahezu unverletzt. Auch \u00d6lsaaten, wie Sonnenblumenkerne, Sesam, Leinsamen, sogar Mohn und Gew\u00fcrze k\u00f6nnen durch die Verwendung von Edelstahlwalzen verarbeitet werden. Die Schraubzwinge ist im Lieferumfang enthalten<\/p>\n","protected":false},"excerpt":{"rendered":"<p>Alle Holzteile der formsch\u00f6nen Eschenfelder Korn-Quetschen sind aus massivem heimischen Buchenholz gefertigt und werden mit biologischem Lein\u00f6lfirnis behandelt. Walzen und Sch\u00fctte bestehen aus nickelfreiem Edelstahl, der Trichter aus schutzeloxiertem Aluminium. Die einfache, solide Technik ohne Zahnr\u00e4der garantiert einen verschlei\u00dffreien Walzenbetrieb, zwei Fl\u00fcgelschrauben erm\u00f6glichen bedarfsweise eine stufenlos einstellbare Flockenst\u00e4rke. Durch die offene Bauweise sind die Korn-Quetschen [&hellip;]<\/p>\n","protected":false},"featured_media":15702,"comment_status":"closed","ping_status":"open","template":"","meta":[],"product_brand":[],"product_cat":[217,215],"product_tag":[],"class_list":{"0":"post-15701","1":"product","2":"type-product","3":"status-publish","4":"has-post-thumbnail","6":"product_cat-flocker","7":"product_cat-kuchengerate-handbetrieb","9":"first","10":"instock","11":"taxable","12":"shipping-taxable","13":"purchasable","14":"product-type-simple"},"_links":{"self":[{"href":"https:\/\/ebay.luba.de\/index.php\/wp-json\/wp\/v2\/product\/15701","targetHints":{"allow":["GET"]}}],"collection":[{"href":"https:\/\/ebay.luba.de\/index.php\/wp-json\/wp\/v2\/product"}],"about":[{"href":"https:\/\/ebay.luba.de\/index.php\/wp-json\/wp\/v2\/types\/product"}],"replies":[{"embeddable":true,"href":"https:\/\/ebay.luba.de\/index.php\/wp-json\/wp\/v2\/comments?post=15701"}],"wp:featuredmedia":[{"embeddable":true,"href":"https:\/\/ebay.luba.de\/index.php\/wp-json\/wp\/v2\/media\/15702"}],"wp:attachment":[{"href":"https:\/\/ebay.luba.de\/index.php\/wp-json\/wp\/v2\/media?parent=15701"}],"wp:term":[{"taxonomy":"product_brand","embeddable":true,"href":"https:\/\/ebay.luba.de\/index.php\/wp-json\/wp\/v2\/product_brand?post=15701"},{"taxonomy":"product_cat","embeddable":true,"href":"https:\/\/ebay.luba.de\/index.php\/wp-json\/wp\/v2\/product_cat?post=15701"},{"taxonomy":"product_tag","embeddable":true,"href":"https:\/\/ebay.luba.de\/index.php\/wp-json\/wp\/v2\/product_tag?post=15701"}],"curies":[{"name":"wp","href":"https:\/\/api.w.org\/{rel}","templated":true}]}}