{"id":15699,"date":"2020-12-06T15:49:33","date_gmt":"2020-12-06T15:49:33","guid":{"rendered":"https:\/\/ebay.luba.de\/index.php\/product\/waldner-silence-buche-lackiert\/"},"modified":"2023-03-02T07:51:03","modified_gmt":"2023-03-02T07:51:03","slug":"waldner-silence-buche-lackiert","status":"publish","type":"product","link":"https:\/\/ebay.luba.de\/index.php\/product\/waldner-silence-buche-lackiert\/","title":{"rendered":"Waldner Silence, Buche lackiert"},"content":{"rendered":"<p>So still und schlicht. Pssst. Jetzt wird gemahlen. Und zwar ganz leise. Mit der Osttiroler Haushaltsm\u00fchle SILENCE. Dieses besonders standfeste und schlichte Mahlger\u00e4t ist ein Trumpf f\u00fcr alle Sinne und jeden Haushalt. Auch zur Verarbeitung von Speisemais ideal geeignet. Geh\u00e4use aus Buche Massivholz, Mahlleistung fein: 130 g\/min, Mahlstein: 90 mm, Trichterf\u00fcllmenge: 1200 g, Ma\u00dfe H\/T\/B: 36\/19\/19 cm, Motor 400 Watt, Gewicht: 9 kg, Garantie: 8 Jahre.<\/p>\n","protected":false},"excerpt":{"rendered":"<p>So still und schlicht. Pssst. Jetzt wird gemahlen. Und zwar ganz leise. Mit der Osttiroler Haushaltsm\u00fchle SILENCE. Dieses besonders standfeste und schlichte Mahlger\u00e4t ist ein Trumpf f\u00fcr alle Sinne und jeden Haushalt. Auch zur Verarbeitung von Speisemais ideal geeignet. Geh\u00e4use aus Buche Massivholz, Mahlleistung fein: 130 g\/min, Mahlstein: 90 mm, Trichterf\u00fcllmenge: 1200 g, Ma\u00dfe H\/T\/B: [&hellip;]<\/p>\n","protected":false},"featured_media":15700,"comment_status":"closed","ping_status":"open","template":"","meta":[],"product_brand":[],"product_cat":[223,222,202],"product_tag":[],"class_list":{"0":"post-15699","1":"product","2":"type-product","3":"status-publish","4":"has-post-thumbnail","6":"product_cat-elektrisch","7":"product_cat-getreidemuhlen-kuchengerate-elektro","8":"product_cat-kuchengerate-elektro","10":"first","11":"instock","12":"taxable","13":"shipping-taxable","14":"purchasable","15":"product-type-simple"},"_links":{"self":[{"href":"https:\/\/ebay.luba.de\/index.php\/wp-json\/wp\/v2\/product\/15699","targetHints":{"allow":["GET"]}}],"collection":[{"href":"https:\/\/ebay.luba.de\/index.php\/wp-json\/wp\/v2\/product"}],"about":[{"href":"https:\/\/ebay.luba.de\/index.php\/wp-json\/wp\/v2\/types\/product"}],"replies":[{"embeddable":true,"href":"https:\/\/ebay.luba.de\/index.php\/wp-json\/wp\/v2\/comments?post=15699"}],"wp:featuredmedia":[{"embeddable":true,"href":"https:\/\/ebay.luba.de\/index.php\/wp-json\/wp\/v2\/media\/15700"}],"wp:attachment":[{"href":"https:\/\/ebay.luba.de\/index.php\/wp-json\/wp\/v2\/media?parent=15699"}],"wp:term":[{"taxonomy":"product_brand","embeddable":true,"href":"https:\/\/ebay.luba.de\/index.php\/wp-json\/wp\/v2\/product_brand?post=15699"},{"taxonomy":"product_cat","embeddable":true,"href":"https:\/\/ebay.luba.de\/index.php\/wp-json\/wp\/v2\/product_cat?post=15699"},{"taxonomy":"product_tag","embeddable":true,"href":"https:\/\/ebay.luba.de\/index.php\/wp-json\/wp\/v2\/product_tag?post=15699"}],"curies":[{"name":"wp","href":"https:\/\/api.w.org\/{rel}","templated":true}]}}