{"id":15697,"date":"2020-12-06T15:49:33","date_gmt":"2020-12-06T15:49:33","guid":{"rendered":"https:\/\/ebay.luba.de\/index.php\/product\/waldner-lady-zirbe-lackiert\/"},"modified":"2023-05-13T10:51:09","modified_gmt":"2023-05-13T10:51:09","slug":"waldner-lady-zirbe-lackiert","status":"publish","type":"product","link":"https:\/\/ebay.luba.de\/index.php\/product\/waldner-lady-zirbe-lackiert\/","title":{"rendered":"Waldner Lady, Zirbe lackiert"},"content":{"rendered":"<p>So sch\u00f6n und stilvoll. Ein Augenschmaus f\u00fcr jede K\u00fcche: Die Osttiroler Haushaltsm\u00fchle LADY. Formsch\u00f6n, mit Stil und auf Knopfdruck kreiert sie mit ihrem 90mm-Stein feinstes Mehl \u2013 sogar aus Speisemais \u2013 und verbreitet von Mahlzeit zu Mahlzeit einen angenehmen Zirbenduft.<\/p>\n<p>Mahlleistung fein: 120 g\/min<br \/>\nMahlstein: d = 90 mm<br \/>\nTrichterf\u00fcllmene: 1000 g<br \/>\nMa\u00dfe H\/T\/B: 33 \/ 19 cm<br \/>\nMotor 400 Watt<br \/>\nGewicht: 7,5 kg<br \/>\nGarantie: 8 Jahre.<\/p>\n","protected":false},"excerpt":{"rendered":"<p>So sch\u00f6n und stilvoll. Ein Augenschmaus f\u00fcr jede K\u00fcche: Die Osttiroler Haushaltsm\u00fchle LADY. Formsch\u00f6n, mit Stil und auf Knopfdruck kreiert sie mit ihrem 90mm-Stein feinstes Mehl \u2013 sogar aus Speisemais \u2013 und verbreitet von Mahlzeit zu Mahlzeit einen angenehmen Zirbenduft. Mahlleistung fein: 120 g\/min Mahlstein: d = 90 mm Trichterf\u00fcllmene: 1000 g Ma\u00dfe H\/T\/B: 33 [&hellip;]<\/p>\n","protected":false},"featured_media":15698,"comment_status":"closed","ping_status":"open","template":"","meta":[],"product_brand":[],"product_cat":[223,222,202],"product_tag":[],"class_list":{"0":"post-15697","1":"product","2":"type-product","3":"status-publish","4":"has-post-thumbnail","6":"product_cat-elektrisch","7":"product_cat-getreidemuhlen-kuchengerate-elektro","8":"product_cat-kuchengerate-elektro","10":"first","11":"instock","12":"taxable","13":"shipping-taxable","14":"purchasable","15":"product-type-simple"},"_links":{"self":[{"href":"https:\/\/ebay.luba.de\/index.php\/wp-json\/wp\/v2\/product\/15697","targetHints":{"allow":["GET"]}}],"collection":[{"href":"https:\/\/ebay.luba.de\/index.php\/wp-json\/wp\/v2\/product"}],"about":[{"href":"https:\/\/ebay.luba.de\/index.php\/wp-json\/wp\/v2\/types\/product"}],"replies":[{"embeddable":true,"href":"https:\/\/ebay.luba.de\/index.php\/wp-json\/wp\/v2\/comments?post=15697"}],"wp:featuredmedia":[{"embeddable":true,"href":"https:\/\/ebay.luba.de\/index.php\/wp-json\/wp\/v2\/media\/15698"}],"wp:attachment":[{"href":"https:\/\/ebay.luba.de\/index.php\/wp-json\/wp\/v2\/media?parent=15697"}],"wp:term":[{"taxonomy":"product_brand","embeddable":true,"href":"https:\/\/ebay.luba.de\/index.php\/wp-json\/wp\/v2\/product_brand?post=15697"},{"taxonomy":"product_cat","embeddable":true,"href":"https:\/\/ebay.luba.de\/index.php\/wp-json\/wp\/v2\/product_cat?post=15697"},{"taxonomy":"product_tag","embeddable":true,"href":"https:\/\/ebay.luba.de\/index.php\/wp-json\/wp\/v2\/product_tag?post=15697"}],"curies":[{"name":"wp","href":"https:\/\/api.w.org\/{rel}","templated":true}]}}