{"id":15695,"date":"2020-12-06T15:49:33","date_gmt":"2020-12-06T15:49:33","guid":{"rendered":"https:\/\/ebay.luba.de\/index.php\/product\/waldner-single-erle-geolt\/"},"modified":"2023-04-11T08:51:05","modified_gmt":"2023-04-11T08:51:05","slug":"waldner-single-erle-geolt","status":"publish","type":"product","link":"https:\/\/ebay.luba.de\/index.php\/product\/waldner-single-erle-geolt\/","title":{"rendered":"Waldner Single, Erle ge\u00f6lt"},"content":{"rendered":"<p>So klein ist gro\u00dfe Leistung. In der verbl\u00fcffend kleinen Osttiroler Haushaltsm\u00fchle SINGLE steckt jede Menge Kraft. Mit ihrem 90mm Stein schafft sie einfach alles.<br \/>\nVom kuchenfeinen Vollkornmehl \u00fcber Maismehl bis hin zu grobem Schrot. Ideal f\u00fcr den Singlehaushalt.<\/p>\n<p>Geh\u00e4use Erle Massivholz<br \/>\nMahlleistung fein: 120 g\/min<br \/>\nTrichterf\u00fcllmenge: 800g<br \/>\nMa\u00dfe H\/T\/B: 29\/16 cm<br \/>\nWatt: 400<br \/>\nGewicht: 7,5 kg<br \/>\nGarantie: 8 Jahre.<\/p>\n","protected":false},"excerpt":{"rendered":"<p>So klein ist gro\u00dfe Leistung. In der verbl\u00fcffend kleinen Osttiroler Haushaltsm\u00fchle SINGLE steckt jede Menge Kraft. Mit ihrem 90mm Stein schafft sie einfach alles. Vom kuchenfeinen Vollkornmehl \u00fcber Maismehl bis hin zu grobem Schrot. Ideal f\u00fcr den Singlehaushalt. Geh\u00e4use Erle Massivholz Mahlleistung fein: 120 g\/min Trichterf\u00fcllmenge: 800g Ma\u00dfe H\/T\/B: 29\/16 cm Watt: 400 Gewicht: 7,5 [&hellip;]<\/p>\n","protected":false},"featured_media":15696,"comment_status":"closed","ping_status":"open","template":"","meta":[],"product_brand":[],"product_cat":[223,222,202],"product_tag":[],"class_list":{"0":"post-15695","1":"product","2":"type-product","3":"status-publish","4":"has-post-thumbnail","6":"product_cat-elektrisch","7":"product_cat-getreidemuhlen-kuchengerate-elektro","8":"product_cat-kuchengerate-elektro","10":"first","11":"instock","12":"taxable","13":"shipping-taxable","14":"purchasable","15":"product-type-simple"},"_links":{"self":[{"href":"https:\/\/ebay.luba.de\/index.php\/wp-json\/wp\/v2\/product\/15695","targetHints":{"allow":["GET"]}}],"collection":[{"href":"https:\/\/ebay.luba.de\/index.php\/wp-json\/wp\/v2\/product"}],"about":[{"href":"https:\/\/ebay.luba.de\/index.php\/wp-json\/wp\/v2\/types\/product"}],"replies":[{"embeddable":true,"href":"https:\/\/ebay.luba.de\/index.php\/wp-json\/wp\/v2\/comments?post=15695"}],"wp:featuredmedia":[{"embeddable":true,"href":"https:\/\/ebay.luba.de\/index.php\/wp-json\/wp\/v2\/media\/15696"}],"wp:attachment":[{"href":"https:\/\/ebay.luba.de\/index.php\/wp-json\/wp\/v2\/media?parent=15695"}],"wp:term":[{"taxonomy":"product_brand","embeddable":true,"href":"https:\/\/ebay.luba.de\/index.php\/wp-json\/wp\/v2\/product_brand?post=15695"},{"taxonomy":"product_cat","embeddable":true,"href":"https:\/\/ebay.luba.de\/index.php\/wp-json\/wp\/v2\/product_cat?post=15695"},{"taxonomy":"product_tag","embeddable":true,"href":"https:\/\/ebay.luba.de\/index.php\/wp-json\/wp\/v2\/product_tag?post=15695"}],"curies":[{"name":"wp","href":"https:\/\/api.w.org\/{rel}","templated":true}]}}