{"id":15693,"date":"2020-12-06T15:49:33","date_gmt":"2020-12-06T15:49:33","guid":{"rendered":"https:\/\/ebay.luba.de\/index.php\/product\/waldner-family-zirbe-lackiert\/"},"modified":"2023-06-13T07:51:04","modified_gmt":"2023-06-13T07:51:04","slug":"waldner-family-zirbe-lackiert","status":"publish","type":"product","link":"https:\/\/ebay.luba.de\/index.php\/product\/waldner-family-zirbe-lackiert\/","title":{"rendered":"Waldner Family, Zirbe lackiert"},"content":{"rendered":"<p>So f\u00fchlt sich Geborgenheit an. Ob volles Korn oder Frischkornm\u00fcsli. Das Meisterwerk aus Zirbenholz hei\u00dft alle Cerealien herzlich willkommen. Auch Speisemais macht diese klassische Getreidem\u00fchle sekunden-schnell zu Maismehl.<br \/>\nEin Fest f\u00fcr jede Klein- und Gro\u00dffamilie.<\/p>\n<p>Mahlleistung fein: 170g\/min<\/p>\n<p>Mahlstein: \u00d8 100 mm<\/p>\n<p>Trichterf\u00fcllmenge: 1300 g<\/p>\n<p>Ma\u00dfe H\/T\/B: 36,5\/24,5\/24,5 cm<\/p>\n<p>Motor: 400 Watt<\/p>\n<p>Gewicht: 9 kg<\/p>\n<p>Garantie: 8 Jahre.<\/p>\n","protected":false},"excerpt":{"rendered":"<p>So f\u00fchlt sich Geborgenheit an. Ob volles Korn oder Frischkornm\u00fcsli. Das Meisterwerk aus Zirbenholz hei\u00dft alle Cerealien herzlich willkommen. Auch Speisemais macht diese klassische Getreidem\u00fchle sekunden-schnell zu Maismehl. Ein Fest f\u00fcr jede Klein- und Gro\u00dffamilie. Mahlleistung fein: 170g\/min Mahlstein: \u00d8 100 mm Trichterf\u00fcllmenge: 1300 g Ma\u00dfe H\/T\/B: 36,5\/24,5\/24,5 cm Motor: 400 Watt Gewicht: 9 kg [&hellip;]<\/p>\n","protected":false},"featured_media":15694,"comment_status":"closed","ping_status":"open","template":"","meta":[],"product_brand":[],"product_cat":[223,222,202],"product_tag":[],"class_list":{"0":"post-15693","1":"product","2":"type-product","3":"status-publish","4":"has-post-thumbnail","6":"product_cat-elektrisch","7":"product_cat-getreidemuhlen-kuchengerate-elektro","8":"product_cat-kuchengerate-elektro","10":"first","11":"instock","12":"taxable","13":"shipping-taxable","14":"purchasable","15":"product-type-simple"},"_links":{"self":[{"href":"https:\/\/ebay.luba.de\/index.php\/wp-json\/wp\/v2\/product\/15693","targetHints":{"allow":["GET"]}}],"collection":[{"href":"https:\/\/ebay.luba.de\/index.php\/wp-json\/wp\/v2\/product"}],"about":[{"href":"https:\/\/ebay.luba.de\/index.php\/wp-json\/wp\/v2\/types\/product"}],"replies":[{"embeddable":true,"href":"https:\/\/ebay.luba.de\/index.php\/wp-json\/wp\/v2\/comments?post=15693"}],"wp:featuredmedia":[{"embeddable":true,"href":"https:\/\/ebay.luba.de\/index.php\/wp-json\/wp\/v2\/media\/15694"}],"wp:attachment":[{"href":"https:\/\/ebay.luba.de\/index.php\/wp-json\/wp\/v2\/media?parent=15693"}],"wp:term":[{"taxonomy":"product_brand","embeddable":true,"href":"https:\/\/ebay.luba.de\/index.php\/wp-json\/wp\/v2\/product_brand?post=15693"},{"taxonomy":"product_cat","embeddable":true,"href":"https:\/\/ebay.luba.de\/index.php\/wp-json\/wp\/v2\/product_cat?post=15693"},{"taxonomy":"product_tag","embeddable":true,"href":"https:\/\/ebay.luba.de\/index.php\/wp-json\/wp\/v2\/product_tag?post=15693"}],"curies":[{"name":"wp","href":"https:\/\/api.w.org\/{rel}","templated":true}]}}