{"id":15691,"date":"2020-12-06T15:49:33","date_gmt":"2020-12-06T15:49:33","guid":{"rendered":"https:\/\/ebay.luba.de\/index.php\/product\/waldner-combi-star-flocken-und-mahlen\/"},"modified":"2020-12-06T15:49:42","modified_gmt":"2020-12-06T15:49:42","slug":"waldner-combi-star-flocken-und-mahlen","status":"publish","type":"product","link":"https:\/\/ebay.luba.de\/index.php\/product\/waldner-combi-star-flocken-und-mahlen\/","title":{"rendered":"Waldner Combi-Star &#8211; Flocken und Mahlen"},"content":{"rendered":"<p>So zahlt sich mahlen doppelt aus. Getreide mahlen oder Getreide flocken? Beides! COMBI STAR aus Zirbenholz vereint zwei Ger\u00e4te in einem. Einfach auf Knopfdruck. Der gro\u00dfe K\u00fcchenstar im Kleinformat. Auch zum Mais-Mahlen geeignet. Technische Daten Getreidem\u00fchle: Mahlleistung fein: 130 g\/min, Mahlstein: 90 mm, Trichterf\u00fcllmenge:  1000 g, Ma\u00dfe H\/T\/B: 33\/18\/28 cm, Motor 360 Watt, Gewicht: 10 kg. Technische Daten Flockenquetsche: Quetschleistung: 80 g\/min, Quetschwerk: 2 Edelstahlwalzen abwaschbar, Trichterf\u00fcllmenge: 120 g, Motor: 240 Watt, Garantie M\u00fchle und Flocker: 8 Jahre. Testsieger im Haus &#038; Garten Test 06\/2013, 1. Testsieger sehr gut (1,4) Im Test: 3 Kombim\u00fchlen Qualit\u00e4tsurteil: 1 sehr gut, 2 gut<\/p>\n","protected":false},"excerpt":{"rendered":"<p>So zahlt sich mahlen doppelt aus. Getreide mahlen oder Getreide flocken? Beides! COMBI STAR aus Zirbenholz vereint zwei Ger\u00e4te in einem. Einfach auf Knopfdruck. Der gro\u00dfe K\u00fcchenstar im Kleinformat. Auch zum Mais-Mahlen geeignet. Technische Daten Getreidem\u00fchle: Mahlleistung fein: 130 g\/min, Mahlstein: 90 mm, Trichterf\u00fcllmenge: 1000 g, Ma\u00dfe H\/T\/B: 33\/18\/28 cm, Motor 360 Watt, Gewicht: 10 [&hellip;]<\/p>\n","protected":false},"featured_media":15692,"comment_status":"closed","ping_status":"open","template":"","meta":[],"product_brand":[],"product_cat":[223,222,202],"product_tag":[],"class_list":{"0":"post-15691","1":"product","2":"type-product","3":"status-publish","4":"has-post-thumbnail","6":"product_cat-elektrisch","7":"product_cat-getreidemuhlen-kuchengerate-elektro","8":"product_cat-kuchengerate-elektro","10":"first","11":"outofstock","12":"taxable","13":"shipping-taxable","14":"purchasable","15":"product-type-simple"},"_links":{"self":[{"href":"https:\/\/ebay.luba.de\/index.php\/wp-json\/wp\/v2\/product\/15691","targetHints":{"allow":["GET"]}}],"collection":[{"href":"https:\/\/ebay.luba.de\/index.php\/wp-json\/wp\/v2\/product"}],"about":[{"href":"https:\/\/ebay.luba.de\/index.php\/wp-json\/wp\/v2\/types\/product"}],"replies":[{"embeddable":true,"href":"https:\/\/ebay.luba.de\/index.php\/wp-json\/wp\/v2\/comments?post=15691"}],"wp:featuredmedia":[{"embeddable":true,"href":"https:\/\/ebay.luba.de\/index.php\/wp-json\/wp\/v2\/media\/15692"}],"wp:attachment":[{"href":"https:\/\/ebay.luba.de\/index.php\/wp-json\/wp\/v2\/media?parent=15691"}],"wp:term":[{"taxonomy":"product_brand","embeddable":true,"href":"https:\/\/ebay.luba.de\/index.php\/wp-json\/wp\/v2\/product_brand?post=15691"},{"taxonomy":"product_cat","embeddable":true,"href":"https:\/\/ebay.luba.de\/index.php\/wp-json\/wp\/v2\/product_cat?post=15691"},{"taxonomy":"product_tag","embeddable":true,"href":"https:\/\/ebay.luba.de\/index.php\/wp-json\/wp\/v2\/product_tag?post=15691"}],"curies":[{"name":"wp","href":"https:\/\/api.w.org\/{rel}","templated":true}]}}